{"id":6474,"date":"2017-12-25T23:23:58","date_gmt":"2017-12-25T22:23:58","guid":{"rendered":"https:\/\/balkon.art\/home\/?page_id=6474"},"modified":"2026-02-18T21:26:19","modified_gmt":"2026-02-18T20:26:19","slug":"impresszum","status":"publish","type":"page","link":"https:\/\/balkon.art\/home\/impresszum\/","title":{"rendered":"Impresszum"},"content":{"rendered":"[vc_row type=&#8221;full_width_background&#8221; full_screen_row_position=&#8221;middle&#8221; column_margin=&#8221;default&#8221; column_direction=&#8221;default&#8221; column_direction_tablet=&#8221;default&#8221; column_direction_phone=&#8221;default&#8221; scene_position=&#8221;center&#8221; top_padding=&#8221;108&#8243; top_padding_tablet=&#8221;52&#8243; top_padding_phone=&#8221;32&#8243; text_color=&#8221;dark&#8221; text_align=&#8221;left&#8221; row_border_radius=&#8221;none&#8221; row_border_radius_applies=&#8221;bg&#8221; row_position_desktop=&#8221;default&#8221; row_position_tablet=&#8221;inherit&#8221; row_position_phone=&#8221;inherit&#8221; overflow=&#8221;visible&#8221; color_overlay=&#8221;rgba(249,249,249,0.62)&#8221; overlay_strength=&#8221;0.3&#8243; gradient_direction=&#8221;left_to_right&#8221; shape_divider_position=&#8221;bottom&#8221; bg_image_animation=&#8221;none&#8221; shape_type=&#8221;&#8221; gradient_type=&#8221;default&#8221;][vc_column column_padding=&#8221;no-extra-padding&#8221; column_padding_tablet=&#8221;inherit&#8221; column_padding_phone=&#8221;inherit&#8221; column_padding_position=&#8221;all&#8221; flex_gap_desktop=&#8221;10px&#8221; column_element_direction_desktop=&#8221;default&#8221; column_element_spacing=&#8221;default&#8221; desktop_text_alignment=&#8221;default&#8221; tablet_text_alignment=&#8221;default&#8221; phone_text_alignment=&#8221;default&#8221; background_color_opacity=&#8221;1&#8243; background_hover_color_opacity=&#8221;1&#8243; column_backdrop_filter=&#8221;none&#8221; column_shadow=&#8221;none&#8221; column_border_radius=&#8221;none&#8221; column_link_target=&#8221;_self&#8221; column_position=&#8221;default&#8221; gradient_direction=&#8221;left_to_right&#8221; overlay_strength=&#8221;0.3&#8243; width=&#8221;1\/3&#8243; tablet_width_inherit=&#8221;default&#8221; animation_type=&#8221;default&#8221; bg_image_animation=&#8221;none&#8221; border_type=&#8221;simple&#8221; column_border_width=&#8221;none&#8221; column_border_style=&#8221;solid&#8221;][vc_column_text css=&#8221;&#8221; text_direction=&#8221;default&#8221;]\n<h5>Alap\u00edt\u00f3 f\u0151szerkeszt\u0151:<\/h5>\n<p style=\"padding-bottom: 0px;\">HAJDU Istv\u00e1n<\/p>\n<h5>1993\u20132025<\/h5>\n[\/vc_column_text][divider line_type=&#8221;No Line&#8221; custom_height=&#8221;30&#8243;][vc_column_text css=&#8221;&#8221; text_direction=&#8221;default&#8221;]\n<h5>F\u0151szerkeszt\u0151:<\/h5>\n<p style=\"padding-bottom: 0px;\">SZ\u00c1ZADOS L\u00e1szl\u00f3<\/p>\n<p class=\"kepalir-1l\"><a href=\"mailto:szazadoslaszlo@gmail.com\" target=\"_blank\" rel=\"noopener noreferrer\">e-mail<\/a><\/p>\n[\/vc_column_text][divider line_type=&#8221;No Line&#8221; custom_height=&#8221;30&#8243;][vc_column_text css=&#8221;&#8221; text_direction=&#8221;default&#8221;]\n<h5>Szerkeszt\u0151:<\/h5>\n<p style=\"padding-bottom: 0px;\">HERMANN Veronika<\/p>\n<p class=\"kepalir-1l\"><a href=\"mailto:hermann.veronika@gmail.com\" target=\"_blank\" rel=\"noopener noreferrer\">e-mail<\/a><\/p>\n[\/vc_column_text][divider line_type=&#8221;No Line&#8221; custom_height=&#8221;30&#8243;][vc_column_text]\n<h5>Lapterv:<\/h5>\n<p style=\"padding-bottom: 0px;\">ELN Ferenc<\/p>\n<p class=\"kepalir-1l\"><a href=\"mailto:mail@elnferenc.net\" target=\"_blank\" rel=\"noopener noreferrer\">e-mail<\/a><br \/>\n<a href=\"http:\/\/elnferenc.net\" target=\"_blank\" rel=\"noopener noreferrer\">elnferenc.net<\/a>[\/vc_column_text][divider line_type=&#8221;No Line&#8221; custom_height=&#8221;30&#8243;][divider line_type=&#8221;No Line&#8221; custom_height=&#8221;40&#8243;][\/vc_column][vc_column column_padding=&#8221;no-extra-padding&#8221; column_padding_tablet=&#8221;inherit&#8221; column_padding_phone=&#8221;inherit&#8221; column_padding_position=&#8221;all&#8221; flex_gap_desktop=&#8221;10px&#8221; column_element_direction_desktop=&#8221;default&#8221; column_element_spacing=&#8221;default&#8221; desktop_text_alignment=&#8221;default&#8221; tablet_text_alignment=&#8221;default&#8221; phone_text_alignment=&#8221;default&#8221; background_color_opacity=&#8221;1&#8243; background_hover_color_opacity=&#8221;1&#8243; column_backdrop_filter=&#8221;none&#8221; column_shadow=&#8221;none&#8221; column_border_radius=&#8221;none&#8221; column_link_target=&#8221;_self&#8221; column_position=&#8221;default&#8221; el_class=&#8221;box-l20&#8243; gradient_direction=&#8221;left_to_right&#8221; overlay_strength=&#8221;0.3&#8243; width=&#8221;1\/3&#8243; tablet_width_inherit=&#8221;default&#8221; animation_type=&#8221;default&#8221; bg_image_animation=&#8221;none&#8221; border_type=&#8221;simple&#8221; column_border_width=&#8221;none&#8221; column_border_style=&#8221;solid&#8221;][vc_column_text]\n<h5>Print:<\/h5>\n<p class=\"kepalir-1l\">HU ISSN 1216-8890<br \/>\nLev\u00e9lc\u00edm: Balkon, K\u00e1llai Ern\u0151 M\u0171v\u00e9szeti Alap\u00edtv\u00e1ny<br \/>\n1024 Budapest, F\u00e9ny u. 2.<br \/>\n<a href=\"mailto:balkon@c3.hu\" target=\"_blank\" rel=\"noopener noreferrer\">e-mail<\/a>[\/vc_column_text][divider line_type=&#8221;No Line&#8221; custom_height=&#8221;30&#8243;][vc_column_text]\n<h5>Felel\u0151s kiad\u00f3:<\/h5>\n<p style=\"padding-bottom: 0px;\">HERMANN P\u00e9ter<\/p>\n<p class=\"kepalir-1l\">Kiadja \u00e9s terjeszti a Poligr\u00e1f K\u00f6nyvkiad\u00f3<br \/>\n2120 Dunakeszi, Keszthelyi Istv\u00e1n u. 5\/a.<br \/>\nTelefon \/ Fax: +36 27 347 825<br \/>\n<a href=\"mailto:poligraf@invitel.hu\" target=\"_blank\" rel=\"noopener noreferrer\">e-mail<\/a>[\/vc_column_text][divider line_type=&#8221;No Line&#8221; custom_height=&#8221;30&#8243;][vc_column_text]\n<p class=\"kepalir-1l\">Terjeszt\u00e9s: \u00c1rus\u00edt\u00e1sban terjeszti a Lapker Rt. \u00e9s alternat\u00edv terjeszt\u0151k. El\u0151fizet\u00e9sben terjeszti a Magyar Posta Rt. \u00dczleti \u00e9s Logisztikai K\u00f6zpont (\u00dcLK). El\u0151fizethet\u0151 Budapesten az \u00dcLK ker\u00fcleti \u00fcgyf\u00e9lszolg\u00e1lati irod\u00e1in\u00e1l, a h\u00edrlapk\u00e9zbes\u00edt\u0151kn\u00e9l, a H\u00edrlap-el\u0151fizet\u00e9si Irod\u00e1ban (HELIR): Budapest VIII., Orczy t\u00e9r 1. | Lev\u00e9lc\u00edm: HELIR 1900 Budapest<\/p>\n[\/vc_column_text][divider line_type=&#8221;No Line&#8221; custom_height=&#8221;30&#8243;][vc_column_text]\n<p class=\"kepalir-1l\">El\u0151fizet\u00e9si d\u00edj: egy \u00e9vre: 7.080 Ft<br \/>\nf\u00e9l \u00e9vre: 3.540 Ft \u2022 negyed \u00e9vre: 1.770 Ft<br \/>\n\u00c1rus\u00edt\u00e1si \u00e1r: szimpla sz\u00e1m: 880 Ft \u2022 dupla sz\u00e1m: 1.080 Ft[\/vc_column_text][divider line_type=&#8221;No Line&#8221; custom_height=&#8221;30&#8243;][vc_column_text css=&#8221;.vc_custom_1514999222006{margin-bottom: 50px !important;}&#8221;]\n<p class=\"kepalir-1l\">K\u00e9sz\u00fcl az EPC Nyomd\u00e1ban Buda\u00f6rs\u00f6n<br \/>\n<a href=\"http:\/\/epcnyomda.hu\" target=\"_blank\" rel=\"noopener noreferrer\">epcnyomda.hu<\/a><\/p>\n<h5>Felel\u0151s vezet\u0151:<\/h5>\n<p style=\"padding-bottom: 0px;\">M\u00c9SZ\u00c1ROS L\u00e1szl\u00f3<\/p>\n[\/vc_column_text][divider line_type=&#8221;Full Width Line&#8221; line_thickness=&#8221;1&#8243; divider_color=&#8221;default&#8221; custom_height=&#8221;40&#8243;][vc_column_text]\n<h5>T\u00e1mogat\u00f3:<\/h5>\n[\/vc_column_text][divider line_type=&#8221;No Line&#8221; custom_height=&#8221;20&#8243;][image_with_animation image_url=&#8221;6510&#8243; image_size=&#8221;full&#8221; max_width=&#8221;100%&#8221; max_width_mobile=&#8221;default&#8221; animation_type=&#8221;entrance&#8221; animation=&#8221;Fade In&#8221; animation_easing=&#8221;default&#8221; animation_movement_type=&#8221;transform_y&#8221; hover_animation=&#8221;none&#8221; alignment=&#8221;&#8221; img_link_target=&#8221;_blank&#8221; border_radius=&#8221;none&#8221; box_shadow=&#8221;none&#8221; image_loading=&#8221;default&#8221; el_class=&#8221;logo-1&#8243; img_link=&#8221;http:\/\/www.kormany.hu\/hu\/emberi-eroforrasok-miniszteriuma&#8221;][divider line_type=&#8221;No Line&#8221; custom_height=&#8221;20&#8243;][image_with_animation image_url=&#8221;31436&#8243; image_size=&#8221;full&#8221; max_width=&#8221;100%&#8221; max_width_mobile=&#8221;default&#8221; animation_type=&#8221;entrance&#8221; animation=&#8221;Fade In&#8221; animation_easing=&#8221;default&#8221; animation_movement_type=&#8221;transform_y&#8221; hover_animation=&#8221;none&#8221; alignment=&#8221;&#8221; img_link_target=&#8221;_blank&#8221; border_radius=&#8221;none&#8221; box_shadow=&#8221;none&#8221; image_loading=&#8221;default&#8221; el_class=&#8221;logo-2&#8243; img_link=&#8221;http:\/\/www.nka.hu&#8221;][vc_column_text css=&#8221;&#8221; text_direction=&#8221;default&#8221;]\n<p class=\"kepalir-1l\">1993\u20132025 k\u00f6z\u00f6tt<\/p>\n[\/vc_column_text][vc_column_text css=&#8221;&#8221; text_direction=&#8221;default&#8221;]<div class=\"skillbar\" data-percent=\"72%\"><div class=\"skillbar-bar\" style=\"background: #f6653c;\"><\/div><div class=\"skillbar-percent\">72%<\/div><\/div>[\/vc_column_text][divider line_type=&#8221;No Line&#8221; custom_height=&#8221;32&#8243;][\/vc_column][vc_column column_padding=&#8221;no-extra-padding&#8221; column_padding_tablet=&#8221;inherit&#8221; column_padding_phone=&#8221;inherit&#8221; column_padding_position=&#8221;all&#8221; flex_gap_desktop=&#8221;10px&#8221; column_element_direction_desktop=&#8221;default&#8221; column_element_spacing=&#8221;default&#8221; desktop_text_alignment=&#8221;default&#8221; tablet_text_alignment=&#8221;default&#8221; phone_text_alignment=&#8221;default&#8221; background_color_opacity=&#8221;1&#8243; background_hover_color_opacity=&#8221;1&#8243; column_backdrop_filter=&#8221;none&#8221; column_shadow=&#8221;none&#8221; column_border_radius=&#8221;none&#8221; column_link_target=&#8221;_self&#8221; column_position=&#8221;default&#8221; el_class=&#8221;box-l20&#8243; gradient_direction=&#8221;left_to_right&#8221; overlay_strength=&#8221;0.3&#8243; width=&#8221;1\/3&#8243; tablet_width_inherit=&#8221;default&#8221; animation_type=&#8221;default&#8221; bg_image_animation=&#8221;none&#8221; border_type=&#8221;simple&#8221; column_border_width=&#8221;none&#8221; column_border_style=&#8221;solid&#8221;][vc_column_text]\n<h5>Web:<\/h5>\n<p class=\"kepalir-1l\"><a href=\"mailto:info@balkon.art\" target=\"_blank\" rel=\"noopener noreferrer\">e-mail<\/a><\/p>\n[\/vc_column_text][divider line_type=&#8221;No Line&#8221; custom_height=&#8221;30&#8243;][vc_column_text]\n<h5>Domain:<\/h5>\n<p class=\"kepalir-1l\">ART<br \/>\n<a href=\"https:\/\/art.art\" target=\"_blank\" rel=\"noopener noreferrer\">art.art<\/a>[\/vc_column_text][divider line_type=&#8221;No Line&#8221; custom_height=&#8221;30&#8243;][vc_column_text css=&#8221;.vc_custom_1515002554308{margin-bottom: 50px !important;}&#8221;]\n<h5>Webszerkeszt\u00e9s:<\/h5>\n<p style=\"padding-bottom: 0px;\">ELN Ferenc<\/p>\n<p class=\"kepalir-1l\"><a href=\"mailto:mail@elnferenc.net\" target=\"_blank\" rel=\"noopener noreferrer\">e-mail<\/a><br \/>\n<a href=\"http:\/\/elnferenc.com\" target=\"_blank\" rel=\"noopener noreferrer\">elnferenc.com<\/a>[\/vc_column_text][divider line_type=&#8221;Full Width Line&#8221; line_thickness=&#8221;1&#8243; divider_color=&#8221;default&#8221; custom_height=&#8221;40&#8243;][vc_column_text]\n<h5>T\u00e1mogat\u00f3:<\/h5>\n[\/vc_column_text][divider line_type=&#8221;No Line&#8221; custom_height=&#8221;20&#8243;][image_with_animation image_url=&#8221;6510&#8243; image_size=&#8221;full&#8221; max_width=&#8221;100%&#8221; max_width_mobile=&#8221;default&#8221; animation_type=&#8221;entrance&#8221; animation=&#8221;Fade In&#8221; animation_easing=&#8221;default&#8221; animation_movement_type=&#8221;transform_y&#8221; hover_animation=&#8221;none&#8221; alignment=&#8221;&#8221; img_link_target=&#8221;_blank&#8221; border_radius=&#8221;none&#8221; box_shadow=&#8221;none&#8221; image_loading=&#8221;default&#8221; el_class=&#8221;logo-1&#8243; img_link=&#8221;http:\/\/www.kormany.hu\/hu\/emberi-eroforrasok-miniszteriuma&#8221;][divider line_type=&#8221;No Line&#8221; custom_height=&#8221;20&#8243;][image_with_animation image_url=&#8221;31436&#8243; image_size=&#8221;full&#8221; max_width=&#8221;100%&#8221; max_width_mobile=&#8221;default&#8221; animation_type=&#8221;entrance&#8221; animation=&#8221;Fade In&#8221; animation_easing=&#8221;default&#8221; animation_movement_type=&#8221;transform_y&#8221; hover_animation=&#8221;none&#8221; alignment=&#8221;&#8221; img_link_target=&#8221;_blank&#8221; border_radius=&#8221;none&#8221; box_shadow=&#8221;none&#8221; image_loading=&#8221;default&#8221; el_class=&#8221;logo-2&#8243; img_link=&#8221;http:\/\/www.nka.hu&#8221;][vc_column_text]\n<p class=\"kepalir-1l\">2017-ben<\/p>\n[\/vc_column_text][vc_column_text]<div class=\"skillbar\" data-percent=\"11%\"><div class=\"skillbar-bar\" style=\"background: #3e5cf2;\"><\/div><div class=\"skillbar-percent\">11%<\/div><\/div>[\/vc_column_text][vc_column_text]\n<p class=\"kepalir-1l\">2018-ban<\/p>\n[\/vc_column_text][vc_column_text]<div class=\"skillbar\" data-percent=\"28%\"><div class=\"skillbar-bar\" style=\"background: #3e5cf2;\"><\/div><div class=\"skillbar-percent\">28%<\/div><\/div>[\/vc_column_text][vc_column_text]\n<p class=\"kepalir-1l\">2019-ben<\/p>\n[\/vc_column_text][vc_column_text]<div class=\"skillbar\" data-percent=\"30%\"><div class=\"skillbar-bar\" style=\"background: #3e5cf2;\"><\/div><div class=\"skillbar-percent\">30%<\/div><\/div>[\/vc_column_text][vc_column_text]\n<p class=\"kepalir-1l\">2020-ban<\/p>\n[\/vc_column_text][vc_column_text]<div class=\"skillbar\" data-percent=\"28%\"><div class=\"skillbar-bar\" style=\"background: #3e5cf2;\"><\/div><div class=\"skillbar-percent\">28%<\/div><\/div>[\/vc_column_text][vc_column_text]\n<p class=\"kepalir-1l\">2021-ben<\/p>\n[\/vc_column_text][vc_column_text]<div class=\"skillbar\" data-percent=\"35%\"><div class=\"skillbar-bar\" style=\"background: #3e5cf2;\"><\/div><div class=\"skillbar-percent\">35%<\/div><\/div>[\/vc_column_text][vc_column_text]\n<p class=\"kepalir-1l\">2022-ben<\/p>\n[\/vc_column_text][vc_column_text]<div class=\"skillbar\" data-percent=\"10%\"><div class=\"skillbar-bar\" style=\"background: #3e5cf2;\"><\/div><div class=\"skillbar-percent\">10%<\/div><\/div>[\/vc_column_text][vc_column_text]\n<p class=\"kepalir-1l\">2023-ban<\/p>\n[\/vc_column_text][vc_column_text]<div class=\"skillbar\" data-percent=\"0%\"><div class=\"skillbar-bar\" style=\"background: #3e5cf2;\"><\/div><div class=\"skillbar-percent\">0%<\/div><\/div>[\/vc_column_text][vc_column_text css=&#8221;&#8221; text_direction=&#8221;default&#8221;]\n<p class=\"kepalir-1l\">2024-ben<\/p>\n[\/vc_column_text][vc_column_text css=&#8221;&#8221; text_direction=&#8221;default&#8221;]<div class=\"skillbar\" data-percent=\"6%\"><div class=\"skillbar-bar\" style=\"background: #3e5cf2;\"><\/div><div class=\"skillbar-percent\">6%<\/div><\/div>[\/vc_column_text][vc_column_text css=&#8221;&#8221; text_direction=&#8221;default&#8221;]\n<p class=\"kepalir-1l\">2025-ben<\/p>\n[\/vc_column_text][vc_column_text css=&#8221;&#8221; text_direction=&#8221;default&#8221;]<div class=\"skillbar\" data-percent=\"0%\"><div class=\"skillbar-bar\" style=\"background: #3e5cf2;\"><\/div><div class=\"skillbar-percent\">0%<\/div><\/div>[\/vc_column_text][divider line_type=&#8221;No Line&#8221; custom_height=&#8221;32&#8243;][\/vc_column][\/vc_row][vc_row type=&#8221;in_container&#8221; full_screen_row_position=&#8221;middle&#8221; column_margin=&#8221;default&#8221; column_direction=&#8221;default&#8221; column_direction_tablet=&#8221;default&#8221; column_direction_phone=&#8221;default&#8221; scene_position=&#8221;center&#8221; text_color=&#8221;dark&#8221; text_align=&#8221;left&#8221; row_border_radius=&#8221;none&#8221; row_border_radius_applies=&#8221;bg&#8221; row_position_desktop=&#8221;default&#8221; row_position_tablet=&#8221;inherit&#8221; row_position_phone=&#8221;inherit&#8221; overflow=&#8221;visible&#8221; overlay_strength=&#8221;0.3&#8243; gradient_direction=&#8221;left_to_right&#8221; shape_divider_position=&#8221;bottom&#8221; bg_image_animation=&#8221;none&#8221;][vc_column column_padding=&#8221;no-extra-padding&#8221; column_padding_tablet=&#8221;inherit&#8221; column_padding_phone=&#8221;inherit&#8221; column_padding_position=&#8221;all&#8221; flex_gap_desktop=&#8221;10px&#8221; column_element_direction_desktop=&#8221;default&#8221; column_element_spacing=&#8221;default&#8221; desktop_text_alignment=&#8221;default&#8221; tablet_text_alignment=&#8221;default&#8221; phone_text_alignment=&#8221;default&#8221; background_color_opacity=&#8221;1&#8243; background_hover_color_opacity=&#8221;1&#8243; column_backdrop_filter=&#8221;none&#8221; column_shadow=&#8221;none&#8221; column_border_radius=&#8221;none&#8221; column_link_target=&#8221;_self&#8221; column_position=&#8221;default&#8221; gradient_direction=&#8221;left_to_right&#8221; overlay_strength=&#8221;0.3&#8243; width=&#8221;1\/1&#8243; tablet_width_inherit=&#8221;default&#8221; animation_type=&#8221;default&#8221; bg_image_animation=&#8221;none&#8221; border_type=&#8221;simple&#8221; column_border_width=&#8221;none&#8221; column_border_style=&#8221;solid&#8221;][divider line_type=&#8221;No Line&#8221; custom_height=&#8221;120&#8243;][\/vc_column][\/vc_row]\n","protected":false},"excerpt":{"rendered":"<p>[vc_row type=&#8221;full_width_background&#8221; full_screen_row_position=&#8221;middle&#8221; column_margin=&#8221;default&#8221; column_direction=&#8221;default&#8221; column_direction_tablet=&#8221;default&#8221; column_direction_phone=&#8221;default&#8221; scene_position=&#8221;center&#8221; top_padding=&#8221;108&#8243; top_padding_tablet=&#8221;52&#8243; top_padding_phone=&#8221;32&#8243; text_color=&#8221;dark&#8221; text_align=&#8221;left&#8221; row_border_radius=&#8221;none&#8221; row_border_radius_applies=&#8221;bg&#8221; row_position_desktop=&#8221;default&#8221; row_position_tablet=&#8221;inherit&#8221; row_position_phone=&#8221;inherit&#8221; overflow=&#8221;visible&#8221; color_overlay=&#8221;rgba(249,249,249,0.62)&#8221; overlay_strength=&#8221;0.3&#8243; gradient_direction=&#8221;left_to_right&#8221; shape_divider_position=&#8221;bottom&#8221; bg_image_animation=&#8221;none&#8221; shape_type=&#8221;&#8221; gradient_type=&#8221;default&#8221;][vc_column column_padding=&#8221;no-extra-padding&#8221; column_padding_tablet=&#8221;inherit&#8221; column_padding_phone=&#8221;inherit&#8221; column_padding_position=&#8221;all&#8221;&#8230;<\/p>\n","protected":false},"author":1,"featured_media":22516,"parent":0,"menu_order":164,"comment_status":"closed","ping_status":"closed","template":"","meta":{"_acf_changed":false,"h5ap_radio_sources":[],"footnotes":""},"page_kiemeles":[],"page_online-evek":[],"class_list":["post-6474","page","type-page","status-publish","has-post-thumbnail"],"acf":[],"_links":{"self":[{"href":"https:\/\/balkon.art\/home\/wp-json\/wp\/v2\/pages\/6474","targetHints":{"allow":["GET"]}}],"collection":[{"href":"https:\/\/balkon.art\/home\/wp-json\/wp\/v2\/pages"}],"about":[{"href":"https:\/\/balkon.art\/home\/wp-json\/wp\/v2\/types\/page"}],"author":[{"embeddable":true,"href":"https:\/\/balkon.art\/home\/wp-json\/wp\/v2\/users\/1"}],"replies":[{"embeddable":true,"href":"https:\/\/balkon.art\/home\/wp-json\/wp\/v2\/comments?post=6474"}],"version-history":[{"count":8,"href":"https:\/\/balkon.art\/home\/wp-json\/wp\/v2\/pages\/6474\/revisions"}],"predecessor-version":[{"id":36174,"href":"https:\/\/balkon.art\/home\/wp-json\/wp\/v2\/pages\/6474\/revisions\/36174"}],"wp:featuredmedia":[{"embeddable":true,"href":"https:\/\/balkon.art\/home\/wp-json\/wp\/v2\/media\/22516"}],"wp:attachment":[{"href":"https:\/\/balkon.art\/home\/wp-json\/wp\/v2\/media?parent=6474"}],"wp:term":[{"taxonomy":"page_kiemeles","embeddable":true,"href":"https:\/\/balkon.art\/home\/wp-json\/wp\/v2\/page_kiemeles?post=6474"},{"taxonomy":"page_online-evek","embeddable":true,"href":"https:\/\/balkon.art\/home\/wp-json\/wp\/v2\/page_online-evek?post=6474"}],"curies":[{"name":"wp","href":"https:\/\/api.w.org\/{rel}","templated":true}]}}