{"id":35901,"date":"2025-12-21T21:08:42","date_gmt":"2025-12-21T20:08:42","guid":{"rendered":"https:\/\/balkon.art\/home\/?page_id=35901"},"modified":"2026-04-29T20:40:10","modified_gmt":"2026-04-29T18:40:10","slug":"online-2025","status":"publish","type":"page","link":"https:\/\/balkon.art\/home\/online-2025\/","title":{"rendered":"2025"},"content":{"rendered":"[vc_row type=&#8221;in_container&#8221; full_screen_row_position=&#8221;middle&#8221; column_margin=&#8221;default&#8221; column_direction=&#8221;default&#8221; column_direction_tablet=&#8221;default&#8221; column_direction_phone=&#8221;default&#8221; scene_position=&#8221;center&#8221; text_color=&#8221;dark&#8221; text_align=&#8221;left&#8221; row_border_radius=&#8221;none&#8221; row_border_radius_applies=&#8221;bg&#8221; row_position_desktop=&#8221;default&#8221; row_position_tablet=&#8221;inherit&#8221; row_position_phone=&#8221;inherit&#8221; overflow=&#8221;visible&#8221; class=&#8221;p-4-0&#8243; overlay_strength=&#8221;0.3&#8243; gradient_direction=&#8221;left_to_right&#8221; shape_divider_position=&#8221;bottom&#8221; bg_image_animation=&#8221;none&#8221; gradient_type=&#8221;default&#8221; shape_type=&#8221;&#8221;][vc_column column_padding=&#8221;no-extra-padding&#8221; column_padding_tablet=&#8221;inherit&#8221; column_padding_phone=&#8221;inherit&#8221; column_padding_position=&#8221;all&#8221; column_element_direction_desktop=&#8221;default&#8221; column_element_spacing=&#8221;default&#8221; desktop_text_alignment=&#8221;default&#8221; tablet_text_alignment=&#8221;default&#8221; phone_text_alignment=&#8221;default&#8221; background_color_opacity=&#8221;1&#8243; background_hover_color_opacity=&#8221;1&#8243; column_backdrop_filter=&#8221;none&#8221; column_shadow=&#8221;none&#8221; column_border_radius=&#8221;none&#8221; column_link_target=&#8221;_self&#8221; column_position=&#8221;default&#8221; gradient_direction=&#8221;left_to_right&#8221; overlay_strength=&#8221;0.3&#8243; width=&#8221;1\/1&#8243; tablet_width_inherit=&#8221;default&#8221; animation_type=&#8221;default&#8221; bg_image_animation=&#8221;none&#8221; border_type=&#8221;simple&#8221; column_border_width=&#8221;none&#8221; column_border_style=&#8221;solid&#8221; column_padding_type=&#8221;default&#8221; content_layout=&#8221;default&#8221; gradient_type=&#8221;default&#8221;][vc_column_text css_animation=&#8221;none&#8221; css=&#8221;&#8221; text_direction=&#8221;default&#8221;]\n<h1 class=\"online-year-m\">2025<\/h1>\n[\/vc_column_text][\/vc_column][\/vc_row][vc_row type=&#8221;in_container&#8221; full_screen_row_position=&#8221;middle&#8221; column_margin=&#8221;default&#8221; column_direction=&#8221;default&#8221; column_direction_tablet=&#8221;default&#8221; column_direction_phone=&#8221;default&#8221; scene_position=&#8221;center&#8221; text_color=&#8221;dark&#8221; text_align=&#8221;left&#8221; row_border_radius=&#8221;none&#8221; row_border_radius_applies=&#8221;bg&#8221; row_position_desktop=&#8221;default&#8221; row_position_tablet=&#8221;inherit&#8221; row_position_phone=&#8221;inherit&#8221; overflow=&#8221;visible&#8221; overlay_strength=&#8221;0.3&#8243; gradient_direction=&#8221;left_to_right&#8221; shape_divider_position=&#8221;bottom&#8221; bg_image_animation=&#8221;none&#8221;][vc_column column_padding=&#8221;no-extra-padding&#8221; column_padding_tablet=&#8221;inherit&#8221; column_padding_phone=&#8221;inherit&#8221; column_padding_position=&#8221;all&#8221; flex_gap_desktop=&#8221;10px&#8221; column_element_direction_desktop=&#8221;default&#8221; column_element_spacing=&#8221;default&#8221; desktop_text_alignment=&#8221;default&#8221; tablet_text_alignment=&#8221;default&#8221; phone_text_alignment=&#8221;default&#8221; background_color_opacity=&#8221;1&#8243; background_hover_color_opacity=&#8221;1&#8243; column_backdrop_filter=&#8221;none&#8221; column_shadow=&#8221;none&#8221; column_border_radius=&#8221;none&#8221; column_link_target=&#8221;_self&#8221; column_position=&#8221;default&#8221; gradient_direction=&#8221;left_to_right&#8221; overlay_strength=&#8221;0.3&#8243; width=&#8221;1\/1&#8243; tablet_width_inherit=&#8221;default&#8221; animation_type=&#8221;default&#8221; bg_image_animation=&#8221;none&#8221; border_type=&#8221;simple&#8221; column_border_width=&#8221;none&#8221; column_border_style=&#8221;solid&#8221;][vc_column_text css=&#8221;&#8221; text_direction=&#8221;default&#8221;]<div class=\"pt-cv-wrapper\"><div class=\"pt-cv-view pt-cv-grid pt-cv-colsys\" id=\"pt-cv-view-6830b6f91l\"><div data-id=\"pt-cv-page-1\" class=\"pt-cv-page\" data-cvc=\"1\"><div class=\"col-md-12 col-sm-12 col-xs-12 pt-cv-content-item pt-cv-1-col\"  data-pid=\"35846\"><div class='pt-cv-ifield'><a href=\"https:\/\/balkon.art\/home\/bekezdesek-hi\/\" class=\"_self pt-cv-href-thumbnail pt-cv-thumb-default cvplbd\" target=\"_self\" ><img loading=\"lazy\" decoding=\"async\" width=\"1200\" height=\"630\" src=\"https:\/\/balkon.art\/home\/ba-app\/uploads\/2025\/12\/karolyi-zsigmond-innen-1200x630-1.jpg\" class=\"pt-cv-thumbnail img-none\" alt=\"Bekezd\u00e9sek | HI\" srcset=\"https:\/\/balkon.art\/home\/ba-app\/uploads\/2025\/12\/karolyi-zsigmond-innen-1200x630-1.jpg 1200w, https:\/\/balkon.art\/home\/ba-app\/uploads\/2025\/12\/karolyi-zsigmond-innen-1200x630-1-768x403.jpg 768w\" sizes=\"auto, (max-width: 1200px) 100vw, 1200px\" \/><\/a>\n<h6 class=\"pt-cv-title\"><a href=\"https:\/\/balkon.art\/home\/bekezdesek-hi\/\" class=\"_self cvplbd\" target=\"_self\" >Bekezd\u00e9sek | HI<\/a><\/h6>\n<div class=\"pt-cv-meta-fields\"><span class=\"author\"> <a href=\"https:\/\/balkon.art\/home\/author\/szerk\/\" rel=\"author\">szerk.<\/a><\/span><\/div><\/div><\/div>\n<div class=\"col-md-12 col-sm-12 col-xs-12 pt-cv-content-item pt-cv-1-col\"  data-pid=\"35625\"><div class='pt-cv-ifield'><a href=\"https:\/\/balkon.art\/home\/az-angyali-rendrol\/\" class=\"_self pt-cv-href-thumbnail pt-cv-thumb-default cvplbd\" target=\"_self\" ><img loading=\"lazy\" decoding=\"async\" width=\"1200\" height=\"630\" src=\"https:\/\/balkon.art\/home\/ba-app\/uploads\/2025\/12\/gemes-peter-1200x630-1.jpg\" class=\"pt-cv-thumbnail img-none\" alt=\"Az angyali rendr\u0151l*\" srcset=\"https:\/\/balkon.art\/home\/ba-app\/uploads\/2025\/12\/gemes-peter-1200x630-1.jpg 1200w, https:\/\/balkon.art\/home\/ba-app\/uploads\/2025\/12\/gemes-peter-1200x630-1-768x403.jpg 768w\" sizes=\"auto, (max-width: 1200px) 100vw, 1200px\" \/><\/a>\n<h6 class=\"pt-cv-title\"><a href=\"https:\/\/balkon.art\/home\/az-angyali-rendrol\/\" class=\"_self cvplbd\" target=\"_self\" >Az angyali rendr\u0151l*<\/a><\/h6>\n<div class=\"pt-cv-meta-fields\"><span class=\"author\"> <a href=\"https:\/\/balkon.art\/home\/author\/l-krasznahorkai\/\" rel=\"author\">KRASZNAHORKAI L\u00e1szl\u00f3<\/a><\/span><\/div><\/div><\/div>\n<div class=\"col-md-12 col-sm-12 col-xs-12 pt-cv-content-item pt-cv-1-col\"  data-pid=\"35613\"><div class='pt-cv-ifield'><a href=\"https:\/\/balkon.art\/home\/szemzo-idogepe-es-a-letezes-szigetek\/\" class=\"_self pt-cv-href-thumbnail pt-cv-thumb-default cvplbd\" target=\"_self\" ><img loading=\"lazy\" decoding=\"async\" width=\"1200\" height=\"630\" src=\"https:\/\/balkon.art\/home\/ba-app\/uploads\/2025\/12\/szemzo-tibor-filmscreen-1200x630-1.jpg\" class=\"pt-cv-thumbnail img-none\" alt=\"Szemz\u0151 id\u0151g\u00e9pe \u00e9s a L\u00e9tez\u00e9s-szigetek\" srcset=\"https:\/\/balkon.art\/home\/ba-app\/uploads\/2025\/12\/szemzo-tibor-filmscreen-1200x630-1.jpg 1200w, https:\/\/balkon.art\/home\/ba-app\/uploads\/2025\/12\/szemzo-tibor-filmscreen-1200x630-1-768x403.jpg 768w\" sizes=\"auto, (max-width: 1200px) 100vw, 1200px\" \/><\/a>\n<h6 class=\"pt-cv-title\"><a href=\"https:\/\/balkon.art\/home\/szemzo-idogepe-es-a-letezes-szigetek\/\" class=\"_self cvplbd\" target=\"_self\" >Szemz\u0151 id\u0151g\u00e9pe \u00e9s a L\u00e9tez\u00e9s-szigetek<\/a><\/h6>\n<div class=\"pt-cv-meta-fields\"><span class=\"author\"> <a href=\"https:\/\/balkon.art\/home\/author\/kfj-balkon-12154iop\/\" rel=\"author\">KURDY FEH\u00c9R J\u00e1nos<\/a><\/span><\/div><\/div><\/div><\/div><\/div><\/div>\t\t\t<style type=\"text\/css\" id=\"pt-cv-inline-style-b8d064937k\">#pt-cv-view-6830b6f91l .pt-cv-content-item { padding-top: 20px !important; padding-bottom: 20px !important; }\n#pt-cv-view-6830b6f91l  .pt-cv-ifield   { border-radius: 15px 15px 0px 0px !important; }\n#pt-cv-view-6830b6f91l .pt-cv-title a, #pt-cv-view-6830b6f91l  .panel-title { font-size: 15px !important; line-height: 1.3 !important; color: #2b2b2b !important; display: block !important; text-align: left !important; clear: both !important; margin: 0px 0px 0px 0px !important; padding: 0px 0px 0px 0px !important; }\n@media (min-width: 768px) and (max-width: 991px) {#pt-cv-view-6830b6f91l .pt-cv-title a, #pt-cv-view-6830b6f91l  .panel-title { font-size: 14px !important }}\n@media (max-width: 767px) {#pt-cv-view-6830b6f91l .pt-cv-title a, #pt-cv-view-6830b6f91l  .panel-title { font-size: 14px !important }}\n#pt-cv-view-6830b6f91l  .pt-cv-title a:hover, #pt-cv-view-6830b6f91l  .panel-title:hover   { font-size: 15px !important; line-height: 1.3 !important; color: #3e5cf2 !important; }\n@media (min-width: 768px) and (max-width: 991px) {#pt-cv-view-6830b6f91l  .pt-cv-title a:hover, #pt-cv-view-6830b6f91l  .panel-title:hover   { font-size: 14px !important }}\n@media (max-width: 767px) {#pt-cv-view-6830b6f91l  .pt-cv-title a:hover, #pt-cv-view-6830b6f91l  .panel-title:hover   { font-size: 14px !important }}\n#pt-cv-view-6830b6f91l .pt-cv-content , #pt-cv-view-6830b6f91l  .pt-cv-content *:not(.pt-cv-readmore):not(style):not(script) { font-size: 12px !important; color: #666666 !important; line-height: 1.4 !important; }\n@media (min-width: 768px) and (max-width: 991px) {#pt-cv-view-6830b6f91l .pt-cv-content , #pt-cv-view-6830b6f91l  .pt-cv-content *:not(.pt-cv-readmore):not(style):not(script) { font-size: 12px !important }}\n@media (max-width: 767px) {#pt-cv-view-6830b6f91l .pt-cv-content , #pt-cv-view-6830b6f91l  .pt-cv-content *:not(.pt-cv-readmore):not(style):not(script) { font-size: 12px !important }}\n#pt-cv-view-6830b6f91l .pt-cv-meta-fields {text-align: left; clear: both}\n#pt-cv-view-6830b6f91l .pt-cv-meta-fields { margin: -10px 0px 0px 0px }\n#pt-cv-view-6830b6f91l .pt-cv-meta-fields * { font-size: 12px !important; color: #666666 !important; line-height: 12px !important; letter-spacing: 1px !important; }\n@media (min-width: 768px) and (max-width: 991px) {#pt-cv-view-6830b6f91l .pt-cv-meta-fields * { font-size: 11px !important }}\n@media (max-width: 767px) {#pt-cv-view-6830b6f91l .pt-cv-meta-fields * { font-size: 11px !important }}\n#pt-cv-view-6830b6f91l .pt-cv-readmore  { color: #ffffff !important; background-color: #00aeef !important; }\n#pt-cv-view-6830b6f91l .pt-cv-readmore:hover  { color: #ffffff !important; background-color: #00aeef !important; }\n#pt-cv-view-6830b6f91l  + .pt-cv-pagination-wrapper .pt-cv-more-inactive , #pt-cv-view-6830b6f91l  + .pt-cv-pagination-wrapper .pagination a, .pt-cv-pagination[data-sid='6830b6f91l'] a { font-size: 12px !important; line-height: 1.3 !important; color: #2b2b2b !important; background-color: #ffffff !important; font-weight: 600 !important; }<\/style>\r\n\t\t\t[\/vc_column_text][\/vc_column][\/vc_row][vc_row type=&#8221;in_container&#8221; full_screen_row_position=&#8221;middle&#8221; column_margin=&#8221;default&#8221; column_direction=&#8221;default&#8221; column_direction_tablet=&#8221;default&#8221; column_direction_phone=&#8221;default&#8221; scene_position=&#8221;center&#8221; text_color=&#8221;dark&#8221; text_align=&#8221;left&#8221; row_border_radius=&#8221;none&#8221; row_border_radius_applies=&#8221;bg&#8221; row_position_desktop=&#8221;default&#8221; row_position_tablet=&#8221;inherit&#8221; row_position_phone=&#8221;inherit&#8221; overflow=&#8221;visible&#8221; class=&#8221;p-1-0&#8243; overlay_strength=&#8221;0.3&#8243; gradient_direction=&#8221;left_to_right&#8221; shape_divider_position=&#8221;bottom&#8221; bg_image_animation=&#8221;none&#8221; gradient_type=&#8221;default&#8221; shape_type=&#8221;&#8221;][vc_column column_padding=&#8221;no-extra-padding&#8221; column_padding_tablet=&#8221;inherit&#8221; column_padding_phone=&#8221;inherit&#8221; column_padding_position=&#8221;all&#8221; flex_gap_desktop=&#8221;10px&#8221; column_element_direction_desktop=&#8221;default&#8221; column_element_spacing=&#8221;default&#8221; desktop_text_alignment=&#8221;default&#8221; tablet_text_alignment=&#8221;default&#8221; phone_text_alignment=&#8221;default&#8221; background_color_opacity=&#8221;1&#8243; background_hover_color_opacity=&#8221;1&#8243; column_backdrop_filter=&#8221;none&#8221; column_shadow=&#8221;none&#8221; column_border_radius=&#8221;none&#8221; column_link_target=&#8221;_self&#8221; column_position=&#8221;default&#8221; gradient_direction=&#8221;left_to_right&#8221; overlay_strength=&#8221;0.3&#8243; width=&#8221;1\/1&#8243; tablet_width_inherit=&#8221;default&#8221; animation_type=&#8221;default&#8221; bg_image_animation=&#8221;none&#8221; border_type=&#8221;simple&#8221; column_border_width=&#8221;none&#8221; column_border_style=&#8221;solid&#8221;][nectar_icon icon_family=&#8221;iconsmind&#8221; icon_style=&#8221;default&#8221; icon_color_type=&#8221;color_scheme&#8221; icon_color=&#8221;black&#8221; icon_padding=&#8221;0px&#8221; pointer_events=&#8221;all&#8221; icon_size=&#8221;40&#8243; icon_iconsmind=&#8221;iconsmind-Camera-2&#8243;][\/vc_column][\/vc_row][vc_row type=&#8221;in_container&#8221; full_screen_row_position=&#8221;middle&#8221; column_margin=&#8221;default&#8221; column_direction=&#8221;default&#8221; column_direction_tablet=&#8221;default&#8221; column_direction_phone=&#8221;default&#8221; scene_position=&#8221;center&#8221; text_color=&#8221;dark&#8221; text_align=&#8221;left&#8221; row_border_radius=&#8221;none&#8221; row_border_radius_applies=&#8221;bg&#8221; row_position_desktop=&#8221;default&#8221; row_position_tablet=&#8221;inherit&#8221; row_position_phone=&#8221;inherit&#8221; overflow=&#8221;visible&#8221; overlay_strength=&#8221;0.3&#8243; gradient_direction=&#8221;left_to_right&#8221; shape_divider_position=&#8221;bottom&#8221; bg_image_animation=&#8221;none&#8221;][vc_column column_padding=&#8221;no-extra-padding&#8221; column_padding_tablet=&#8221;inherit&#8221; column_padding_phone=&#8221;inherit&#8221; column_padding_position=&#8221;all&#8221; flex_gap_desktop=&#8221;10px&#8221; column_element_direction_desktop=&#8221;default&#8221; column_element_spacing=&#8221;default&#8221; desktop_text_alignment=&#8221;default&#8221; tablet_text_alignment=&#8221;default&#8221; phone_text_alignment=&#8221;default&#8221; background_color_opacity=&#8221;1&#8243; background_hover_color_opacity=&#8221;1&#8243; column_backdrop_filter=&#8221;none&#8221; column_shadow=&#8221;none&#8221; column_border_radius=&#8221;none&#8221; column_link_target=&#8221;_self&#8221; column_position=&#8221;default&#8221; gradient_direction=&#8221;left_to_right&#8221; overlay_strength=&#8221;0.3&#8243; width=&#8221;1\/1&#8243; tablet_width_inherit=&#8221;default&#8221; animation_type=&#8221;default&#8221; bg_image_animation=&#8221;none&#8221; border_type=&#8221;simple&#8221; column_border_width=&#8221;none&#8221; column_border_style=&#8221;solid&#8221;][vc_column_text css=&#8221;&#8221; text_direction=&#8221;default&#8221;]<div class=\"pt-cv-wrapper\"><div class=\"pt-cv-view pt-cv-grid pt-cv-colsys\" id=\"pt-cv-view-104c761mdu\"><div data-id=\"pt-cv-page-1\" class=\"pt-cv-page\" data-cvc=\"1\"><div class=\"col-md-12 col-sm-12 col-xs-12 pt-cv-content-item pt-cv-1-col\"  data-pid=\"35792\"><div class='pt-cv-ifield'><a href=\"https:\/\/balkon.art\/home\/hajdu-istvan-1949-2025\/\" class=\"_self pt-cv-href-thumbnail pt-cv-thumb-default cvplbd\" target=\"_self\" ><img loading=\"lazy\" decoding=\"async\" width=\"1200\" height=\"630\" src=\"https:\/\/balkon.art\/home\/ba-app\/uploads\/2025\/12\/hajdu-istvan_2025_share.jpg\" class=\"pt-cv-thumbnail img-none\" alt=\"Hajdu Istv\u00e1n | 1949\u20132025\" srcset=\"https:\/\/balkon.art\/home\/ba-app\/uploads\/2025\/12\/hajdu-istvan_2025_share.jpg 1200w, https:\/\/balkon.art\/home\/ba-app\/uploads\/2025\/12\/hajdu-istvan_2025_share-768x403.jpg 768w\" sizes=\"auto, (max-width: 1200px) 100vw, 1200px\" \/><\/a>\n<h6 class=\"pt-cv-title\"><a href=\"https:\/\/balkon.art\/home\/hajdu-istvan-1949-2025\/\" class=\"_self cvplbd\" target=\"_self\" >Hajdu Istv\u00e1n | 1949\u20132025<\/a><\/h6>\n<div class=\"pt-cv-ctf-list\" data-cvc=\"1\"><\/div><\/div><\/div><\/div><\/div><\/div>\t\t\t<style type=\"text\/css\" id=\"pt-cv-inline-style-fc4ec93in9\">#pt-cv-view-104c761mdu .pt-cv-content-item { padding-top: 20px !important; padding-right: 20px !important; padding-bottom: 5px !important; padding-left: 5px !important; }\n#pt-cv-view-104c761mdu  { margin-right: -20px !important; margin-left: -5px !important; }\n#pt-cv-view-104c761mdu  .pt-cv-ifield   { border-radius: 15px 15px 0px 0px !important; }\n #pt-cv-view-104c761mdu[class*='cveffect'] .pt-cv-thumb-wrapper, #pt-cv-view-104c761mdu:not([class*='cveffect']) .pt-cv-thumbnail, #pt-cv-view-104c761mdu  .cvp-responsive-image[style*=background-image] { border-radius: 0px 0px 0px 0px }\n#pt-cv-view-104c761mdu .pt-cv-title a, #pt-cv-view-104c761mdu  .panel-title { font-size: 15px !important; line-height: 1.3 !important; color: #2b2b2b !important; }\n@media (min-width: 768px) and (max-width: 991px) {#pt-cv-view-104c761mdu .pt-cv-title a, #pt-cv-view-104c761mdu  .panel-title { font-size: 14px !important }}\n@media (max-width: 767px) {#pt-cv-view-104c761mdu .pt-cv-title a, #pt-cv-view-104c761mdu  .panel-title { font-size: 14px !important }}\n#pt-cv-view-104c761mdu  .pt-cv-title a:hover, #pt-cv-view-104c761mdu  .panel-title:hover   { font-size: 15px !important; line-height: 1.3 !important; color: #7c7c7c !important; }\n@media (min-width: 768px) and (max-width: 991px) {#pt-cv-view-104c761mdu  .pt-cv-title a:hover, #pt-cv-view-104c761mdu  .panel-title:hover   { font-size: 14px !important }}\n@media (max-width: 767px) {#pt-cv-view-104c761mdu  .pt-cv-title a:hover, #pt-cv-view-104c761mdu  .panel-title:hover   { font-size: 14px !important }}\n#pt-cv-view-104c761mdu .pt-cv-custom-fields * { color: #000000 !important; margin: 0px 0px 0px 0px !important; padding: 0px 0px 0px 0px !important; }\n#pt-cv-view-104c761mdu .pt-cv-readmore  { color: #ffffff !important; background-color: #f6653c !important; }\n#pt-cv-view-104c761mdu .pt-cv-readmore:hover  { color: #f6653c !important; background-color: #ffffff !important; }\n#pt-cv-view-104c761mdu  + .pt-cv-pagination-wrapper .pt-cv-more-inactive , #pt-cv-view-104c761mdu  + .pt-cv-pagination-wrapper .pagination a, .pt-cv-pagination[data-sid='104c761mdu'] a { color: #000000 !important; background-color: #ffffff !important; }<\/style>\r\n\t\t\t[\/vc_column_text][\/vc_column][\/vc_row][vc_row type=&#8221;in_container&#8221; full_screen_row_position=&#8221;middle&#8221; column_margin=&#8221;default&#8221; column_direction=&#8221;default&#8221; column_direction_tablet=&#8221;default&#8221; column_direction_phone=&#8221;default&#8221; scene_position=&#8221;center&#8221; left_padding_desktop=&#8221;15%&#8221; constrain_group_2=&#8221;yes&#8221; right_padding_desktop=&#8221;15%&#8221; left_padding_tablet=&#8221;10%&#8221; constrain_group_4=&#8221;yes&#8221; right_padding_tablet=&#8221;10%&#8221; text_color=&#8221;dark&#8221; text_align=&#8221;left&#8221; row_border_radius=&#8221;none&#8221; row_border_radius_applies=&#8221;bg&#8221; row_position_desktop=&#8221;default&#8221; row_position_tablet=&#8221;inherit&#8221; row_position_phone=&#8221;inherit&#8221; overflow=&#8221;visible&#8221; class=&#8221;m-6-0&#8243; overlay_strength=&#8221;0.3&#8243; gradient_direction=&#8221;left_to_right&#8221; shape_divider_position=&#8221;bottom&#8221; bg_image_animation=&#8221;none&#8221; gradient_type=&#8221;default&#8221; shape_type=&#8221;&#8221;][vc_column column_padding=&#8221;no-extra-padding&#8221; column_padding_tablet=&#8221;inherit&#8221; column_padding_phone=&#8221;inherit&#8221; column_padding_position=&#8221;all&#8221; flex_gap_desktop=&#8221;10px&#8221; column_element_direction_desktop=&#8221;default&#8221; column_element_spacing=&#8221;default&#8221; desktop_text_alignment=&#8221;default&#8221; tablet_text_alignment=&#8221;default&#8221; phone_text_alignment=&#8221;default&#8221; background_color_opacity=&#8221;1&#8243; background_hover_color_opacity=&#8221;1&#8243; column_backdrop_filter=&#8221;none&#8221; column_shadow=&#8221;none&#8221; column_border_radius=&#8221;none&#8221; column_link_target=&#8221;_self&#8221; column_position=&#8221;default&#8221; gradient_direction=&#8221;left_to_right&#8221; overlay_strength=&#8221;0.3&#8243; width=&#8221;1\/1&#8243; tablet_width_inherit=&#8221;default&#8221; animation_type=&#8221;default&#8221; bg_image_animation=&#8221;none&#8221; border_type=&#8221;simple&#8221; column_border_width=&#8221;none&#8221; column_border_style=&#8221;solid&#8221;][nectar_post_grid post_type=&#8221;custom&#8221; cpt_name=&#8221;page&#8221; order=&#8221;DESC&#8221; orderby=&#8221;date&#8221; pagination=&#8221;none&#8221; grid_item_spacing=&#8221;10px&#8221; image_size=&#8221;thumbnail&#8221; image_loading=&#8221;default&#8221; animation=&#8221;none&#8221; animation_stagger=&#8221;90&#8243; animation_easing=&#8221;default&#8221; heading_tag=&#8221;h3&#8243; heading_tag_render=&#8221;default&#8221; font_size_max=&#8221;24px&#8221; category_position=&#8221;default&#8221; additional_meta_size=&#8221;default&#8221; custom_fields_location=&#8221;before_post_meta&#8221; grid_style=&#8221;vertical_list&#8221; vertical_list_hover_effect=&#8221;bg_color_change&#8221; vertical_list_text_color_hover=&#8221;#3E5CF2&#8243; vertical_list_border_color=&#8221;#C9C9C9&#8243; text_color=&#8221;dark&#8221; vertical_list_custom_text_color=&#8221;#000000&#8243; border_radius=&#8221;15px&#8221; posts_per_page=&#8221;20&#8243; display_type=&#8221;grid&#8221; custom_query_tax=&#8221;360&#8243;][divider line_type=&#8221;No Line&#8221; custom_height=&#8221;60&#8243; custom_height_tablet=&#8221;50&#8243; custom_height_phone=&#8221;40&#8243;][\/vc_column][\/vc_row]\n","protected":false},"excerpt":{"rendered":"<p>[vc_row type=&#8221;in_container&#8221; full_screen_row_position=&#8221;middle&#8221; column_margin=&#8221;default&#8221; column_direction=&#8221;default&#8221; column_direction_tablet=&#8221;default&#8221; column_direction_phone=&#8221;default&#8221; scene_position=&#8221;center&#8221; text_color=&#8221;dark&#8221; text_align=&#8221;left&#8221; row_border_radius=&#8221;none&#8221; row_border_radius_applies=&#8221;bg&#8221; row_position_desktop=&#8221;default&#8221; row_position_tablet=&#8221;inherit&#8221; row_position_phone=&#8221;inherit&#8221; overflow=&#8221;visible&#8221; class=&#8221;p-4-0&#8243; overlay_strength=&#8221;0.3&#8243; gradient_direction=&#8221;left_to_right&#8221; shape_divider_position=&#8221;bottom&#8221; bg_image_animation=&#8221;none&#8221; gradient_type=&#8221;default&#8221; shape_type=&#8221;&#8221;][vc_column column_padding=&#8221;no-extra-padding&#8221; column_padding_tablet=&#8221;inherit&#8221; column_padding_phone=&#8221;inherit&#8221; column_padding_position=&#8221;all&#8221; column_element_direction_desktop=&#8221;default&#8221; column_element_spacing=&#8221;default&#8221; desktop_text_alignment=&#8221;default&#8221;&#8230;<\/p>\n","protected":false},"author":1,"featured_media":35892,"parent":0,"menu_order":0,"comment_status":"closed","ping_status":"closed","template":"","meta":{"_acf_changed":false,"h5ap_radio_sources":[],"footnotes":""},"page_kiemeles":[],"page_online-evek":[360],"class_list":{"0":"post-35901","1":"page","2":"type-page","3":"status-publish","4":"has-post-thumbnail","6":"page_online-evek-content"},"acf":[],"_links":{"self":[{"href":"https:\/\/balkon.art\/home\/wp-json\/wp\/v2\/pages\/35901","targetHints":{"allow":["GET"]}}],"collection":[{"href":"https:\/\/balkon.art\/home\/wp-json\/wp\/v2\/pages"}],"about":[{"href":"https:\/\/balkon.art\/home\/wp-json\/wp\/v2\/types\/page"}],"author":[{"embeddable":true,"href":"https:\/\/balkon.art\/home\/wp-json\/wp\/v2\/users\/1"}],"replies":[{"embeddable":true,"href":"https:\/\/balkon.art\/home\/wp-json\/wp\/v2\/comments?post=35901"}],"version-history":[{"count":4,"href":"https:\/\/balkon.art\/home\/wp-json\/wp\/v2\/pages\/35901\/revisions"}],"predecessor-version":[{"id":36500,"href":"https:\/\/balkon.art\/home\/wp-json\/wp\/v2\/pages\/35901\/revisions\/36500"}],"wp:featuredmedia":[{"embeddable":true,"href":"https:\/\/balkon.art\/home\/wp-json\/wp\/v2\/media\/35892"}],"wp:attachment":[{"href":"https:\/\/balkon.art\/home\/wp-json\/wp\/v2\/media?parent=35901"}],"wp:term":[{"taxonomy":"page_kiemeles","embeddable":true,"href":"https:\/\/balkon.art\/home\/wp-json\/wp\/v2\/page_kiemeles?post=35901"},{"taxonomy":"page_online-evek","embeddable":true,"href":"https:\/\/balkon.art\/home\/wp-json\/wp\/v2\/page_online-evek?post=35901"}],"curies":[{"name":"wp","href":"https:\/\/api.w.org\/{rel}","templated":true}]}}