{"id":26555,"date":"2021-05-29T21:45:36","date_gmt":"2021-05-29T19:45:36","guid":{"rendered":"https:\/\/balkon.art\/home\/?page_id=26555"},"modified":"2021-07-20T09:56:04","modified_gmt":"2021-07-20T07:56:04","slug":"off-biennale-budapest-judit-borocz-and-bence-gyorgy-palinkas-the-little-melting-pot","status":"publish","type":"page","link":"https:\/\/balkon.art\/home\/en\/online-2021\/off-biennale-budapest-judit-borocz-and-bence-gyorgy-palinkas-the-little-melting-pot\/","title":{"rendered":"OFF-Biennale Budapest | Judit B\u00f6r\u00f6cz, Bence Gy\u00f6rgy P\u00e1link\u00e1s: <em>The Little Melting Pot<\/em>"},"content":{"rendered":"[vc_row type=&#8221;in_container&#8221; full_screen_row_position=&#8221;middle&#8221; column_margin=&#8221;default&#8221; column_direction=&#8221;default&#8221; column_direction_tablet=&#8221;default&#8221; column_direction_phone=&#8221;default&#8221; scene_position=&#8221;center&#8221; text_color=&#8221;dark&#8221; text_align=&#8221;left&#8221; row_border_radius=&#8221;none&#8221; row_border_radius_applies=&#8221;bg&#8221; class=&#8221;text-20r&#8221; overlay_strength=&#8221;0.3&#8243; gradient_direction=&#8221;left_to_right&#8221; shape_divider_position=&#8221;bottom&#8221; bg_image_animation=&#8221;none&#8221; shape_type=&#8221;&#8221;][vc_column column_padding=&#8221;no-extra-padding&#8221; column_padding_tablet=&#8221;inherit&#8221; column_padding_phone=&#8221;inherit&#8221; column_padding_position=&#8221;all&#8221; column_element_spacing=&#8221;default&#8221; background_color_opacity=&#8221;1&#8243; background_hover_color_opacity=&#8221;1&#8243; column_shadow=&#8221;none&#8221; column_border_radius=&#8221;none&#8221; column_link_target=&#8221;_self&#8221; el_class=&#8221;p-4-0&#8243; gradient_direction=&#8221;left_to_right&#8221; overlay_strength=&#8221;0.3&#8243; width=&#8221;1\/1&#8243; tablet_width_inherit=&#8221;default&#8221; tablet_text_alignment=&#8221;default&#8221; phone_text_alignment=&#8221;default&#8221; bg_image_animation=&#8221;none&#8221; border_type=&#8221;simple&#8221; column_border_width=&#8221;none&#8221; column_border_style=&#8221;solid&#8221;][vc_column_text]\n<h2>OFF-Biennale Budapest<\/h2>\n[\/vc_column_text][vc_column_text el_class=&#8221;p-2-0&#8243;]\n<h2>Judit B\u00f6r\u00f6cz and Bence Gy\u00f6rgy P\u00e1link\u00e1s: <em>The Little Melting Pot<\/em><\/h2>\n[\/vc_column_text][vc_column_text el_class=&#8221;p-2-0&#8243;]\n<h3>Audio walk for the individual listener-walker and a flag in public space<\/h3>\n[\/vc_column_text][\/vc_column][\/vc_row][vc_row type=&#8221;in_container&#8221; full_screen_row_position=&#8221;middle&#8221; column_margin=&#8221;default&#8221; column_direction=&#8221;default&#8221; column_direction_tablet=&#8221;default&#8221; column_direction_phone=&#8221;default&#8221; scene_position=&#8221;center&#8221; text_color=&#8221;dark&#8221; text_align=&#8221;left&#8221; row_border_radius=&#8221;none&#8221; row_border_radius_applies=&#8221;bg&#8221; overlay_strength=&#8221;0.3&#8243; gradient_direction=&#8221;left_to_right&#8221; shape_divider_position=&#8221;bottom&#8221; bg_image_animation=&#8221;none&#8221; shape_type=&#8221;&#8221;][vc_column column_padding=&#8221;no-extra-padding&#8221; column_padding_tablet=&#8221;inherit&#8221; column_padding_phone=&#8221;inherit&#8221; column_padding_position=&#8221;right&#8221; column_element_spacing=&#8221;default&#8221; background_color_opacity=&#8221;1&#8243; background_hover_color_opacity=&#8221;1&#8243; column_shadow=&#8221;none&#8221; column_border_radius=&#8221;none&#8221; column_link_target=&#8221;_self&#8221; gradient_direction=&#8221;left_to_right&#8221; overlay_strength=&#8221;0.3&#8243; width=&#8221;1\/1&#8243; tablet_width_inherit=&#8221;default&#8221; tablet_text_alignment=&#8221;default&#8221; phone_text_alignment=&#8221;default&#8221; bg_image_animation=&#8221;none&#8221; border_type=&#8221;simple&#8221; column_border_width=&#8221;none&#8221; column_border_style=&#8221;solid&#8221;][vc_column_text]\n<p class=\"adat-01\">Collaborating partners: Orsolya Barna, Krist\u00f3f Kelemen, Mikl\u00f3s Zs\u00e1mboki<\/p>\n<p class=\"adat-01\">Performers (EN): Faye Bradbrook, Kata Sarb\u00f3, Orsolya Balogh, Anna Bentley, Katalin Erd\u0151di, Judit Fl\u00f3ra Schuller, T\u00edmea Sipos<\/p>\n<p class=\"adat-01\">Music: Nikolai Galen (The Pastoral Symphony: 2nd Movement, take 2, mix 1), Bence Kov\u00e1cs-Vajda (Surface Drainage), Tijana Stankovi\u0107 (Solo at Jazzire 2019), M\u00e1t\u00e9 Szigeti (Slow and Loud; Second Movement \u2013 Beethoven, performed by: Classicus Quartet)<\/p>\n<p class=\"adat-01\">Sound: Bence Kov\u00e1cs-Vajda, \u00c1kos Zs\u00e1ger-Varga<\/p>\n<p class=\"adat-01\">Translation: Anna Bentley (EN)<\/p>\n<p class=\"adat-01\">Photo, video, flag realization: S\u00e1ri Ember<\/p>\n<p class=\"adat-01\">Textile dyeing (flag): Nikoletta Szak\u00e1cs<\/p>\n<p class=\"adat-01\">Advisor (text): J\u00e1nos R\u00f3bert Ors\u00f3s<\/p>\n<p class=\"adat-01\">Copy editor: K\u00e1roly T\u00f3th<\/p>\n<p class=\"adat-01\">Production assistant: Zsuzsa Valtinyi<\/p>\n<p class=\"adat-01\">Special thanks: G\u00e1bor Bal\u00e1zs, Domokos Borb\u00e1s, R\u00e9ka B\u00f6r\u00f6cz, G\u00e1bor Egry, Krist\u00f3f Kelemen, Marcell L\u0151rincz, Aliz M\u00e1tyus, Andr\u00e1s Mink, R\u00e1hel Monory, StudioMajor, OFF-Biennale team, Traf\u00f3 House of Contemporary Arts<\/p>\n<p class=\"adat-01\">Sponsors: Summa Artium, Subjective Values Foundation Budapest<\/p>\n[\/vc_column_text][divider line_type=&#8221;No Line&#8221; custom_height=&#8221;20&#8243; custom_height_tablet=&#8221;10&#8243; custom_height_phone=&#8221;5&#8243;][\/vc_column][\/vc_row][vc_row type=&#8221;full_width_content&#8221; full_screen_row_position=&#8221;middle&#8221; column_margin=&#8221;default&#8221; column_direction=&#8221;default&#8221; column_direction_tablet=&#8221;default&#8221; column_direction_phone=&#8221;default&#8221; full_height=&#8221;yes&#8221; scene_position=&#8221;center&#8221; text_color=&#8221;light&#8221; text_align=&#8221;left&#8221; row_border_radius=&#8221;none&#8221; row_border_radius_applies=&#8221;bg&#8221; overlay_strength=&#8221;0.3&#8243; gradient_direction=&#8221;left_to_right&#8221; shape_divider_position=&#8221;bottom&#8221; bg_image_animation=&#8221;none&#8221; sbvcbgslider_enable=&#8221;yes&#8221; sbvcbgslider_random_order=&#8221;yes&#8221; sbvcbgslider_animation_speed=&#8221;12000&#8243; sbvcbgslider_slide_duration=&#8221;3000&#8243; shape_type=&#8221;&#8221; sbvcbgslider_slider_attachments=&#8221;26488,26489,26491,26492,26490,26493,26494,26502,26503,26504,26505,26506,26507,26508,26509,26510,26512,26513,26514,26515,26516,26523,26524,26511,26525,26526,26527,26528,26529,26530,26531,26550,26551,26548,26549&#8243;][vc_column column_padding=&#8221;no-extra-padding&#8221; column_padding_tablet=&#8221;inherit&#8221; column_padding_phone=&#8221;inherit&#8221; column_padding_position=&#8221;right&#8221; column_element_spacing=&#8221;default&#8221; background_color_opacity=&#8221;1&#8243; background_hover_color_opacity=&#8221;1&#8243; column_shadow=&#8221;none&#8221; column_border_radius=&#8221;none&#8221; column_link_target=&#8221;_self&#8221; el_class=&#8221;p-2-0&#8243; gradient_direction=&#8221;left_to_right&#8221; overlay_strength=&#8221;0.3&#8243; width=&#8221;1\/1&#8243; tablet_width_inherit=&#8221;default&#8221; tablet_text_alignment=&#8221;default&#8221; phone_text_alignment=&#8221;default&#8221; bg_image_animation=&#8221;none&#8221; border_type=&#8221;simple&#8221; column_border_width=&#8221;none&#8221; column_border_style=&#8221;solid&#8221;][vc_row_inner column_margin=&#8221;default&#8221; column_direction=&#8221;default&#8221; column_direction_tablet=&#8221;default&#8221; column_direction_phone=&#8221;default&#8221; text_align=&#8221;left&#8221;][vc_column_inner column_padding=&#8221;padding-5-percent&#8221; column_padding_tablet=&#8221;inherit&#8221; column_padding_phone=&#8221;inherit&#8221; column_padding_position=&#8221;left-right&#8221; column_element_spacing=&#8221;default&#8221; background_color_opacity=&#8221;1&#8243; background_hover_color_opacity=&#8221;1&#8243; column_shadow=&#8221;none&#8221; column_border_radius=&#8221;none&#8221; column_link_target=&#8221;_self&#8221; gradient_direction=&#8221;left_to_right&#8221; overlay_strength=&#8221;0.3&#8243; width=&#8221;1\/1&#8243; tablet_width_inherit=&#8221;default&#8221; bg_image_animation=&#8221;none&#8221; border_type=&#8221;simple&#8221; column_border_width=&#8221;none&#8221; column_border_style=&#8221;solid&#8221;]<div class=\"audioplayer-tobe  playerid-26854 ap_idx_26555_1 is-single-player apconfig-fff-3  skin-wave  ap26854 auto-init\"  data-options='{\"skinwave_comments_playerid\":26854,\"design_skin\":\"skin-wave\",\"default_volume\":\"1\",\"disable_scrubbar\":\"off\",\"skinwave_enablereflect\":\"on\",\"preload_method\":\"auto\",\"skinwave_timer_static\":\"on\",\"design_wave_color_bg\":\"ffffff\",\"design_wave_color_progress\":\"3ad270\",\"skinwave_wave_mode_canvas_waves_number\":\"2\",\"skinwave_wave_mode_canvas_waves_padding\":\"1\",\"skinwave_wave_mode_canvas_reflection_size\":\"0.25\",\"cue\":\"auto\",\"embedded\":\"off\",\"soundcloud_apikey\":\"979780556\",\"php_retriever\":\"https:\\\/\\\/balkon.art\\\/home\\\/wp-content\\\/plugins\\\/dzs-zoomsounds\\\/inc\\\/php\\\/soundcloudretriever.php\",\"skinwave_wave_mode_canvas_normalize\":\"off\",\"settings_php_handler\":\"wpdefault\"}' style=\" opacity: 0; \" data-posttype=\"attachment\" id=\"ap26854\" data-playerid=\"26854\" data-computed-playerid=\"26854\" data-real-playerid=\"26854\" data-sanitized_source=\"httpsbalkonarthomewpcontentuploads202107boroczpalinkasthelittlemeltingpotrmp3\" data-sample_time_total=\"203\" data-pcm='[0.02,0.02,0.01,0.01,0.02,0.02,0.01,0.02,0.01,0.01,0.02,0.03,0.01,0.01,0.02,0.02,0.01,0.01,0.01,0.01,0.01,0.01,0.01,0.01,0.08,0.19,0.08,0.02,0.07,0.09,0.01,0.05,0.1,0.11,0.06,0.1,0.08,0,0.08,0.01,0.05,0.07,0.02,0.11,0.06,0.11,0.09,0.03,0.05,0.09,0.12,0.07,0.08,0.11,0.04,0.04,0.08,0.05,0.08,0.09,0.08,0.12,0.03,0.03,0.1,0.04,0.11,0.15,0.1,0.04,0.06,0.08,0.06,0.09,0.08,0.08,0.07,0.06,0.05,0.07,0.08,0.12,0.06,0.11,0.06,0.04,0.11,0.08,0.11,0.1,0.15,0.14,0.09,0.1,0.05,0.11,0.08,0.13,0.09,0.11,0.06,0.08,0.16,0.1,0.09,0.07,0.07,0.11,0.08,0.1,0.14,0.06,0.14,0.18,0.14,0.12,0.08,0.08,0.07,0.07,0.06,0.08,0.08,0.1,0.1,0.11,0.1,0.07,0.15,0.08,0.07,0.08,0.12,0.09,0.14,0.18,0.06,0.05,0.09,0.05,0.05,0.03,0.07,0.04,0.05,0.04,0.11,0.07,0.06,0.15,0.12,0.05,0.03,0.02,0.03,0.03,0.08,0.09,0.05,0,0.07,0.06,0.06,0.07,0.06,0.06,0.05,0.13,0,0,0.04,0.05,0.15,0.14,0.05,0.26,0,0.09,0.08,0.2,0.04,0.05,0.04,0.02,0.07,0.09,0.06,0.06,0.02,0.05,0.02,0,0.09,0.02,0.02,0.01,0.06,0.08,0.02,0.02,0,0,0,0,0.01,0.01,0.01,0.01,0.02,0.02,0.02,0.02,0.02,0.02,0.01,0.02,0.01,0.01,0.02,0.02,0.02,0.02,0.02,0.03,0.04,0.02,0.04,0.03,0.01,0.02,0.13,0.02,0.06,0.08,0.08,0.05,0.05,0.08,0.09,0.05,0.11,0.08,0.06,0.09,0.01,0.05,0.03,0.08,0.03,0.04,0.06,0.03,0.03,0.1,0.04,0.01,0.1,0.08,0.09,0.11,0.06,0.09,0.06,0.02,0.05,0.02,0.01,0.12,0.03,0.02,0.01,0.07,0.06,0.08,0.04,0.1,0.06,0.15,0.05,0.15,0.13,0.05,0.04,0.14,0.07,0.03,0.09,0.04,0.05,0.05,0.03,0.06,0.08,0.08,0.08,0.11,0.03,0.05,0.03,0.04,0.06,0.09,0.09,0.11,0.04,0.03,0.03,0.11,0.12,0.11,0.06,0.06,0.07,0.04,0.04,0.09,0.1,0.12,0.11,0.05,0.04,0.16,0.03,0.16,0.04,0.09,0.1,0.04,0.03,0.11,0.04,0.07,0.02,0.02,0.05,0.11,0.07,0.04,0.1,0.09,0.04,0.05,0.06,0.05,0.05,0.08,0.04,0.04,0.06,0.11,0.07,0.05,0.08,0.05,0.05,0.04,0.1,0.16,0.12,0.1,0.03,0.03,0.05,0.09,0.04,0.12,0.09,0.08,0.07,0.02,0.03,0.02,0.03,0.03,0.03,0.02,0.04,0.06,0.04,0.03,0.04,0.01,0.02,0.03,0.03,0.04,0.05,0.02,0.06,0.04,0.06,0.04,0.01,0.02,0.01,0,0,0,0,0]' data-type=\"audio\" data-source=\"https:\/\/balkon.art\/home\/ba-app\/uploads\/2021\/07\/borocz-palinkas-the-little-melting-pot-r.mp3\" data-playfrom=\"off\"><div hidden class=\"feed-dzsap feed-song-name\">borocz-palinkas-the-little-melting-pot-r<\/div><div class=\"meta-artist track-meta-for-dzsap\"><span class=\"the-artist first-line\"><\/span><span class=\"the-name the-songname second-line\" >borocz-palinkas-the-little-melting-pot-r<\/span><\/div><div class=\"menu-description\"><span class=\"the-artist\"><\/span><span class=\"the-name\">borocz-palinkas-the-little-melting-pot-r<\/span><\/div><\/div>[\/vc_column_inner][\/vc_row_inner][\/vc_column][\/vc_row][vc_row type=&#8221;full_width_content&#8221; full_screen_row_position=&#8221;middle&#8221; column_margin=&#8221;default&#8221; column_direction=&#8221;default&#8221; column_direction_tablet=&#8221;default&#8221; column_direction_phone=&#8221;default&#8221; scene_position=&#8221;center&#8221; text_color=&#8221;dark&#8221; text_align=&#8221;left&#8221; row_border_radius=&#8221;none&#8221; row_border_radius_applies=&#8221;bg&#8221; overlay_strength=&#8221;0.3&#8243; gradient_direction=&#8221;left_to_right&#8221; shape_divider_position=&#8221;bottom&#8221; bg_image_animation=&#8221;none&#8221; shape_type=&#8221;&#8221;][vc_column column_padding=&#8221;no-extra-padding&#8221; column_padding_tablet=&#8221;inherit&#8221; column_padding_phone=&#8221;inherit&#8221; column_padding_position=&#8221;right&#8221; column_element_spacing=&#8221;default&#8221; background_color_opacity=&#8221;1&#8243; background_hover_color_opacity=&#8221;1&#8243; column_shadow=&#8221;none&#8221; column_border_radius=&#8221;none&#8221; column_link_target=&#8221;_self&#8221; gradient_direction=&#8221;left_to_right&#8221; overlay_strength=&#8221;0.3&#8243; width=&#8221;1\/1&#8243; tablet_width_inherit=&#8221;default&#8221; tablet_text_alignment=&#8221;default&#8221; phone_text_alignment=&#8221;default&#8221; bg_image_animation=&#8221;none&#8221; border_type=&#8221;simple&#8221; column_border_width=&#8221;none&#8221; column_border_style=&#8221;solid&#8221;][vc_column_text]\n<p class=\"kepalir-1r-full\">\u00a9 Photos: Ferenc Eln<\/p>\n[\/vc_column_text][\/vc_column][\/vc_row][vc_row type=&#8221;full_width_content&#8221; full_screen_row_position=&#8221;middle&#8221; column_margin=&#8221;default&#8221; column_direction=&#8221;default&#8221; column_direction_tablet=&#8221;default&#8221; column_direction_phone=&#8221;default&#8221; scene_position=&#8221;center&#8221; text_color=&#8221;dark&#8221; text_align=&#8221;left&#8221; row_border_radius=&#8221;none&#8221; row_border_radius_applies=&#8221;bg&#8221; class=&#8221;full-5-25 p-6-0&#8243; overlay_strength=&#8221;0.3&#8243; gradient_direction=&#8221;left_to_right&#8221; shape_divider_position=&#8221;bottom&#8221; bg_image_animation=&#8221;none&#8221; shape_type=&#8221;&#8221;][vc_column column_padding=&#8221;no-extra-padding&#8221; column_padding_tablet=&#8221;inherit&#8221; column_padding_phone=&#8221;inherit&#8221; column_padding_position=&#8221;right&#8221; column_element_spacing=&#8221;default&#8221; background_color_opacity=&#8221;1&#8243; background_hover_color_opacity=&#8221;1&#8243; column_shadow=&#8221;none&#8221; column_border_radius=&#8221;none&#8221; column_link_target=&#8221;_self&#8221; gradient_direction=&#8221;left_to_right&#8221; overlay_strength=&#8221;0.3&#8243; width=&#8221;1\/1&#8243; tablet_width_inherit=&#8221;default&#8221; tablet_text_alignment=&#8221;default&#8221; phone_text_alignment=&#8221;default&#8221; bg_image_animation=&#8221;none&#8221; border_type=&#8221;simple&#8221; column_border_width=&#8221;none&#8221; column_border_style=&#8221;solid&#8221;][image_with_animation image_url=&#8221;26570&#8243; animation=&#8221;Fade In&#8221; hover_animation=&#8221;none&#8221; alignment=&#8221;&#8221; border_radius=&#8221;none&#8221; box_shadow=&#8221;none&#8221; image_loading=&#8221;default&#8221; max_width=&#8221;100%&#8221; max_width_mobile=&#8221;default&#8221;][vc_column_text]\n<p class=\"kepalir-1r\">\u00a9 Photo: S\u00e1ri Ember<\/p>\n[\/vc_column_text][\/vc_column][\/vc_row][vc_row type=&#8221;full_width_content&#8221; full_screen_row_position=&#8221;middle&#8221; column_margin=&#8221;default&#8221; column_direction=&#8221;default&#8221; column_direction_tablet=&#8221;default&#8221; column_direction_phone=&#8221;default&#8221; scene_position=&#8221;center&#8221; text_color=&#8221;dark&#8221; text_align=&#8221;left&#8221; row_border_radius=&#8221;none&#8221; row_border_radius_applies=&#8221;bg&#8221; class=&#8221;full-5-25 p-6-0&#8243; overlay_strength=&#8221;0.3&#8243; gradient_direction=&#8221;left_to_right&#8221; shape_divider_position=&#8221;bottom&#8221; bg_image_animation=&#8221;none&#8221; shape_type=&#8221;&#8221;][vc_column column_padding=&#8221;no-extra-padding&#8221; column_padding_tablet=&#8221;inherit&#8221; column_padding_phone=&#8221;inherit&#8221; column_padding_position=&#8221;right&#8221; column_element_spacing=&#8221;default&#8221; background_color_opacity=&#8221;1&#8243; background_hover_color_opacity=&#8221;1&#8243; column_shadow=&#8221;none&#8221; column_border_radius=&#8221;none&#8221; column_link_target=&#8221;_self&#8221; gradient_direction=&#8221;left_to_right&#8221; overlay_strength=&#8221;0.3&#8243; width=&#8221;1\/1&#8243; tablet_width_inherit=&#8221;default&#8221; tablet_text_alignment=&#8221;default&#8221; phone_text_alignment=&#8221;default&#8221; bg_image_animation=&#8221;none&#8221; border_type=&#8221;simple&#8221; column_border_width=&#8221;none&#8221; column_border_style=&#8221;solid&#8221;][image_with_animation image_url=&#8221;26540&#8243; animation=&#8221;Fade In&#8221; hover_animation=&#8221;none&#8221; alignment=&#8221;&#8221; border_radius=&#8221;none&#8221; box_shadow=&#8221;none&#8221; image_loading=&#8221;default&#8221; max_width=&#8221;100%&#8221; max_width_mobile=&#8221;default&#8221;][vc_column_text]\n<p class=\"kepalir-1r\">\u00a9 Photo: Ferenc Eln<\/p>\n[\/vc_column_text][\/vc_column][\/vc_row][vc_row type=&#8221;full_width_content&#8221; full_screen_row_position=&#8221;middle&#8221; column_margin=&#8221;default&#8221; column_direction=&#8221;default&#8221; column_direction_tablet=&#8221;default&#8221; column_direction_phone=&#8221;default&#8221; scene_position=&#8221;center&#8221; text_color=&#8221;dark&#8221; text_align=&#8221;left&#8221; row_border_radius=&#8221;none&#8221; row_border_radius_applies=&#8221;bg&#8221; class=&#8221;full-5-25 p-6-0&#8243; overlay_strength=&#8221;0.3&#8243; gradient_direction=&#8221;left_to_right&#8221; shape_divider_position=&#8221;bottom&#8221; bg_image_animation=&#8221;none&#8221; shape_type=&#8221;&#8221;][vc_column column_padding=&#8221;no-extra-padding&#8221; column_padding_tablet=&#8221;inherit&#8221; column_padding_phone=&#8221;inherit&#8221; column_padding_position=&#8221;right&#8221; column_element_spacing=&#8221;default&#8221; background_color_opacity=&#8221;1&#8243; background_hover_color_opacity=&#8221;1&#8243; column_shadow=&#8221;none&#8221; column_border_radius=&#8221;none&#8221; column_link_target=&#8221;_self&#8221; gradient_direction=&#8221;left_to_right&#8221; overlay_strength=&#8221;0.3&#8243; width=&#8221;1\/1&#8243; tablet_width_inherit=&#8221;default&#8221; tablet_text_alignment=&#8221;default&#8221; phone_text_alignment=&#8221;default&#8221; bg_image_animation=&#8221;none&#8221; border_type=&#8221;simple&#8221; column_border_width=&#8221;none&#8221; column_border_style=&#8221;solid&#8221;][vc_column_text]\n<p class=\"idezet-3\" style=\"color: #c63e3e; text-align: center;\">ONLY THE HOMELAND OF THE RIGHTEOUS WILL THRIVE<\/p>\n[\/vc_column_text][divider line_type=&#8221;No Line&#8221; custom_height=&#8221;40&#8243; custom_height_tablet=&#8221;30&#8243; custom_height_phone=&#8221;20&#8243;][\/vc_column][\/vc_row][vc_row type=&#8221;full_width_background&#8221; full_screen_row_position=&#8221;middle&#8221; column_margin=&#8221;default&#8221; column_direction=&#8221;default&#8221; column_direction_tablet=&#8221;default&#8221; column_direction_phone=&#8221;default&#8221; scene_position=&#8221;center&#8221; text_color=&#8221;dark&#8221; text_align=&#8221;left&#8221; row_border_radius=&#8221;none&#8221; row_border_radius_applies=&#8221;bg&#8221; class=&#8221;p-6-0&#8243; overlay_strength=&#8221;0.3&#8243; gradient_direction=&#8221;left_to_right&#8221; shape_divider_position=&#8221;bottom&#8221; bg_image_animation=&#8221;none&#8221; shape_type=&#8221;&#8221;][vc_column column_padding=&#8221;no-extra-padding&#8221; column_padding_tablet=&#8221;inherit&#8221; column_padding_phone=&#8221;inherit&#8221; column_padding_position=&#8221;right&#8221; column_element_spacing=&#8221;default&#8221; background_color_opacity=&#8221;1&#8243; background_hover_color_opacity=&#8221;1&#8243; column_shadow=&#8221;none&#8221; column_border_radius=&#8221;none&#8221; column_link_target=&#8221;_self&#8221; gradient_direction=&#8221;left_to_right&#8221; overlay_strength=&#8221;0.3&#8243; width=&#8221;1\/1&#8243; tablet_width_inherit=&#8221;default&#8221; tablet_text_alignment=&#8221;default&#8221; phone_text_alignment=&#8221;default&#8221; bg_image_animation=&#8221;none&#8221; border_type=&#8221;simple&#8221; column_border_width=&#8221;none&#8221; column_border_style=&#8221;solid&#8221;][image_with_animation image_url=&#8221;26541&#8243; animation=&#8221;Fade In&#8221; hover_animation=&#8221;none&#8221; alignment=&#8221;&#8221; border_radius=&#8221;none&#8221; box_shadow=&#8221;none&#8221; image_loading=&#8221;default&#8221; max_width=&#8221;100%&#8221; max_width_mobile=&#8221;default&#8221;][vc_column_text]\n<p class=\"kepalir-1r\">\u00a9 Photo: Ferenc Eln<\/p>\n[\/vc_column_text][\/vc_column][\/vc_row][vc_row type=&#8221;full_width_content&#8221; full_screen_row_position=&#8221;middle&#8221; column_margin=&#8221;default&#8221; column_direction=&#8221;default&#8221; column_direction_tablet=&#8221;default&#8221; column_direction_phone=&#8221;default&#8221; scene_position=&#8221;center&#8221; text_color=&#8221;dark&#8221; text_align=&#8221;center&#8221; row_border_radius=&#8221;none&#8221; row_border_radius_applies=&#8221;bg&#8221; overlay_strength=&#8221;0.3&#8243; gradient_direction=&#8221;left_to_right&#8221; shape_divider_position=&#8221;bottom&#8221; bg_image_animation=&#8221;none&#8221; shape_type=&#8221;&#8221;][vc_column column_padding=&#8221;no-extra-padding&#8221; column_padding_tablet=&#8221;inherit&#8221; column_padding_phone=&#8221;inherit&#8221; column_padding_position=&#8221;all&#8221; column_element_spacing=&#8221;default&#8221; centered_text=&#8221;true&#8221; background_color_opacity=&#8221;1&#8243; background_hover_color_opacity=&#8221;1&#8243; column_shadow=&#8221;none&#8221; column_border_radius=&#8221;none&#8221; column_link_target=&#8221;_self&#8221; el_class=&#8221;p-3-4&#8243; gradient_direction=&#8221;left_to_right&#8221; overlay_strength=&#8221;0.3&#8243; width=&#8221;1\/1&#8243; tablet_width_inherit=&#8221;default&#8221; tablet_text_alignment=&#8221;default&#8221; phone_text_alignment=&#8221;default&#8221; bg_image_animation=&#8221;none&#8221; border_type=&#8221;simple&#8221; column_border_width=&#8221;none&#8221; column_border_style=&#8221;solid&#8221;]<div class=\"sharing-default-minimal\"><div class=\"nectar-social default\" data-position=\"left\" data-color-override=\"override\"><div class=\"nectar-social-inner\"><a class='facebook-share nectar-sharing' href='#' title='Share this'>  <i class='fa fa-facebook'><\/i> <span class='social-text'>Share<\/span> <\/a><a class='twitter-share nectar-sharing' href='#' title='Share this'> <i class='fa icon-salient-x-twitter'><\/i> <span class='social-text'>Share<\/span> <\/a><a class='pinterest-share nectar-sharing' href='#' title='Pin this'> <i class='fa fa-pinterest'><\/i> <span class='social-text'>Pin<\/span> <\/a><\/div><\/div><\/div>[\/vc_column][\/vc_row]\n","protected":false},"excerpt":{"rendered":"<p>[vc_row type=&#8221;in_container&#8221; full_screen_row_position=&#8221;middle&#8221; column_margin=&#8221;default&#8221; column_direction=&#8221;default&#8221; column_direction_tablet=&#8221;default&#8221; column_direction_phone=&#8221;default&#8221; scene_position=&#8221;center&#8221; text_color=&#8221;dark&#8221; text_align=&#8221;left&#8221; row_border_radius=&#8221;none&#8221; row_border_radius_applies=&#8221;bg&#8221; class=&#8221;text-20r&#8221; overlay_strength=&#8221;0.3&#8243; gradient_direction=&#8221;left_to_right&#8221; shape_divider_position=&#8221;bottom&#8221; bg_image_animation=&#8221;none&#8221; shape_type=&#8221;&#8221;][vc_column column_padding=&#8221;no-extra-padding&#8221; column_padding_tablet=&#8221;inherit&#8221; column_padding_phone=&#8221;inherit&#8221; column_padding_position=&#8221;all&#8221; column_element_spacing=&#8221;default&#8221; background_color_opacity=&#8221;1&#8243; background_hover_color_opacity=&#8221;1&#8243; column_shadow=&#8221;none&#8221; column_border_radius=&#8221;none&#8221; column_link_target=&#8221;_self&#8221; el_class=&#8221;p-4-0&#8243; gradient_direction=&#8221;left_to_right&#8221;&#8230;<\/p>\n","protected":false},"author":1,"featured_media":26557,"parent":26240,"menu_order":206,"comment_status":"closed","ping_status":"closed","template":"","meta":{"_acf_changed":false,"h5ap_radio_sources":[],"footnotes":""},"page_kiemeles":[],"page_online-evek":[],"class_list":["post-26555","page","type-page","status-publish","has-post-thumbnail"],"acf":[],"_links":{"self":[{"href":"https:\/\/balkon.art\/home\/wp-json\/wp\/v2\/pages\/26555","targetHints":{"allow":["GET"]}}],"collection":[{"href":"https:\/\/balkon.art\/home\/wp-json\/wp\/v2\/pages"}],"about":[{"href":"https:\/\/balkon.art\/home\/wp-json\/wp\/v2\/types\/page"}],"author":[{"embeddable":true,"href":"https:\/\/balkon.art\/home\/wp-json\/wp\/v2\/users\/1"}],"replies":[{"embeddable":true,"href":"https:\/\/balkon.art\/home\/wp-json\/wp\/v2\/comments?post=26555"}],"version-history":[{"count":0,"href":"https:\/\/balkon.art\/home\/wp-json\/wp\/v2\/pages\/26555\/revisions"}],"up":[{"embeddable":true,"href":"https:\/\/balkon.art\/home\/wp-json\/wp\/v2\/pages\/26240"}],"wp:featuredmedia":[{"embeddable":true,"href":"https:\/\/balkon.art\/home\/wp-json\/wp\/v2\/media\/26557"}],"wp:attachment":[{"href":"https:\/\/balkon.art\/home\/wp-json\/wp\/v2\/media?parent=26555"}],"wp:term":[{"taxonomy":"page_kiemeles","embeddable":true,"href":"https:\/\/balkon.art\/home\/wp-json\/wp\/v2\/page_kiemeles?post=26555"},{"taxonomy":"page_online-evek","embeddable":true,"href":"https:\/\/balkon.art\/home\/wp-json\/wp\/v2\/page_online-evek?post=26555"}],"curies":[{"name":"wp","href":"https:\/\/api.w.org\/{rel}","templated":true}]}}