{"id":26484,"date":"2021-05-23T21:59:50","date_gmt":"2021-05-23T19:59:50","guid":{"rendered":"https:\/\/balkon.art\/home\/?page_id=26484"},"modified":"2022-02-11T21:07:38","modified_gmt":"2022-02-11T20:07:38","slug":"off-biennale-budapest-borocz-judit-es-palinkas-bence-gyorgy-a-kis-olvasztotegely","status":"publish","type":"page","link":"https:\/\/balkon.art\/home\/online-2021\/off-biennale-budapest-borocz-judit-es-palinkas-bence-gyorgy-a-kis-olvasztotegely\/","title":{"rendered":"OFF-Bienn\u00e1le Budapest | B\u00f6r\u00f6cz Judit \u00e9s P\u00e1link\u00e1s Bence Gy\u00f6rgy: <em>A kis olvaszt\u00f3t\u00e9gely<\/em>"},"content":{"rendered":"[vc_row type=&#8221;in_container&#8221; full_screen_row_position=&#8221;middle&#8221; column_margin=&#8221;default&#8221; column_direction=&#8221;default&#8221; column_direction_tablet=&#8221;default&#8221; column_direction_phone=&#8221;default&#8221; scene_position=&#8221;center&#8221; text_color=&#8221;dark&#8221; text_align=&#8221;left&#8221; row_border_radius=&#8221;none&#8221; row_border_radius_applies=&#8221;bg&#8221; class=&#8221;text-20r&#8221; overlay_strength=&#8221;0.3&#8243; gradient_direction=&#8221;left_to_right&#8221; shape_divider_position=&#8221;bottom&#8221; bg_image_animation=&#8221;none&#8221; shape_type=&#8221;&#8221;][vc_column column_padding=&#8221;no-extra-padding&#8221; column_padding_tablet=&#8221;inherit&#8221; column_padding_phone=&#8221;inherit&#8221; column_padding_position=&#8221;all&#8221; column_element_spacing=&#8221;default&#8221; background_color_opacity=&#8221;1&#8243; background_hover_color_opacity=&#8221;1&#8243; column_shadow=&#8221;none&#8221; column_border_radius=&#8221;none&#8221; column_link_target=&#8221;_self&#8221; el_class=&#8221;p-4-0&#8243; gradient_direction=&#8221;left_to_right&#8221; overlay_strength=&#8221;0.3&#8243; width=&#8221;1\/1&#8243; tablet_width_inherit=&#8221;default&#8221; tablet_text_alignment=&#8221;default&#8221; phone_text_alignment=&#8221;default&#8221; bg_image_animation=&#8221;none&#8221; border_type=&#8221;simple&#8221; column_border_width=&#8221;none&#8221; column_border_style=&#8221;solid&#8221;][vc_column_text]\n<h2>OFF-Bienn\u00e1le Budapest<\/h2>\n[\/vc_column_text][vc_column_text el_class=&#8221;p-2-0&#8243;]\n<h2>B\u00f6r\u00f6cz Judit \u00e9s P\u00e1link\u00e1s Bence Gy\u00f6rgy: <em>A kis olvaszt\u00f3t\u00e9gely<\/em><\/h2>\n[\/vc_column_text][vc_column_text el_class=&#8221;p-2-0&#8243;]\n<h3>Egy\u00e9nileg bej\u00e1rhat\u00f3 hangs\u00e9ta \u00e9s k\u00f6zt\u00e9ren elhelyezett z\u00e1szl\u00f3<\/h3>\n[\/vc_column_text][\/vc_column][\/vc_row][vc_row type=&#8221;in_container&#8221; full_screen_row_position=&#8221;middle&#8221; column_margin=&#8221;default&#8221; column_direction=&#8221;default&#8221; column_direction_tablet=&#8221;default&#8221; column_direction_phone=&#8221;default&#8221; scene_position=&#8221;center&#8221; text_color=&#8221;dark&#8221; text_align=&#8221;left&#8221; row_border_radius=&#8221;none&#8221; row_border_radius_applies=&#8221;bg&#8221; overlay_strength=&#8221;0.3&#8243; gradient_direction=&#8221;left_to_right&#8221; shape_divider_position=&#8221;bottom&#8221; bg_image_animation=&#8221;none&#8221; shape_type=&#8221;&#8221;][vc_column column_padding=&#8221;no-extra-padding&#8221; column_padding_tablet=&#8221;inherit&#8221; column_padding_phone=&#8221;inherit&#8221; column_padding_position=&#8221;right&#8221; column_element_spacing=&#8221;default&#8221; background_color_opacity=&#8221;1&#8243; background_hover_color_opacity=&#8221;1&#8243; column_shadow=&#8221;none&#8221; column_border_radius=&#8221;none&#8221; column_link_target=&#8221;_self&#8221; gradient_direction=&#8221;left_to_right&#8221; overlay_strength=&#8221;0.3&#8243; width=&#8221;1\/1&#8243; tablet_width_inherit=&#8221;default&#8221; tablet_text_alignment=&#8221;default&#8221; phone_text_alignment=&#8221;default&#8221; bg_image_animation=&#8221;none&#8221; border_type=&#8221;simple&#8221; column_border_width=&#8221;none&#8221; column_border_style=&#8221;solid&#8221;][vc_column_text]\n<p class=\"adat-01\">Egy\u00fcttm\u0171k\u00f6d\u0151k: Barna Orsolya, Kelemen Krist\u00f3f, Zs\u00e1mboki Mikl\u00f3s<\/p>\n<p class=\"adat-01\">El\u0151ad\u00f3k: Homonnai Katalin, R\u00e9ti Iring\u00f3, B\u00f6r\u00f6cz Judit, K\u00f6v\u00e9cs Luca, L\u0151di Vir\u00e1g, M\u00e9sz\u00e1ros T\u00fcnde, Schuller Judit Fl\u00f3ra<\/p>\n<p class=\"adat-01\">Zene: Nikolai Galen (The Pastoral Symphony: 2nd Movement, take 2, mix 1), Kov\u00e1cs-Vajda Bence (Surface Drainage), Tijana Stankovi\u0107 (Solo at Jazzire 2019), Szigeti M\u00e1t\u00e9 (Slow and Loud; Second Movement &#8211; Beethoven, el\u0151adja: Classicus Quartet)<\/p>\n<p class=\"adat-01\">Hang: Kov\u00e1cs-Vajda Bence, Zs\u00e1ger-Varga \u00c1kos<\/p>\n<p class=\"adat-01\">Ford\u00edt\u00e1s: Anna Bentley (angol)<\/p>\n<p class=\"adat-01\">Fot\u00f3, vide\u00f3, z\u00e1szl\u00f3 kivitelez\u00e9s: Ember S\u00e1ri<\/p>\n<p class=\"adat-01\">Textilfest\u00e9s: Szak\u00e1cs Nikoletta<\/p>\n<p class=\"adat-01\">Tan\u00e1csad\u00f3 (sz\u00f6veg): Ors\u00f3s J\u00e1nos R\u00f3bert<\/p>\n<p class=\"adat-01\">Olvas\u00f3szerkeszt\u0151: T\u00f3th K\u00e1roly<\/p>\n<p class=\"adat-01\">Produkci\u00f3s asszisztens: Valtinyi Zsuzsa<\/p>\n<p class=\"adat-01\">K\u00fcl\u00f6n k\u00f6sz\u00f6net: Bal\u00e1zs G\u00e1bor, Borb\u00e1s Domokos, B\u00f6r\u00f6cz R\u00e9ka, Egry G\u00e1bor, Kelemen Krist\u00f3f, L\u0151rincz Marcell, M\u00e1tyus Aliz, Mink Andr\u00e1s, Monory R\u00e1hel, StudioMajor, az OFF-Bienn\u00e1le csapata, Traf\u00f3 Kort\u00e1rs M\u0171v\u00e9szetek H\u00e1za<\/p>\n<p class=\"adat-01\">T\u00e1mogat\u00f3k: Summa Artium, Szubjekt\u00edv \u00c9rt\u00e9kek Alap\u00edtv\u00e1ny<\/p>\n[\/vc_column_text][divider line_type=&#8221;No Line&#8221; custom_height=&#8221;20&#8243; custom_height_tablet=&#8221;10&#8243; custom_height_phone=&#8221;5&#8243;][\/vc_column][\/vc_row][vc_row type=&#8221;full_width_content&#8221; full_screen_row_position=&#8221;middle&#8221; column_margin=&#8221;default&#8221; column_direction=&#8221;default&#8221; column_direction_tablet=&#8221;default&#8221; column_direction_phone=&#8221;default&#8221; full_height=&#8221;yes&#8221; scene_position=&#8221;center&#8221; text_color=&#8221;light&#8221; text_align=&#8221;left&#8221; row_border_radius=&#8221;none&#8221; row_border_radius_applies=&#8221;bg&#8221; overlay_strength=&#8221;0.3&#8243; gradient_direction=&#8221;left_to_right&#8221; shape_divider_position=&#8221;bottom&#8221; bg_image_animation=&#8221;none&#8221; sbvcbgslider_enable=&#8221;yes&#8221; sbvcbgslider_random_order=&#8221;yes&#8221; sbvcbgslider_animation_speed=&#8221;8000&#8243; sbvcbgslider_slide_duration=&#8221;1500&#8243; shape_type=&#8221;&#8221; sbvcbgslider_slider_attachments=&#8221;26488,26489,26491,26492,26490,26493,26494,26502,26503,26504,26505,26506,26507,26508,26509,26510,26512,26513,26514,26515,26516,26523,26524,26511,26525,26526,26527,26528,26529,26530,26531,26550,26551,26548,26549&#8243;][vc_column column_padding=&#8221;no-extra-padding&#8221; column_padding_tablet=&#8221;inherit&#8221; column_padding_phone=&#8221;inherit&#8221; column_padding_position=&#8221;right&#8221; column_element_spacing=&#8221;default&#8221; background_color_opacity=&#8221;1&#8243; background_hover_color_opacity=&#8221;1&#8243; column_shadow=&#8221;none&#8221; column_border_radius=&#8221;none&#8221; column_link_target=&#8221;_self&#8221; el_class=&#8221;p-2-0&#8243; gradient_direction=&#8221;left_to_right&#8221; overlay_strength=&#8221;0.3&#8243; width=&#8221;1\/1&#8243; tablet_width_inherit=&#8221;default&#8221; tablet_text_alignment=&#8221;default&#8221; phone_text_alignment=&#8221;default&#8221; bg_image_animation=&#8221;none&#8221; border_type=&#8221;simple&#8221; column_border_width=&#8221;none&#8221; column_border_style=&#8221;solid&#8221;][vc_row_inner column_margin=&#8221;default&#8221; column_direction=&#8221;default&#8221; column_direction_tablet=&#8221;default&#8221; column_direction_phone=&#8221;default&#8221; text_align=&#8221;left&#8221;][vc_column_inner column_padding=&#8221;padding-5-percent&#8221; column_padding_tablet=&#8221;inherit&#8221; column_padding_phone=&#8221;inherit&#8221; column_padding_position=&#8221;left-right&#8221; column_element_spacing=&#8221;default&#8221; background_color_opacity=&#8221;1&#8243; background_hover_color_opacity=&#8221;1&#8243; column_shadow=&#8221;none&#8221; column_border_radius=&#8221;none&#8221; column_link_target=&#8221;_self&#8221; gradient_direction=&#8221;left_to_right&#8221; overlay_strength=&#8221;0.3&#8243; width=&#8221;1\/1&#8243; tablet_width_inherit=&#8221;default&#8221; bg_image_animation=&#8221;none&#8221; border_type=&#8221;simple&#8221; column_border_width=&#8221;none&#8221; column_border_style=&#8221;solid&#8221;]<div class=\"audioplayer-tobe  playerid-26853 ap_idx_26484_1 is-single-player apconfig-fff-3  skin-wave  ap26853 auto-init\"  data-options='{\"skinwave_comments_playerid\":26853,\"design_skin\":\"skin-wave\",\"default_volume\":\"1\",\"disable_scrubbar\":\"off\",\"skinwave_enablereflect\":\"on\",\"preload_method\":\"auto\",\"skinwave_timer_static\":\"on\",\"design_wave_color_bg\":\"ffffff\",\"design_wave_color_progress\":\"3ad270\",\"skinwave_wave_mode_canvas_waves_number\":\"2\",\"skinwave_wave_mode_canvas_waves_padding\":\"1\",\"skinwave_wave_mode_canvas_reflection_size\":\"0.25\",\"cue\":\"auto\",\"embedded\":\"off\",\"soundcloud_apikey\":\"979780556\",\"php_retriever\":\"https:\\\/\\\/balkon.art\\\/home\\\/wp-content\\\/plugins\\\/dzs-zoomsounds\\\/inc\\\/php\\\/soundcloudretriever.php\",\"skinwave_wave_mode_canvas_normalize\":\"off\",\"settings_php_handler\":\"wpdefault\"}' style=\" opacity: 0; \" data-posttype=\"attachment\" id=\"ap26853\" data-playerid=\"26853\" data-computed-playerid=\"26853\" data-real-playerid=\"26853\" data-sanitized_source=\"httpsbalkonarthomewpcontentuploads202107boroczpalinkasakisolvasztotegelyhurmp3\" data-sample_time_total=\"203\" data-pcm='[0.02,0.02,0.01,0.01,0.02,0.02,0.01,0.02,0.01,0.01,0.02,0.03,0.01,0.01,0.02,0.02,0.01,0.01,0.03,0.02,0.05,0.05,0.05,0.05,0.07,0.09,0.04,0.06,0.14,0.06,0.08,0.05,0.04,0.06,0.05,0.06,0.12,0.11,0.05,0.09,0.08,0.09,0.1,0.15,0.09,0.08,0.07,0.07,0.1,0.07,0.07,0.08,0.06,0.06,0.08,0.07,0.08,0.11,0.08,0.06,0.07,0.07,0.08,0.09,0.08,0.06,0.07,0.07,0.08,0.08,0.06,0.09,0.06,0.08,0.08,0.08,0.1,0.08,0.12,0.1,0.04,0.05,0.12,0.06,0.04,0.07,0.07,0.07,0.06,0.09,0.05,0.05,0.08,0.12,0.08,0.14,0.06,0.07,0.06,0.06,0.05,0.17,0.08,0.12,0.08,0.08,0.13,0.06,0.11,0.08,0.13,0.07,0.07,0.03,0.05,0.08,0.07,0.08,0.11,0.05,0.14,0.09,0.06,0.06,0.06,0.07,0.08,0.09,0.08,0.11,0.16,0.05,0.07,0.13,0.1,0.08,0.06,0.03,0.17,0.03,0.05,0.03,0.04,0.05,0.02,0.02,0.01,0.01,0.01,0.01,0.04,0.07,0.03,0.07,0.02,0.02,0.03,0.02,0.03,0.01,0.06,0.01,0.05,0.04,0.05,0.07,0.04,0.03,0.02,0,0.06,0.06,0.01,0.03,0,0,0.03,0.06,0.01,0.07,0,0,0.01,0.02,0.01,0.01,0,0,0,0,0,0,0,0,0,0,0,0,0,0,0,0,0,0,0.01,0.02,0.03,0.02,0.04,0.04,0.04,0.03,0.02,0.02,0.04,0.03,0.03,0.08,0.08,0.05,0.04,0.06,0.04,0.06,0.08,0.05,0.06,0.07,0.02,0.06,0.1,0.08,0.03,0.06,0.09,0.05,0.05,0.03,0.02,0.05,0.02,0.02,0.08,0.07,0.06,0.06,0.06,0.07,0.09,0.02,0.08,0.04,0.02,0.04,0.02,0.02,0.03,0.03,0.08,0.06,0.09,0.1,0.08,0.07,0.04,0.04,0.07,0.02,0.03,0.09,0.1,0.05,0.07,0.03,0.05,0.03,0.1,0.02,0.06,0.09,0.12,0.04,0.05,0.15,0.05,0.06,0.06,0.11,0.02,0.13,0.08,0.05,0.1,0.11,0.05,0.06,0.06,0.05,0.15,0.04,0.13,0.06,0.06,0.12,0.07,0.08,0.05,0.03,0.04,0.04,0.11,0.06,0.11,0.1,0.08,0.1,0.06,0.07,0.08,0.06,0.13,0.08,0.09,0.09,0.03,0.09,0.07,0.11,0.08,0.05,0.02,0.07,0.05,0.06,0.09,0.08,0.03,0.04,0.02,0.03,0.02,0.09,0.09,0.07,0.04,0.05,0.06,0.05,0.1,0.02,0.03,0.05,0.1,0.07,0.06,0.06,0.05,0.05,0.09,0.06,0.05,0.03,0.03,0.08,0.06,0.04,0.04,0.04,0.06,0.04,0.04,0.05,0.05,0.07,0.04,0.05,0.04,0.07,0.05,0.03,0.05,0.04,0.06,0.07,0.06,0.03,0.09,0.07,0.08,0.05,0.03,0.08,0.01,0.04,0.01,0,0,0,0,0]' data-type=\"audio\" data-source=\"https:\/\/balkon.art\/home\/ba-app\/uploads\/2021\/07\/borocz-palinkas-a-kis-olvasztotegely-hu-r.mp3\" data-playfrom=\"off\"><div hidden class=\"feed-dzsap feed-artist-name\">B\u00f6r\u00f6cz Judit \u00e9s P\u00e1link\u00e1s Bence Gy\u00f6rgy<\/div><div hidden class=\"feed-dzsap feed-song-name\">A kis olvaszt\u00f3t\u00e9gely<\/div><div class=\"meta-artist track-meta-for-dzsap\"><span class=\"the-artist first-line\"><span class=\"first-line-label\" >B\u00f6r\u00f6cz Judit \u00e9s P\u00e1link\u00e1s Bence Gy\u00f6rgy<\/span><\/span><span class=\"the-name the-songname second-line\" >A kis olvaszt\u00f3t\u00e9gely<\/span><\/div><div class=\"menu-description\"><span class=\"the-artist\">B\u00f6r\u00f6cz Judit \u00e9s P\u00e1link\u00e1s Bence Gy\u00f6rgy<\/span><span class=\"the-name\">A kis olvaszt\u00f3t\u00e9gely<\/span><\/div><\/div>[\/vc_column_inner][\/vc_row_inner][\/vc_column][\/vc_row][vc_row type=&#8221;full_width_content&#8221; full_screen_row_position=&#8221;middle&#8221; column_margin=&#8221;default&#8221; column_direction=&#8221;default&#8221; column_direction_tablet=&#8221;default&#8221; column_direction_phone=&#8221;default&#8221; scene_position=&#8221;center&#8221; text_color=&#8221;dark&#8221; text_align=&#8221;left&#8221; row_border_radius=&#8221;none&#8221; row_border_radius_applies=&#8221;bg&#8221; overlay_strength=&#8221;0.3&#8243; gradient_direction=&#8221;left_to_right&#8221; shape_divider_position=&#8221;bottom&#8221; bg_image_animation=&#8221;none&#8221; shape_type=&#8221;&#8221;][vc_column column_padding=&#8221;no-extra-padding&#8221; column_padding_tablet=&#8221;inherit&#8221; column_padding_phone=&#8221;inherit&#8221; column_padding_position=&#8221;right&#8221; column_element_spacing=&#8221;default&#8221; background_color_opacity=&#8221;1&#8243; background_hover_color_opacity=&#8221;1&#8243; column_shadow=&#8221;none&#8221; column_border_radius=&#8221;none&#8221; column_link_target=&#8221;_self&#8221; gradient_direction=&#8221;left_to_right&#8221; overlay_strength=&#8221;0.3&#8243; width=&#8221;1\/1&#8243; tablet_width_inherit=&#8221;default&#8221; tablet_text_alignment=&#8221;default&#8221; phone_text_alignment=&#8221;default&#8221; bg_image_animation=&#8221;none&#8221; border_type=&#8221;simple&#8221; column_border_width=&#8221;none&#8221; column_border_style=&#8221;solid&#8221;][vc_column_text]\n<p class=\"kepalir-1r-full\">\u00a9 Fot\u00f3k: Eln Ferenc<\/p>\n[\/vc_column_text][\/vc_column][\/vc_row][vc_row type=&#8221;full_width_content&#8221; full_screen_row_position=&#8221;middle&#8221; column_margin=&#8221;default&#8221; column_direction=&#8221;default&#8221; column_direction_tablet=&#8221;default&#8221; column_direction_phone=&#8221;default&#8221; scene_position=&#8221;center&#8221; text_color=&#8221;dark&#8221; text_align=&#8221;left&#8221; row_border_radius=&#8221;none&#8221; row_border_radius_applies=&#8221;bg&#8221; class=&#8221;full-5-25 p-6-0&#8243; overlay_strength=&#8221;0.3&#8243; gradient_direction=&#8221;left_to_right&#8221; shape_divider_position=&#8221;bottom&#8221; bg_image_animation=&#8221;none&#8221; shape_type=&#8221;&#8221;][vc_column column_padding=&#8221;no-extra-padding&#8221; column_padding_tablet=&#8221;inherit&#8221; column_padding_phone=&#8221;inherit&#8221; column_padding_position=&#8221;right&#8221; column_element_spacing=&#8221;default&#8221; background_color_opacity=&#8221;1&#8243; background_hover_color_opacity=&#8221;1&#8243; column_shadow=&#8221;none&#8221; column_border_radius=&#8221;none&#8221; column_link_target=&#8221;_self&#8221; gradient_direction=&#8221;left_to_right&#8221; overlay_strength=&#8221;0.3&#8243; width=&#8221;1\/1&#8243; tablet_width_inherit=&#8221;default&#8221; tablet_text_alignment=&#8221;default&#8221; phone_text_alignment=&#8221;default&#8221; bg_image_animation=&#8221;none&#8221; border_type=&#8221;simple&#8221; column_border_width=&#8221;none&#8221; column_border_style=&#8221;solid&#8221;][image_with_animation image_url=&#8221;26570&#8243; animation=&#8221;Fade In&#8221; hover_animation=&#8221;none&#8221; alignment=&#8221;&#8221; border_radius=&#8221;none&#8221; box_shadow=&#8221;none&#8221; image_loading=&#8221;default&#8221; max_width=&#8221;100%&#8221; max_width_mobile=&#8221;default&#8221;][vc_column_text]\n<p class=\"kepalir-1r\">\u00a9 Fot\u00f3: Ember S\u00e1ri<\/p>\n[\/vc_column_text][\/vc_column][\/vc_row][vc_row type=&#8221;full_width_content&#8221; full_screen_row_position=&#8221;middle&#8221; column_margin=&#8221;default&#8221; column_direction=&#8221;default&#8221; column_direction_tablet=&#8221;default&#8221; column_direction_phone=&#8221;default&#8221; scene_position=&#8221;center&#8221; text_color=&#8221;dark&#8221; text_align=&#8221;left&#8221; row_border_radius=&#8221;none&#8221; row_border_radius_applies=&#8221;bg&#8221; class=&#8221;full-5-25 p-6-0&#8243; overlay_strength=&#8221;0.3&#8243; gradient_direction=&#8221;left_to_right&#8221; shape_divider_position=&#8221;bottom&#8221; bg_image_animation=&#8221;none&#8221; shape_type=&#8221;&#8221;][vc_column column_padding=&#8221;no-extra-padding&#8221; column_padding_tablet=&#8221;inherit&#8221; column_padding_phone=&#8221;inherit&#8221; column_padding_position=&#8221;right&#8221; column_element_spacing=&#8221;default&#8221; background_color_opacity=&#8221;1&#8243; background_hover_color_opacity=&#8221;1&#8243; column_shadow=&#8221;none&#8221; column_border_radius=&#8221;none&#8221; column_link_target=&#8221;_self&#8221; gradient_direction=&#8221;left_to_right&#8221; overlay_strength=&#8221;0.3&#8243; width=&#8221;1\/1&#8243; tablet_width_inherit=&#8221;default&#8221; tablet_text_alignment=&#8221;default&#8221; phone_text_alignment=&#8221;default&#8221; bg_image_animation=&#8221;none&#8221; border_type=&#8221;simple&#8221; column_border_width=&#8221;none&#8221; column_border_style=&#8221;solid&#8221;][image_with_animation image_url=&#8221;26540&#8243; animation=&#8221;Fade In&#8221; hover_animation=&#8221;none&#8221; alignment=&#8221;&#8221; border_radius=&#8221;none&#8221; box_shadow=&#8221;none&#8221; image_loading=&#8221;default&#8221; max_width=&#8221;100%&#8221; max_width_mobile=&#8221;default&#8221;][vc_column_text]\n<p class=\"kepalir-1r\">\u00a9 Fot\u00f3: Eln Ferenc<\/p>\n[\/vc_column_text][\/vc_column][\/vc_row][vc_row type=&#8221;full_width_content&#8221; full_screen_row_position=&#8221;middle&#8221; column_margin=&#8221;default&#8221; column_direction=&#8221;default&#8221; column_direction_tablet=&#8221;default&#8221; column_direction_phone=&#8221;default&#8221; scene_position=&#8221;center&#8221; text_color=&#8221;dark&#8221; text_align=&#8221;left&#8221; row_border_radius=&#8221;none&#8221; row_border_radius_applies=&#8221;bg&#8221; class=&#8221;full-5-25 p-6-0&#8243; overlay_strength=&#8221;0.3&#8243; gradient_direction=&#8221;left_to_right&#8221; shape_divider_position=&#8221;bottom&#8221; bg_image_animation=&#8221;none&#8221; shape_type=&#8221;&#8221;][vc_column column_padding=&#8221;no-extra-padding&#8221; column_padding_tablet=&#8221;inherit&#8221; column_padding_phone=&#8221;inherit&#8221; column_padding_position=&#8221;right&#8221; column_element_spacing=&#8221;default&#8221; background_color_opacity=&#8221;1&#8243; background_hover_color_opacity=&#8221;1&#8243; column_shadow=&#8221;none&#8221; column_border_radius=&#8221;none&#8221; column_link_target=&#8221;_self&#8221; gradient_direction=&#8221;left_to_right&#8221; overlay_strength=&#8221;0.3&#8243; width=&#8221;1\/1&#8243; tablet_width_inherit=&#8221;default&#8221; tablet_text_alignment=&#8221;default&#8221; phone_text_alignment=&#8221;default&#8221; bg_image_animation=&#8221;none&#8221; border_type=&#8221;simple&#8221; column_border_width=&#8221;none&#8221; column_border_style=&#8221;solid&#8221;][vc_column_text]\n<p class=\"idezet-3\" style=\"color: #c63e3e; text-align: center;\">EGYED\u00dcL AZ IGAZS\u00c1GOSAK HAZ\u00c1JA FOG GYARAPULHATNI<\/p>\n[\/vc_column_text][divider line_type=&#8221;No Line&#8221; custom_height=&#8221;40&#8243; custom_height_tablet=&#8221;30&#8243; custom_height_phone=&#8221;20&#8243;][\/vc_column][\/vc_row][vc_row type=&#8221;full_width_background&#8221; full_screen_row_position=&#8221;middle&#8221; column_margin=&#8221;default&#8221; column_direction=&#8221;default&#8221; column_direction_tablet=&#8221;default&#8221; column_direction_phone=&#8221;default&#8221; scene_position=&#8221;center&#8221; text_color=&#8221;dark&#8221; text_align=&#8221;left&#8221; row_border_radius=&#8221;none&#8221; row_border_radius_applies=&#8221;bg&#8221; class=&#8221;p-6-0&#8243; overlay_strength=&#8221;0.3&#8243; gradient_direction=&#8221;left_to_right&#8221; shape_divider_position=&#8221;bottom&#8221; bg_image_animation=&#8221;none&#8221; shape_type=&#8221;&#8221;][vc_column column_padding=&#8221;no-extra-padding&#8221; column_padding_tablet=&#8221;inherit&#8221; column_padding_phone=&#8221;inherit&#8221; column_padding_position=&#8221;right&#8221; column_element_spacing=&#8221;default&#8221; background_color_opacity=&#8221;1&#8243; background_hover_color_opacity=&#8221;1&#8243; column_shadow=&#8221;none&#8221; column_border_radius=&#8221;none&#8221; column_link_target=&#8221;_self&#8221; gradient_direction=&#8221;left_to_right&#8221; overlay_strength=&#8221;0.3&#8243; width=&#8221;1\/1&#8243; tablet_width_inherit=&#8221;default&#8221; tablet_text_alignment=&#8221;default&#8221; phone_text_alignment=&#8221;default&#8221; bg_image_animation=&#8221;none&#8221; border_type=&#8221;simple&#8221; column_border_width=&#8221;none&#8221; column_border_style=&#8221;solid&#8221;][image_with_animation image_url=&#8221;26541&#8243; animation=&#8221;Fade In&#8221; hover_animation=&#8221;none&#8221; alignment=&#8221;&#8221; border_radius=&#8221;none&#8221; box_shadow=&#8221;none&#8221; image_loading=&#8221;default&#8221; max_width=&#8221;100%&#8221; max_width_mobile=&#8221;default&#8221;][vc_column_text]\n<p class=\"kepalir-1r\">\u00a9 Fot\u00f3: Eln Ferenc<\/p>\n[\/vc_column_text][\/vc_column][\/vc_row][vc_row type=&#8221;full_width_content&#8221; full_screen_row_position=&#8221;middle&#8221; column_margin=&#8221;default&#8221; column_direction=&#8221;default&#8221; column_direction_tablet=&#8221;default&#8221; column_direction_phone=&#8221;default&#8221; scene_position=&#8221;center&#8221; text_color=&#8221;dark&#8221; text_align=&#8221;center&#8221; row_border_radius=&#8221;none&#8221; row_border_radius_applies=&#8221;bg&#8221; overlay_strength=&#8221;0.3&#8243; gradient_direction=&#8221;left_to_right&#8221; shape_divider_position=&#8221;bottom&#8221; bg_image_animation=&#8221;none&#8221; shape_type=&#8221;&#8221;][vc_column column_padding=&#8221;no-extra-padding&#8221; column_padding_tablet=&#8221;inherit&#8221; column_padding_phone=&#8221;inherit&#8221; column_padding_position=&#8221;all&#8221; column_element_spacing=&#8221;default&#8221; centered_text=&#8221;true&#8221; background_color_opacity=&#8221;1&#8243; background_hover_color_opacity=&#8221;1&#8243; column_shadow=&#8221;none&#8221; column_border_radius=&#8221;none&#8221; column_link_target=&#8221;_self&#8221; el_class=&#8221;p-3-4&#8243; gradient_direction=&#8221;left_to_right&#8221; overlay_strength=&#8221;0.3&#8243; width=&#8221;1\/1&#8243; tablet_width_inherit=&#8221;default&#8221; tablet_text_alignment=&#8221;default&#8221; phone_text_alignment=&#8221;default&#8221; bg_image_animation=&#8221;none&#8221; border_type=&#8221;simple&#8221; column_border_width=&#8221;none&#8221; column_border_style=&#8221;solid&#8221;]<div class=\"sharing-default-minimal\"><div class=\"nectar-social default\" data-position=\"left\" data-color-override=\"override\"><div class=\"nectar-social-inner\"><a class='facebook-share nectar-sharing' href='#' title='Share this'>  <i class='fa fa-facebook'><\/i> <span class='social-text'>Share<\/span> <\/a><a class='twitter-share nectar-sharing' href='#' title='Share this'> <i class='fa icon-salient-x-twitter'><\/i> <span class='social-text'>Share<\/span> <\/a><a class='pinterest-share nectar-sharing' href='#' title='Pin this'> <i class='fa fa-pinterest'><\/i> <span class='social-text'>Pin<\/span> <\/a><\/div><\/div><\/div>[\/vc_column][\/vc_row]\n","protected":false},"excerpt":{"rendered":"<p>[vc_row type=&#8221;in_container&#8221; full_screen_row_position=&#8221;middle&#8221; column_margin=&#8221;default&#8221; column_direction=&#8221;default&#8221; column_direction_tablet=&#8221;default&#8221; column_direction_phone=&#8221;default&#8221; scene_position=&#8221;center&#8221; text_color=&#8221;dark&#8221; text_align=&#8221;left&#8221; row_border_radius=&#8221;none&#8221; row_border_radius_applies=&#8221;bg&#8221; class=&#8221;text-20r&#8221; overlay_strength=&#8221;0.3&#8243; gradient_direction=&#8221;left_to_right&#8221; shape_divider_position=&#8221;bottom&#8221; bg_image_animation=&#8221;none&#8221; shape_type=&#8221;&#8221;][vc_column column_padding=&#8221;no-extra-padding&#8221; column_padding_tablet=&#8221;inherit&#8221; column_padding_phone=&#8221;inherit&#8221; column_padding_position=&#8221;all&#8221; column_element_spacing=&#8221;default&#8221; background_color_opacity=&#8221;1&#8243; background_hover_color_opacity=&#8221;1&#8243; column_shadow=&#8221;none&#8221; column_border_radius=&#8221;none&#8221; column_link_target=&#8221;_self&#8221; el_class=&#8221;p-4-0&#8243; gradient_direction=&#8221;left_to_right&#8221;&#8230;<\/p>\n","protected":false},"author":1,"featured_media":26557,"parent":26138,"menu_order":206,"comment_status":"closed","ping_status":"closed","template":"","meta":{"_acf_changed":false,"h5ap_radio_sources":[],"footnotes":""},"page_kiemeles":[],"page_online-evek":[],"class_list":["post-26484","page","type-page","status-publish","has-post-thumbnail"],"acf":[],"_links":{"self":[{"href":"https:\/\/balkon.art\/home\/wp-json\/wp\/v2\/pages\/26484","targetHints":{"allow":["GET"]}}],"collection":[{"href":"https:\/\/balkon.art\/home\/wp-json\/wp\/v2\/pages"}],"about":[{"href":"https:\/\/balkon.art\/home\/wp-json\/wp\/v2\/types\/page"}],"author":[{"embeddable":true,"href":"https:\/\/balkon.art\/home\/wp-json\/wp\/v2\/users\/1"}],"replies":[{"embeddable":true,"href":"https:\/\/balkon.art\/home\/wp-json\/wp\/v2\/comments?post=26484"}],"version-history":[{"count":0,"href":"https:\/\/balkon.art\/home\/wp-json\/wp\/v2\/pages\/26484\/revisions"}],"up":[{"embeddable":true,"href":"https:\/\/balkon.art\/home\/wp-json\/wp\/v2\/pages\/26138"}],"wp:featuredmedia":[{"embeddable":true,"href":"https:\/\/balkon.art\/home\/wp-json\/wp\/v2\/media\/26557"}],"wp:attachment":[{"href":"https:\/\/balkon.art\/home\/wp-json\/wp\/v2\/media?parent=26484"}],"wp:term":[{"taxonomy":"page_kiemeles","embeddable":true,"href":"https:\/\/balkon.art\/home\/wp-json\/wp\/v2\/page_kiemeles?post=26484"},{"taxonomy":"page_online-evek","embeddable":true,"href":"https:\/\/balkon.art\/home\/wp-json\/wp\/v2\/page_online-evek?post=26484"}],"curies":[{"name":"wp","href":"https:\/\/api.w.org\/{rel}","templated":true}]}}