{"id":25153,"date":"2020-06-29T15:29:12","date_gmt":"2020-06-29T13:29:12","guid":{"rendered":"https:\/\/balkon.art\/home\/?page_id=25153"},"modified":"2025-12-29T16:07:32","modified_gmt":"2025-12-29T15:07:32","slug":"najmanyi-laszlo-spions-utoszo","status":"publish","type":"page","link":"https:\/\/balkon.art\/home\/online-2020\/najmanyi-laszlo-spions-utoszo\/","title":{"rendered":"Najm\u00e1nyi L\u00e1szl\u00f3: SPIONS | ut\u00f3sz\u00f3"},"content":{"rendered":"[vc_row type=&#8221;full_width_content&#8221; full_screen_row_position=&#8221;middle&#8221; column_margin=&#8221;default&#8221; column_direction=&#8221;default&#8221; column_direction_tablet=&#8221;default&#8221; column_direction_phone=&#8221;default&#8221; bg_color=&#8221;#eae6d9&#8243; scene_position=&#8221;center&#8221; text_color=&#8221;dark&#8221; text_align=&#8221;left&#8221; row_border_radius=&#8221;none&#8221; row_border_radius_applies=&#8221;bg&#8221; row_position_desktop=&#8221;default&#8221; row_position_tablet=&#8221;inherit&#8221; row_position_phone=&#8221;inherit&#8221; overflow=&#8221;visible&#8221; overlay_strength=&#8221;0.3&#8243; gradient_direction=&#8221;left_to_right&#8221; shape_divider_position=&#8221;bottom&#8221; bg_image_animation=&#8221;none&#8221; video_mute=&#8221;true&#8221; shape_type=&#8221;&#8221;][vc_column column_padding=&#8221;no-extra-padding&#8221; column_padding_tablet=&#8221;inherit&#8221; column_padding_phone=&#8221;inherit&#8221; column_padding_position=&#8221;top&#8221; flex_gap_desktop=&#8221;10px&#8221; column_element_direction_desktop=&#8221;default&#8221; column_element_spacing=&#8221;default&#8221; desktop_text_alignment=&#8221;default&#8221; tablet_text_alignment=&#8221;default&#8221; phone_text_alignment=&#8221;default&#8221; background_color_opacity=&#8221;1&#8243; background_hover_color_opacity=&#8221;1&#8243; column_backdrop_filter=&#8221;none&#8221; column_shadow=&#8221;none&#8221; column_border_radius=&#8221;none&#8221; column_link_target=&#8221;_self&#8221; column_position=&#8221;default&#8221; gradient_direction=&#8221;left_to_right&#8221; overlay_strength=&#8221;0.3&#8243; width=&#8221;1\/1&#8243; tablet_width_inherit=&#8221;default&#8221; animation_type=&#8221;default&#8221; bg_image_animation=&#8221;none&#8221; border_type=&#8221;simple&#8221; column_border_width=&#8221;none&#8221; column_border_style=&#8221;solid&#8221;][vc_row_inner column_margin=&#8221;default&#8221; column_direction=&#8221;default&#8221; column_direction_tablet=&#8221;default&#8221; column_direction_phone=&#8221;default&#8221; text_align=&#8221;left&#8221; row_position=&#8221;default&#8221; row_position_tablet=&#8221;inherit&#8221; row_position_phone=&#8221;inherit&#8221; overflow=&#8221;visible&#8221; pointer_events=&#8221;all&#8221; class=&#8221;full-5-20&#8243;][vc_column_inner column_padding=&#8221;padding-2-percent&#8221; column_padding_tablet=&#8221;inherit&#8221; column_padding_phone=&#8221;inherit&#8221; column_padding_position=&#8221;left-right&#8221; flex_gap_desktop=&#8221;10px&#8221; column_element_direction_desktop=&#8221;default&#8221; column_element_spacing=&#8221;default&#8221; desktop_text_alignment=&#8221;default&#8221; tablet_text_alignment=&#8221;default&#8221; phone_text_alignment=&#8221;default&#8221; background_color_opacity=&#8221;1&#8243; background_hover_color_opacity=&#8221;1&#8243; column_backdrop_filter=&#8221;none&#8221; column_shadow=&#8221;none&#8221; column_border_radius=&#8221;none&#8221; column_link_target=&#8221;_self&#8221; overflow=&#8221;visible&#8221; el_class=&#8221;p-6-6&#8243; gradient_direction=&#8221;left_to_right&#8221; overlay_strength=&#8221;0.3&#8243; width=&#8221;1\/1&#8243; tablet_width_inherit=&#8221;default&#8221; animation_type=&#8221;default&#8221; enable_animation=&#8221;true&#8221; animation=&#8221;fade-in&#8221; animation_easing=&#8221;default&#8221; bg_image_animation=&#8221;none&#8221; border_type=&#8221;simple&#8221; column_border_width=&#8221;none&#8221; column_border_style=&#8221;solid&#8221; delay=&#8221;300&#8243;][vc_column_text]\n<p class=\"home-01-t\">\u201c&#8230;ADIEU RUE MONTMARTRE, RUE ST-JACQUES,<br \/>\nPLACE PIGALLE, NOTRE DAME<br \/>\nI LOVE YOU AFTER ALL \u00a0 \u00a0 \u00a0 \u00a0 \u00a0 \u00a0 I\u2019M AFRAID I\u2019M DEAD&#8230;\u201d<\/p>\n<p style=\"text-align: right;\"><span class=\"small\">G. Davidow \u2013 J-M. Salaun:<\/span> <em>ADIEU<\/em><\/p>\n[\/vc_column_text][\/vc_column_inner][\/vc_row_inner][vc_row_inner column_margin=&#8221;default&#8221; column_direction=&#8221;default&#8221; column_direction_tablet=&#8221;default&#8221; column_direction_phone=&#8221;default&#8221; text_align=&#8221;right&#8221; row_position=&#8221;default&#8221; row_position_tablet=&#8221;inherit&#8221; row_position_phone=&#8221;inherit&#8221; overflow=&#8221;visible&#8221; pointer_events=&#8221;all&#8221; class=&#8221;full-5-20&#8243;][vc_column_inner column_padding=&#8221;padding-2-percent&#8221; column_padding_tablet=&#8221;inherit&#8221; column_padding_phone=&#8221;inherit&#8221; column_padding_position=&#8221;left-right&#8221; flex_gap_desktop=&#8221;10px&#8221; column_element_direction_desktop=&#8221;default&#8221; column_element_spacing=&#8221;default&#8221; desktop_text_alignment=&#8221;right&#8221; tablet_text_alignment=&#8221;default&#8221; phone_text_alignment=&#8221;default&#8221; background_color_opacity=&#8221;1&#8243; background_hover_color_opacity=&#8221;1&#8243; column_backdrop_filter=&#8221;none&#8221; column_shadow=&#8221;none&#8221; column_border_radius=&#8221;none&#8221; column_link_target=&#8221;_self&#8221; overflow=&#8221;visible&#8221; el_class=&#8221;p-6-6&#8243; gradient_direction=&#8221;left_to_right&#8221; overlay_strength=&#8221;0.3&#8243; width=&#8221;1\/1&#8243; tablet_width_inherit=&#8221;default&#8221; animation_type=&#8221;default&#8221; enable_animation=&#8221;true&#8221; animation=&#8221;fade-in&#8221; animation_easing=&#8221;default&#8221; bg_image_animation=&#8221;none&#8221; border_type=&#8221;simple&#8221; column_border_width=&#8221;none&#8221; column_border_style=&#8221;solid&#8221; delay=&#8221;300&#8243; column_padding_type=&#8221;default&#8221; gradient_type=&#8221;default&#8221;][vc_column_text css=&#8221;&#8221; text_direction=&#8221;default&#8221;]\n<div class=\"audioplayer-tobe  playerid-13652755 ap_idx_25153_1 is-single-player apconfig-najmanyi-2  skin-wave  ap13652755 disable-volume auto-init\"  data-options='{\"skinwave_comments_playerid\":\"13652755\",\"disable_volume\":\"on\",\"design_skin\":\"skin-wave\",\"default_volume\":\"1\",\"disable_scrubbar\":\"off\",\"skinwave_dynamicwaves\":\"on\",\"skinwave_enableSpectrum\":\"on\",\"skinwave_enablereflect\":\"on\",\"design_wave_color_bg\":\"000000\",\"design_wave_color_progress\":\"f71508\",\"skinwave_wave_mode_canvas_waves_number\":\"2\",\"skinwave_wave_mode_canvas_waves_padding\":\"1\",\"skinwave_wave_mode_canvas_reflection_size\":\"0.25\",\"cue\":\"auto\",\"embedded\":\"off\",\"soundcloud_apikey\":\"979780556\",\"php_retriever\":\"https:\\\/\\\/balkon.art\\\/home\\\/wp-content\\\/plugins\\\/dzs-zoomsounds\\\/inc\\\/php\\\/soundcloudretriever.php\",\"skinwave_wave_mode_canvas_normalize\":\"off\",\"settings_php_handler\":\"wpdefault\"}' style=\" opacity: 0; \" id=\"ap13652755\" data-playerid=\"13652755\" data-computed-playerid=\"13652755\" data-sanitized_source=\"httpsbalkonarthomewpcontentuploads202006adieump3\" data-sample_time_total=\"285\" data-pcm='[0.2,0.11,0.15,0.21,0.17,0.23,0.08,0.1,0.27,0.03,0.17,0.06,0.14,0.14,0.28,0.12,0.14,0.1,0.18,0.06,0.19,0.07,0.36,0.07,0.19,0.17,0.19,0.12,0.19,0.24,0.14,0.21,0.32,0.11,0.25,0.09,0.09,0.33,0.09,0.12,0.3,0.29,0.25,0.18,0.15,0.24,0.19,0.16,0.15,0.08,0.12,0.24,0.21,0.21,0.21,0.26,0.09,0.08,0.08,0.27,0.18,0.2,0.45,0.19,0.28,0.19,0.08,0.17,0.22,0.17,0.09,0.09,0.27,0.13,0.17,0.29,0.26,0.15,0.09,0.24,0.49,0.13,0.21,0.15,0.12,0.15,0.1,0.22,0.17,0.08,0.18,0.34,0.23,0.2,0.26,0.14,0.18,0.16,0.17,0.2,0.16,0.22,0.11,0.04,0.17,0.11,0.12,0.11,0.18,0.22,0.06,0.52,0.09,0.13,0.07,0.16,0.12,0.31,0.14,0.08,0.1,0.1,0.2,0.16,0.18,0.1,0.23,0.06,0.15,0.13,0.24,0.17,0.16,0.18,0.14,0.09,0.29,0.15,0.08,0.17,0.18,0.09,0.19,0.19,0.39,0.25,0.19,0.12,0.23,0.19,0.17,0.18,0.27,0.11,0.13,0.18,0.16,0.15,0.14,0.14,0.13,0.1,0.09,0.17,0.11,0.17,0.18,0.14,0.2,0.06,0.27,0.17,0.07,0.13,0.09,0.16,0.25,0.07,0.13,0.17,0.19,0.13,0.25,0.15,0.15,0.17,0.1,0.93,0.2,0.08,0.14,0.21,0.07,0.24,0.32,0.15,0.1,0.22,0.18,0.14,0.14,0.24,0.2,0.17,0.25,0.28,0.14,0.24,0.09,0.16,0.25,0.02,0.25,0.24,0.25,0.19,0.11,0.2,0.15,0.14,0.22,0.1,0.23,0.14,0.22,0.26,0.23,0.1,0.14,0.2,0.19,0.09,0.19,0.2,0.22,0.19,0.34,0.04,0.16,0.27,0.24,0.23,0.2,0.42,0.16,0.12,0.24,0.19,0.13,0.22,0.17,0.09,0.23,0.15,0.14,0.15,0.32,0.13,0.19,0.18,0.16,0.14,0.15,0.28,0.19,0.25,0.22,0.28,0.14,0.15,0.22,0.12,0.2,0.18,0.07,0.21,0.12,0.15,0.28,0.1,0.13,0.2,0.15,0.13,0.1,0.16,0.1,0.16,0.23,0.13,0.22,0.13,0.08,0.17,0.16,0.14,0.21,0.15,0.09,0.24,0.1,0.14,0.27,0.09,0.23,0.09,0.09,0.12,0.2,0.09,0.1,0.18,0.13,0.29,0.17,0.14,0.08,0.22,0.2,0.12,0.15,0.21,0.18,0.18,0.22,0.3,0.2,0.13,0.07,0.07,0.25,0.17,0.16,0.28,0.09,0.12,0.1,0.21,0.17,0.17,0.23,0.14,0.11,0.08,0.22,0.18,0.25,0.27,0.17,0.24,0.19,0.25,0.19,0.13,0.19,0.12,0.13,0.21,0.31,0.18,0.13,0.12,0.17,0.28,0.05,0.17,0.28,0.17,0.15,0.14,0.16,0.1,0.2,0.19,0.07,0.02,0.09,0.07,0.01,0.11,0.11,0.01,0.11,0.07,0.02,0.04,0.03,0.08,0.06,0.03,0.04,0.01,0.02,0.01,0.01,0,0,0,0,0]' data-type=\"audio\" data-source=\"https:\/\/balkon.art\/home\/ba-app\/uploads\/2020\/06\/adieu.mp3\" data-playfrom=\"off\"><\/div>\n[\/vc_column_text][\/vc_column_inner][\/vc_row_inner][vc_row_inner column_margin=&#8221;default&#8221; column_direction=&#8221;default&#8221; column_direction_tablet=&#8221;default&#8221; column_direction_phone=&#8221;default&#8221; text_align=&#8221;left&#8221; row_position=&#8221;default&#8221; row_position_tablet=&#8221;inherit&#8221; row_position_phone=&#8221;inherit&#8221; overflow=&#8221;visible&#8221; pointer_events=&#8221;all&#8221; class=&#8221;full-5-20&#8243;][vc_column_inner column_padding=&#8221;padding-2-percent&#8221; column_padding_tablet=&#8221;inherit&#8221; column_padding_phone=&#8221;inherit&#8221; column_padding_position=&#8221;left-right&#8221; flex_gap_desktop=&#8221;10px&#8221; column_element_direction_desktop=&#8221;default&#8221; column_element_spacing=&#8221;default&#8221; desktop_text_alignment=&#8221;default&#8221; tablet_text_alignment=&#8221;default&#8221; phone_text_alignment=&#8221;default&#8221; background_color_opacity=&#8221;1&#8243; background_hover_color_opacity=&#8221;1&#8243; column_backdrop_filter=&#8221;none&#8221; column_shadow=&#8221;none&#8221; column_border_radius=&#8221;none&#8221; column_link_target=&#8221;_self&#8221; overflow=&#8221;visible&#8221; gradient_direction=&#8221;left_to_right&#8221; overlay_strength=&#8221;0.3&#8243; width=&#8221;1\/2&#8243; tablet_width_inherit=&#8221;default&#8221; animation_type=&#8221;default&#8221; enable_animation=&#8221;true&#8221; animation=&#8221;fade-in&#8221; animation_easing=&#8221;default&#8221; bg_image_animation=&#8221;none&#8221; border_type=&#8221;simple&#8221; column_border_width=&#8221;none&#8221; column_border_style=&#8221;solid&#8221; delay=&#8221;300&#8243;][divider line_type=&#8221;No Line&#8221; custom_height=&#8221;15&#8243; custom_height_tablet=&#8221;50&#8243; custom_height_phone=&#8221;30&#8243;][vc_column_text]Nyolc r\u00e9gi \u00e9vvel ezel\u0151tt, 2010 janu\u00e1rj\u00e1ban kezdtem el a <span class=\"no-hype\"><em>Balkon<\/em><\/span> magazinban, havonta megjelen\u0151 r\u00e9szletekben publik\u00e1lni a n\u00e9hai Vars\u00f3i Paktum els\u0151 punk egy\u00fcttese, az 1977-ben, Budapesten alakult SPIONS t\u00f6rt\u00e9net\u00e9t. N\u00e9z\u0151pontokat \u00e9s l\u00e9pt\u00e9keket v\u00e1ltogatva igyekeztem a t\u0151lem telhet\u0151 alaposs\u00e1ggal besz\u00e1molni az el\u0151zm\u00e9nyekr\u0151l, a v\u00e1ltoz\u00f3 t\u00f6rt\u00e9nelmi, politikai, spiritu\u00e1lis \u00e9s m\u0171v\u00e9szett\u00f6rt\u00e9neti k\u00f6r\u00fclm\u00e9nyekr\u0151l, a korszak \u2013 a modernizmus ag\u00f3ni\u00e1j\u00e1nak \u00e9s kim\u00fal\u00e1s\u00e1nak, valamint a t\u00f6megember kapitalizmusa globaliz\u00e1l\u00f3d\u00e1s\u00e1nak ideje \u2013 \u00e1ltalam fontosnak gondolt szem\u00e9lyis\u00e9geir\u0151l, esem\u00e9nyeir\u0151l, ir\u00e1nyzatair\u00f3l, jelens\u00e9geir\u0151l is. Munk\u00e1m vesz\u00e9lyes terepen, primit\u00edv, ellens\u00e9ges t\u00f6rzsek k\u00f6z\u00f6tt v\u00e9gzett kult\u00farantropol\u00f3giai<span class=\"index\">1<\/span> felt\u00e1r\u00e1snak is min\u0151s\u00edthet\u0151.<\/p>\n<p>2018 elej\u00e9re a SPIONS sz\u00fclet\u00e9st\u00f6rt\u00e9net\u00e9nek, m\u0171k\u00f6d\u00e9se els\u0151 eur\u00f3pai peri\u00f3dus\u00e1nak (1977\u20131980) ismertet\u00e9s\u00e9ig jutottam.<span class=\"index\">2<\/span> A m\u00e1ig tart\u00f3 t\u00f6rt\u00e9net innen Kanad\u00e1ban, az USA-ban, a D\u00e9l-tengerek szigetein, majd ism\u00e9t Eur\u00f3p\u00e1ban folytat\u00f3dik. Sajnos a <em>Balkon,<\/em> Magyarorsz\u00e1g legkit\u0171n\u0151bb m\u0171v\u00e9szeti magazinj\u00e1nak radik\u00e1lisan reduk\u00e1l\u00f3dott anyagi helyzete nem teszi lehet\u0151v\u00e9, hogy a n\u00e9pszer\u0171 SPIONS-sorozatot itt folytassam. Ez a <em>Balkon<\/em>ban megjelent SPIONS-saga utols\u00f3 fejezete. Pr\u00f3b\u00e1lok olyan kiadv\u00e1nyt tal\u00e1lni, amelyben folytathatom a sorozatot. V\u00e9gs\u0151 c\u00e9lom a teljes eposz k\u00f6nyv-tril\u00f3gi\u00e1ban t\u00f6rt\u00e9n\u0151 publik\u00e1l\u00e1sa. A tril\u00f3gia els\u0151 k\u00f6tete a <em>Balkon<\/em>ban megjelent sz\u00fclet\u00e9st\u00f6rt\u00e9net lesz.[\/vc_column_text][vc_column_text]\n<p style=\"text-align: right; letter-spacing: 2px;\"><em>Adieu<\/em><\/p>\n[\/vc_column_text][vc_column_text]\n<p style=\"letter-spacing: 2px;\">(2018)<\/p>\n[\/vc_column_text][divider line_type=&#8221;No Line&#8221; custom_height=&#8221;40&#8243; custom_height_tablet=&#8221;30&#8243; custom_height_phone=&#8221;20&#8243;][divider line_type=&#8221;Small Line&#8221; line_alignment=&#8221;default&#8221; line_thickness=&#8221;4&#8243; divider_color=&#8221;extra-color-2&#8243; custom_height=&#8221;20&#8243; custom_line_width=&#8221;100&#8243;][vc_column_text css=&#8221;&#8221; text_direction=&#8221;default&#8221;]\n<p class=\"footnote-anchor\">1<\/p>\n<p class=\"szcena-2014-lj\">E nagyfontoss\u00e1g\u00fa tudom\u00e1ny\u00e1gban a t\u00e1rsadalmi antropol\u00f3gia egyik kifejleszt\u0151je, <span class=\"small\">Sir Edward Evan Evans-Pritchard<\/span> (1902\u20131973) brit akad\u00e9mikus, az Oxfordi Egyetem professzora, \u00e9s a belgiumi sz\u00fclet\u00e9s\u0171 <span class=\"small\">Claude L\u00e9vi-Strauss<\/span> (1908\u20132009) francia szociol\u00f3gus, etnol\u00f3gus \u00e9s antropol\u00f3gus, a strukturalista mozgalom f\u0151 teoretikusa \u00e9s a struktur\u00e1lis antropol\u00f3gia ir\u00e1nyzat\u00e1nak megteremt\u0151je a f\u0151 p\u00e9ldak\u00e9peim. P\u00e1ly\u00e1ja kezdet\u00e9n Sir E. E. Evans-Pritchard a Fels\u0151-N\u00edlus vid\u00e9k\u00e9n \u00e9l\u0151 azande, bongo \u00e9s nuer t\u00f6rzsek hitrendszereit tanulm\u00e1nyozta.<br \/>\n<em>Witchcraft, Oracles and Magic Among the Azande (Boszork\u00e1nys\u00e1g, j\u00f3sok \u00e9s m\u00e1gia az azand\u00e9k k\u00f6z\u00f6tt)<\/em> c\u00edm\u0171, 1937-ben publik\u00e1lt k\u00f6nyve a kultur\u00e1lis antropol\u00f3gia egyik alapm\u0171ve. Claude L\u00e9vi-Strauss az amaz\u00f3niai indi\u00e1nok k\u00f6z\u00f6tt v\u00e9gzett kutat\u00e1sai eredm\u00e9ny\u00e9re alapozta az \u00edr\u00e1s el\u0151tti kult\u00far\u00e1k vall\u00e1si val\u00f3s\u00e1ga \u00e9s a m\u00f6g\u00f6ttes emberi gondolkod\u00e1s szerkezet\u00e9nek alakul\u00e1s\u00e1ra vonatkoz\u00f3 meg\u00e1llap\u00edt\u00e1sait. Neki k\u00f6sz\u00f6nhetj\u00fck a vad gondolkod\u00e1s (<em>la pens\u00e9e sauvage<\/em>) fogalm\u00e1t, amely az \u00edr\u00e1s el\u0151tti kult\u00far\u00e1k tudati folyamatait asszoci\u00e1ci\u00f3s-metaforikus logik\u00e1ra, \u00e9s az arra \u00e9p\u00fcl\u0151 m\u00e1gikus-totemisztikus magatart\u00e1sra, az \u0151svall\u00e1s form\u00e1j\u00e1ra vezette vissza. SPIONS kutat\u00e1saim sor\u00e1n arra a k\u00f6vetkeztet\u00e9sre jutottam, hogy a modern ember gondolkod\u00e1sa voltak\u00e9ppen alig k\u00fcl\u00f6nb\u00f6zik a primit\u00edvnek nevezett n\u00e9pek\u00e9t\u0151l.<\/p>\n<p class=\"footnote-anchor\">2<\/p>\n<p class=\"szcena-2014-lj\">Magyarorsz\u00e1g, nyelvi gett\u00f3 l\u00e9v\u00e9n z\u00e1rt, \u00f6nmegterm\u00e9keny\u00edt\u0151 rendszer, amelyben a termodinamika m\u00e1sodik f\u0151t\u00f6rv\u00e9ny\u00e9nek megfelel\u0151en rendetlens\u00e9g, k\u00e1osz uralkodik. Semmi \u00e9s senki nincs a hely\u00e9n. A z\u00f6lds\u00e9geskofa k\u00f6nyvkiad\u00f3nak k\u00e9pzeli mag\u00e1t, a l\u00f3kupec gal\u00e9ri\u00e1t alap\u00edt, a vakok filmeket rendeznek, a s\u00fcketek \u00e9nekelnek, a n\u00e9m\u00e1k sz\u00f3nokolnak, a bolondok t\u00f6rv\u00e9nykeznek. Azt, akiben van \u00e9let \u00e9s elh\u00faz a szabad vil\u00e1gba innen, halottnak tekintik, \u00e9s ha hossz\u00fa id\u0151 ut\u00e1n visszat\u00e9r, kellemetlen k\u00eds\u00e9rtetnek. Ez t\u00f6rt\u00e9nt a n\u00e9hai Vars\u00f3i Paktum els\u0151 punk egy\u00fcttese, a SPIONS eset\u00e9ben is. Nagyhatalm\u00fa szak\u00edr\u00f3k, \u00e9s egyetemi katedr\u00e1hoz tudatlans\u00e1guk r\u00e9v\u00e9n, annak jutalm\u00e1ul jutott v\u00e9lem\u00e9nyform\u00e1l\u00f3k hossz\u00fa ideje terjesztik, hogy a SPIONS, k\u00f6zvetlen\u00fcl P\u00e1rizsba \u00e9rkez\u00e9se ut\u00e1n, 1978-ban feloszlott. A t\u00e9nyek m\u00e1st mondanak. Noha a git\u00e1ros Bunny nem tudott az egy\u00fcttessel emigr\u00e1lni, mert elvitt\u00e9k katon\u00e1nak, \u00e9s a sz\u00f3l\u00f3git\u00e1ros\/zeneszerz\u0151 az els\u0151 franciaorsz\u00e1gi (Lyon, 1978 augusztus) koncert ut\u00e1n otthagyta a projectet, a SPIONS nem oszlott fel, mert egyetlen \u00e9s oszthatatlan, teremt\u0151 lelke, az el\u0151sz\u00f6r Anton Ello, majd Serguei Pravda, k\u00e9s\u0151bb Gregor Davidow k\u00f3dneveken ismert frontember v\u00e1ltozatlan energiaszinten folytatta a rock\u2019n\u2019roll k\u00e9mked\u00e9st. M\u00e9g most, f\u00f6ldi p\u00e1ly\u00e1j\u00e1nak hetedik \u00e9vtized\u00e9ben sem helyezte mag\u00e1t nyug\u00e1llom\u00e1nyba. DJ Helmut Spiel! n\u00e9ven olyan zen\u00e9ket j\u00e1tszik, \u201eamelyek nem hallgatnak t\u00e9ged\u201d. Charlotte Bonaparte-k\u00e9nt \u00e9nekel \u00e9s t\u00e1ncol. Jelenl\u00e9te er\u0151s \u00e9s meghat\u00e1roz\u00f3 az Interneten. Miut\u00e1n el\u0151bb a magyarorsz\u00e1gi bolsevik diktat\u00fara titkosrend\u0151rs\u00e9ge ellopatta \u00fatlevel\u00e9t \u00e9s Franciaorsz\u00e1gb\u00f3l kitoloncol\u00e1s fenyegette, azt\u00e1n f\u0151munkat\u00e1rsa hagyta el 1978 nyar\u00e1n, francia \u00e9s angol zenem\u0171v\u00e9szekkel kollabor\u00e1lva 2 lemezt adott ki 1979-ben. Egyed\u00fcl testes\u00edtve meg a SPIONS projektet, az\u00f3ta is folyamatosan alkot. Filmforgat\u00f3k\u00f6nyveket (<em>RISE; The Solution<\/em>), sz\u00ednm\u0171veket (<em>Lying Course; THE COSMIC BARGAIN<\/em>) \u00e9s k\u00f6nyveket (<em>THE BOOK of Reconstruction;<\/em> \u00e9s a k\u00ednai <em>V\u00e1ltoz\u00e1sok k\u00f6nyv\u00e9t (Yi Ching)<\/em> korszer\u0171s\u00edt\u0151 <em>The Third Covenant<\/em>) \u00edrt. P\u00e1rtot (OSP \u2013 Overnational Socialist Party), egyh\u00e1zat (Atheist Church) \u00e9s n\u00e9pf\u0151iskol\u00e1t (TCTC \u2013 Traveling College of Time Consciousness) alap\u00edtott. Jelent\u0151sen hozz\u00e1j\u00e1rult a k\u00e9pz\u0151-, fot\u00f3- \u00e9s vide\u00f3m\u0171v\u00e9szet evol\u00faci\u00f3j\u00e1hoz is. Nem igaz teh\u00e1t az a tudatlan v\u00e9lem\u00e9nyform\u00e1l\u00f3k \u00e1ltal Magyarorsz\u00e1gon elterjedt v\u00e9leked\u00e9s, hogy a SPIONS megsz\u0171nt l\u00e9tezni, k\u00f6zvetlen\u00fcl azut\u00e1n, hogy elhagyta a gy\u0171l\u00f6letben fetreng\u0151 kol\u00f3ni\u00e1t. Az \u00e9giek l\u00e1tj\u00e1k, hogy SPIONS \u00e9l \u00e9s k\u00e9pviselet\u00fckben nagyon is akt\u00edv. Ezt alap\u00edt\u00f3 kollabor\u00e1tork\u00e9nt magam is tan\u00fas\u00edthatom.<\/p>\n[\/vc_column_text][divider line_type=&#8221;No Line&#8221; custom_height=&#8221;80&#8243; custom_height_tablet=&#8221;50&#8243; custom_height_phone=&#8221;30&#8243;][\/vc_column_inner][vc_column_inner column_padding=&#8221;padding-2-percent&#8221; column_padding_tablet=&#8221;inherit&#8221; column_padding_phone=&#8221;inherit&#8221; column_padding_position=&#8221;left-right&#8221; flex_gap_desktop=&#8221;10px&#8221; column_element_direction_desktop=&#8221;default&#8221; column_element_spacing=&#8221;default&#8221; desktop_text_alignment=&#8221;default&#8221; tablet_text_alignment=&#8221;default&#8221; phone_text_alignment=&#8221;default&#8221; background_color_opacity=&#8221;1&#8243; background_hover_color_opacity=&#8221;1&#8243; column_backdrop_filter=&#8221;none&#8221; column_shadow=&#8221;none&#8221; column_border_radius=&#8221;none&#8221; column_link_target=&#8221;_self&#8221; overflow=&#8221;visible&#8221; el_class=&#8221;box-l20&#8243; gradient_direction=&#8221;left_to_right&#8221; overlay_strength=&#8221;0.3&#8243; width=&#8221;1\/2&#8243; tablet_width_inherit=&#8221;default&#8221; animation_type=&#8221;default&#8221; bg_image_animation=&#8221;none&#8221; border_type=&#8221;simple&#8221; column_border_width=&#8221;none&#8221; column_border_style=&#8221;solid&#8221;][divider line_type=&#8221;No Line&#8221; custom_height=&#8221;30&#8243; custom_height_tablet=&#8221;50&#8243; custom_height_phone=&#8221;30&#8243;][image_with_animation image_url=&#8221;25163&#8243; image_size=&#8221;full&#8221; max_width=&#8221;100%&#8221; max_width_mobile=&#8221;default&#8221; animation_type=&#8221;entrance&#8221; animation=&#8221;Fade In&#8221; animation_easing=&#8221;default&#8221; animation_movement_type=&#8221;transform_y&#8221; hover_animation=&#8221;none&#8221; alignment=&#8221;&#8221; img_link_target=&#8221;_blank&#8221; border_radius=&#8221;none&#8221; box_shadow=&#8221;none&#8221; image_loading=&#8221;default&#8221; img_link=&#8221;https:\/\/drive.google.com\/file\/d\/128r5PD2jmReqxphmpv2Z7o84spv3zQQ6\/view?usp=sharing&#8221; el_class=&#8221;bri2&#8243;][\/vc_column_inner][\/vc_row_inner][\/vc_column][\/vc_row][vc_row type=&#8221;full_width_content&#8221; full_screen_row_position=&#8221;middle&#8221; column_margin=&#8221;default&#8221; vertically_center_columns=&#8221;true&#8221; column_direction=&#8221;default&#8221; column_direction_tablet=&#8221;default&#8221; column_direction_phone=&#8221;default&#8221; scene_position=&#8221;center&#8221; text_color=&#8221;dark&#8221; text_align=&#8221;left&#8221; row_border_radius=&#8221;none&#8221; row_border_radius_applies=&#8221;bg&#8221; row_position_desktop=&#8221;default&#8221; row_position_tablet=&#8221;inherit&#8221; row_position_phone=&#8221;inherit&#8221; overflow=&#8221;visible&#8221; class=&#8221;p-6-0&#8243; overlay_strength=&#8221;0.3&#8243; gradient_direction=&#8221;left_to_right&#8221; shape_divider_position=&#8221;bottom&#8221; bg_image_animation=&#8221;none&#8221; shape_type=&#8221;&#8221;][vc_column column_padding=&#8221;no-extra-padding&#8221; column_padding_tablet=&#8221;inherit&#8221; column_padding_phone=&#8221;inherit&#8221; column_padding_position=&#8221;all&#8221; flex_gap_desktop=&#8221;10px&#8221; column_element_direction_desktop=&#8221;default&#8221; column_element_spacing=&#8221;default&#8221; desktop_text_alignment=&#8221;default&#8221; tablet_text_alignment=&#8221;default&#8221; phone_text_alignment=&#8221;default&#8221; background_color_opacity=&#8221;1&#8243; background_hover_color_opacity=&#8221;1&#8243; column_backdrop_filter=&#8221;none&#8221; column_shadow=&#8221;none&#8221; column_border_radius=&#8221;none&#8221; column_link_target=&#8221;_self&#8221; column_position=&#8221;default&#8221; el_class=&#8221;p-3-0&#8243; gradient_direction=&#8221;left_to_right&#8221; overlay_strength=&#8221;0.3&#8243; width=&#8221;1\/1&#8243; tablet_width_inherit=&#8221;default&#8221; animation_type=&#8221;default&#8221; bg_image_animation=&#8221;none&#8221; border_type=&#8221;simple&#8221; column_border_width=&#8221;none&#8221; column_border_style=&#8221;solid&#8221;]<div class=\"sharing-default-minimal\"><div class=\"nectar-social default\" data-position=\"left\" data-color-override=\"override\"><div class=\"nectar-social-inner\"><a class='facebook-share nectar-sharing' href='#' title='Share this'>  <i class='fa fa-facebook'><\/i> <span class='social-text'>Share<\/span> <\/a><a class='twitter-share nectar-sharing' href='#' title='Share this'> <i class='fa icon-salient-x-twitter'><\/i> <span class='social-text'>Share<\/span> <\/a><a class='pinterest-share nectar-sharing' href='#' title='Pin this'> <i class='fa fa-pinterest'><\/i> <span class='social-text'>Pin<\/span> <\/a><\/div><\/div><\/div>[divider line_type=&#8221;No Line&#8221; custom_height=&#8221;80&#8243; custom_height_tablet=&#8221;50&#8243; custom_height_phone=&#8221;30&#8243;][\/vc_column][\/vc_row]\n","protected":false},"excerpt":{"rendered":"<p>[vc_row type=&#8221;full_width_content&#8221; full_screen_row_position=&#8221;middle&#8221; column_margin=&#8221;default&#8221; column_direction=&#8221;default&#8221; column_direction_tablet=&#8221;default&#8221; column_direction_phone=&#8221;default&#8221; bg_color=&#8221;#eae6d9&#8243; scene_position=&#8221;center&#8221; text_color=&#8221;dark&#8221; text_align=&#8221;left&#8221; row_border_radius=&#8221;none&#8221; row_border_radius_applies=&#8221;bg&#8221; row_position_desktop=&#8221;default&#8221; row_position_tablet=&#8221;inherit&#8221; row_position_phone=&#8221;inherit&#8221; overflow=&#8221;visible&#8221; overlay_strength=&#8221;0.3&#8243; gradient_direction=&#8221;left_to_right&#8221; shape_divider_position=&#8221;bottom&#8221; bg_image_animation=&#8221;none&#8221; video_mute=&#8221;true&#8221; shape_type=&#8221;&#8221;][vc_column column_padding=&#8221;no-extra-padding&#8221; column_padding_tablet=&#8221;inherit&#8221; column_padding_phone=&#8221;inherit&#8221; column_padding_position=&#8221;top&#8221; flex_gap_desktop=&#8221;10px&#8221; column_element_direction_desktop=&#8221;default&#8221; column_element_spacing=&#8221;default&#8221;&#8230;<\/p>\n","protected":false},"author":1,"featured_media":25231,"parent":22893,"menu_order":197,"comment_status":"closed","ping_status":"closed","template":"","meta":{"_acf_changed":false,"h5ap_radio_sources":[],"footnotes":""},"page_kiemeles":[],"page_online-evek":[],"class_list":["post-25153","page","type-page","status-publish","has-post-thumbnail"],"acf":[],"_links":{"self":[{"href":"https:\/\/balkon.art\/home\/wp-json\/wp\/v2\/pages\/25153","targetHints":{"allow":["GET"]}}],"collection":[{"href":"https:\/\/balkon.art\/home\/wp-json\/wp\/v2\/pages"}],"about":[{"href":"https:\/\/balkon.art\/home\/wp-json\/wp\/v2\/types\/page"}],"author":[{"embeddable":true,"href":"https:\/\/balkon.art\/home\/wp-json\/wp\/v2\/users\/1"}],"replies":[{"embeddable":true,"href":"https:\/\/balkon.art\/home\/wp-json\/wp\/v2\/comments?post=25153"}],"version-history":[{"count":17,"href":"https:\/\/balkon.art\/home\/wp-json\/wp\/v2\/pages\/25153\/revisions"}],"predecessor-version":[{"id":35917,"href":"https:\/\/balkon.art\/home\/wp-json\/wp\/v2\/pages\/25153\/revisions\/35917"}],"up":[{"embeddable":true,"href":"https:\/\/balkon.art\/home\/wp-json\/wp\/v2\/pages\/22893"}],"wp:featuredmedia":[{"embeddable":true,"href":"https:\/\/balkon.art\/home\/wp-json\/wp\/v2\/media\/25231"}],"wp:attachment":[{"href":"https:\/\/balkon.art\/home\/wp-json\/wp\/v2\/media?parent=25153"}],"wp:term":[{"taxonomy":"page_kiemeles","embeddable":true,"href":"https:\/\/balkon.art\/home\/wp-json\/wp\/v2\/page_kiemeles?post=25153"},{"taxonomy":"page_online-evek","embeddable":true,"href":"https:\/\/balkon.art\/home\/wp-json\/wp\/v2\/page_online-evek?post=25153"}],"curies":[{"name":"wp","href":"https:\/\/api.w.org\/{rel}","templated":true}]}}