{"id":25049,"date":"2020-06-15T19:27:45","date_gmt":"2020-06-15T17:27:45","guid":{"rendered":"https:\/\/balkon.art\/home\/?page_id=25049"},"modified":"2020-06-15T21:39:28","modified_gmt":"2020-06-15T19:39:28","slug":"bene-tamas-mate-balazs-egetes","status":"publish","type":"page","link":"https:\/\/balkon.art\/home\/online-2020\/bene-tamas-mate-balazs-egetes\/","title":{"rendered":"Bene Tam\u00e1s \u2013 M\u00e1t\u00e9 Bal\u00e1zs: <em>\u00c9get\u00e9s<\/em>"},"content":{"rendered":"[vc_row type=&#8221;full_width_background&#8221; full_screen_row_position=&#8221;middle&#8221; column_margin=&#8221;default&#8221; column_direction=&#8221;default&#8221; column_direction_tablet=&#8221;default&#8221; column_direction_phone=&#8221;default&#8221; scene_position=&#8221;center&#8221; text_color=&#8221;dark&#8221; text_align=&#8221;left&#8221; row_border_radius=&#8221;none&#8221; row_border_radius_applies=&#8221;bg&#8221; class=&#8221;p-8-0&#8243; overlay_strength=&#8221;0.3&#8243; gradient_direction=&#8221;left_to_right&#8221; shape_divider_position=&#8221;bottom&#8221; bg_image_animation=&#8221;none&#8221; shape_type=&#8221;&#8221;][vc_column column_padding=&#8221;no-extra-padding&#8221; column_padding_tablet=&#8221;inherit&#8221; column_padding_phone=&#8221;inherit&#8221; column_padding_position=&#8221;right&#8221; background_color_opacity=&#8221;1&#8243; background_hover_color_opacity=&#8221;1&#8243; column_shadow=&#8221;none&#8221; column_border_radius=&#8221;none&#8221; column_link_target=&#8221;_self&#8221; gradient_direction=&#8221;left_to_right&#8221; overlay_strength=&#8221;0.3&#8243; width=&#8221;1\/1&#8243; tablet_width_inherit=&#8221;default&#8221; tablet_text_alignment=&#8221;default&#8221; phone_text_alignment=&#8221;default&#8221; column_border_width=&#8221;none&#8221; column_border_style=&#8221;solid&#8221; bg_image_animation=&#8221;none&#8221;][vc_column_text]\n<p class=\"leiras-gr\">Az ember \u00e9p\u00edt. Vizsg\u00e1lja \u00e9s \u00e9rtelmezi a k\u00f6rnyezet\u00e9t, \u00f6sszef\u00fcgg\u00e9seket keres. Az \u00e1llatok is \u00e9p\u00edtenek: anyagokat halmoznak, a term\u00e9szetes helyzet\u00fckb\u0151l kimozd\u00edtva m\u00e1sik \u00f6sszef\u00fcgg\u00e9sbe hozz\u00e1k \u0151ket. Ut\u00f3bbi \u00e9p\u00edtm\u00e9nyeket a term\u00e9szet elv\u00e1laszthatatlan r\u00e9sz\u00e9nek tekintj\u00fck \u2014 az emberi \u00e9p\u00edt\u00e9s aktusa k\u00f6r\u00fcl azonban mindig ott lebeg az \u00e9rtelmez\u00e9s k\u00e9nyszere.<\/p>\n<p class=\"leiras-gr\">Az \u00e9p\u00edt\u00e9s a tart\u00f3s, maradand\u00f3 v\u00e1ltoztat\u00e1s v\u00e1gya, az \u00f6r\u00f6kk\u00e9val\u00f3s\u00e1gra tett k\u00eds\u00e9rlet. Mindig az \u00e1lland\u00f3s\u00e1gra t\u00f6rekszik; az emberi \u00e9letet igyekszik kiterjeszteni. Ez azonban soha nem val\u00f3sulhat meg: a civiliz\u00e1ci\u00f3 eredm\u00e9nyei, csak\u00fagy, mint minden, term\u00e9szet\u00fckn\u00e9l fogva kiz\u00e1r\u00f3lag \u00e1tmenetiek lehetnek. A val\u00f3s\u00e1gban minden folyamatosan v\u00e1ltozik \u00e9s alakul.<\/p>\n<p class=\"leiras-gr\">Az emberi szem sz\u00e1m\u00e1ra ezen v\u00e1ltoz\u00e1sok egy r\u00e9sze azonban l\u00e1thatatlan, puszt\u00e1n az id\u0151belis\u00e9ge ok\u00e1n: t\u00fal lassan t\u00f6rt\u00e9nik, az \u00e1lland\u00f3s\u00e1g ill\u00fazi\u00f3j\u00e1t teremtve meg ezzel. Bizonyos esetekben ugyanakkor az \u00e1lland\u00f3nak hitt, l\u00e1thatatlanul v\u00e1ltoz\u00f3 anyagok \u00e9s rendszerek (fa-erd\u0151, \u00e9p\u00fclet-v\u00e1ros) \u00e1talakul\u00e1sa t\u00f6rt\u00e9nelmi t\u00e1vlatb\u00f3l n\u00e9zve egy szempillant\u00e1s alatt v\u00e9gbemehet. Az ilyen folyamatok egyike az \u00e9g\u00e9s.<\/p>\n<p class=\"leiras-gr\">A technol\u00f3giai fejl\u0151d\u00e9s egyik legels\u0151 pontja a t\u0171z domesztik\u00e1l\u00e1sa: az ember sz\u00e1m\u00e1ra hozz\u00e1f\u00e9rhet\u0151v\u00e9 v\u00e1lt az anyagok bels\u0151 energi\u00e1ja. A t\u0171z meleget \u00e9s \u00e9letet ad, ugyanakkor f\u00e9lelmetes is: a tart\u00f3snak hitt dolgok megv\u00e1ltoz\u00e1s\u00e1t, a trag\u00e9dia vesz\u00e9ly\u00e9t hordozza mag\u00e1ban.<\/p>\n<p class=\"leiras-gr\">Az <em>\u00c9get\u00e9s<\/em> c\u00edm\u0171 projekt M\u00e1t\u00e9 Bal\u00e1zs fotogr\u00e1fus \u00e9s Bene Tam\u00e1s \u00e9p\u00edt\u00e9sz egy\u00fcttm\u0171k\u00f6d\u00e9s\u00e9nek eredm\u00e9nye, egy 120 k\u00e9pb\u0151l \u00e1ll\u00f3 szekvencia. A munka els\u0151 fel\u00e9t egy t\u00e1rgy tervez\u00e9se \u00e9s \u00e9p\u00edt\u00e9se jelentette, a szekvencia pedig ennek teljes el\u00e9g\u00e9s\u00e9t k\u00f6veti olyan k\u00f6r\u00fclm\u00e9nyek k\u00f6z\u00f6tt, ahol a t\u00e1rgyat megvil\u00e1g\u00edt\u00f3 l\u00e1mp\u00e1k f\u00e9nyereje jelent\u0151sen t\u00fall\u00e9pi a t\u0171z \u00e1ltal kibocs\u00e1jtott f\u00e9ny\u00e9t \u2014 megfosztva az \u00e9g\u00e9s folyamat\u00e1t legfontosabb attrib\u00fatum\u00e1t\u00f3l, a l\u00e1ngokt\u00f3l, \u00edgy az emberi szem sz\u00e1m\u00e1ra l\u00e1that\u00f3v\u00e1 t\u00e9ve az anyag \u00e9s a szerkezet v\u00e1ltoz\u00e1s\u00e1t. Az \u00e9g\u00e9s az \u00e1ltalunk nehezen \u00e9rz\u00e9kelhet\u0151 entr\u00f3pi\u00e1t az emberi id\u0151\u00e9rz\u00e9kel\u00e9shez szinkroniz\u00e1lja. A fot\u00f3 m\u00e9diuma alkalmas arra, hogy szabad szemmel nem \u00e9rz\u00e9kelhet\u0151 folyamatokat tegyen vizu\u00e1lis tapasztalatt\u00e1: a sorozat k\u00e9pei a gyors \u00e9s a lass\u00fa v\u00e1ltoz\u00e1sok elt\u00e9r\u0151 id\u0151tapasztalat\u00e1t hozz\u00e1k egy helyzetbe, \u00e9s teszik egyszerre \u00e1t\u00e9lhet\u0151v\u00e9.<\/p>\n[\/vc_column_text][\/vc_column][\/vc_row][vc_row type=&#8221;full_width_background&#8221; full_screen_row_position=&#8221;middle&#8221; column_margin=&#8221;default&#8221; column_direction=&#8221;default&#8221; column_direction_tablet=&#8221;default&#8221; column_direction_phone=&#8221;default&#8221; scene_position=&#8221;center&#8221; text_color=&#8221;dark&#8221; text_align=&#8221;left&#8221; row_border_radius=&#8221;none&#8221; row_border_radius_applies=&#8221;bg&#8221; class=&#8221;p-8-0&#8243; overlay_strength=&#8221;0.3&#8243; gradient_direction=&#8221;left_to_right&#8221; shape_divider_position=&#8221;bottom&#8221; bg_image_animation=&#8221;none&#8221; shape_type=&#8221;&#8221;][vc_column column_padding=&#8221;no-extra-padding&#8221; column_padding_tablet=&#8221;inherit&#8221; column_padding_phone=&#8221;inherit&#8221; column_padding_position=&#8221;right&#8221; background_color_opacity=&#8221;1&#8243; background_hover_color_opacity=&#8221;1&#8243; column_shadow=&#8221;none&#8221; column_border_radius=&#8221;none&#8221; column_link_target=&#8221;_self&#8221; gradient_direction=&#8221;left_to_right&#8221; overlay_strength=&#8221;0.3&#8243; width=&#8221;1\/1&#8243; tablet_width_inherit=&#8221;default&#8221; tablet_text_alignment=&#8221;default&#8221; phone_text_alignment=&#8221;default&#8221; column_border_width=&#8221;none&#8221; column_border_style=&#8221;solid&#8221; bg_image_animation=&#8221;none&#8221;][image_with_animation image_url=&#8221;25057&#8243; animation=&#8221;Fade In&#8221; hover_animation=&#8221;none&#8221; alignment=&#8221;center&#8221; img_link_large=&#8221;yes&#8221; border_radius=&#8221;none&#8221; box_shadow=&#8221;none&#8221; image_loading=&#8221;default&#8221; max_width=&#8221;100%&#8221; max_width_mobile=&#8221;default&#8221; el_class=&#8221;full-img&#8221;][vc_column_text]\n<p class=\"kepalir-1r\">Bene Tam\u00e1s, M\u00e1t\u00e9 Bal\u00e1zs: <em>\u00c9GET\u00c9S<\/em> no. 1, 2019<\/p>\n[\/vc_column_text][\/vc_column][\/vc_row][vc_row type=&#8221;full_width_background&#8221; full_screen_row_position=&#8221;middle&#8221; column_margin=&#8221;default&#8221; column_direction=&#8221;default&#8221; column_direction_tablet=&#8221;default&#8221; column_direction_phone=&#8221;default&#8221; scene_position=&#8221;center&#8221; text_color=&#8221;dark&#8221; text_align=&#8221;left&#8221; row_border_radius=&#8221;none&#8221; row_border_radius_applies=&#8221;bg&#8221; class=&#8221;p-8-0&#8243; overlay_strength=&#8221;0.3&#8243; gradient_direction=&#8221;left_to_right&#8221; shape_divider_position=&#8221;bottom&#8221; bg_image_animation=&#8221;none&#8221; shape_type=&#8221;&#8221;][vc_column column_padding=&#8221;no-extra-padding&#8221; column_padding_tablet=&#8221;inherit&#8221; column_padding_phone=&#8221;inherit&#8221; column_padding_position=&#8221;right&#8221; background_color_opacity=&#8221;1&#8243; background_hover_color_opacity=&#8221;1&#8243; column_shadow=&#8221;none&#8221; column_border_radius=&#8221;none&#8221; column_link_target=&#8221;_self&#8221; gradient_direction=&#8221;left_to_right&#8221; overlay_strength=&#8221;0.3&#8243; width=&#8221;1\/1&#8243; tablet_width_inherit=&#8221;default&#8221; tablet_text_alignment=&#8221;default&#8221; phone_text_alignment=&#8221;default&#8221; column_border_width=&#8221;none&#8221; column_border_style=&#8221;solid&#8221; bg_image_animation=&#8221;none&#8221;][image_with_animation image_url=&#8221;25058&#8243; animation=&#8221;Fade In&#8221; hover_animation=&#8221;none&#8221; alignment=&#8221;center&#8221; img_link_large=&#8221;yes&#8221; border_radius=&#8221;none&#8221; box_shadow=&#8221;none&#8221; image_loading=&#8221;default&#8221; max_width=&#8221;100%&#8221; max_width_mobile=&#8221;default&#8221; el_class=&#8221;full-img&#8221;][vc_column_text]\n<p class=\"kepalir-1r\">Bene Tam\u00e1s, M\u00e1t\u00e9 Bal\u00e1zs: <em>\u00c9GET\u00c9S<\/em> no. 29, 2019<\/p>\n[\/vc_column_text][\/vc_column][\/vc_row][vc_row type=&#8221;full_width_background&#8221; full_screen_row_position=&#8221;middle&#8221; column_margin=&#8221;default&#8221; column_direction=&#8221;default&#8221; column_direction_tablet=&#8221;default&#8221; column_direction_phone=&#8221;default&#8221; scene_position=&#8221;center&#8221; text_color=&#8221;dark&#8221; text_align=&#8221;left&#8221; row_border_radius=&#8221;none&#8221; row_border_radius_applies=&#8221;bg&#8221; class=&#8221;p-8-0&#8243; overlay_strength=&#8221;0.3&#8243; gradient_direction=&#8221;left_to_right&#8221; shape_divider_position=&#8221;bottom&#8221; bg_image_animation=&#8221;none&#8221; shape_type=&#8221;&#8221;][vc_column column_padding=&#8221;no-extra-padding&#8221; column_padding_tablet=&#8221;inherit&#8221; column_padding_phone=&#8221;inherit&#8221; column_padding_position=&#8221;right&#8221; background_color_opacity=&#8221;1&#8243; background_hover_color_opacity=&#8221;1&#8243; column_shadow=&#8221;none&#8221; column_border_radius=&#8221;none&#8221; column_link_target=&#8221;_self&#8221; gradient_direction=&#8221;left_to_right&#8221; overlay_strength=&#8221;0.3&#8243; width=&#8221;1\/1&#8243; tablet_width_inherit=&#8221;default&#8221; tablet_text_alignment=&#8221;default&#8221; phone_text_alignment=&#8221;default&#8221; column_border_width=&#8221;none&#8221; column_border_style=&#8221;solid&#8221; bg_image_animation=&#8221;none&#8221;][image_with_animation image_url=&#8221;25059&#8243; animation=&#8221;Fade In&#8221; hover_animation=&#8221;none&#8221; alignment=&#8221;center&#8221; img_link_large=&#8221;yes&#8221; border_radius=&#8221;none&#8221; box_shadow=&#8221;none&#8221; image_loading=&#8221;default&#8221; max_width=&#8221;100%&#8221; max_width_mobile=&#8221;default&#8221; el_class=&#8221;full-img&#8221;][vc_column_text]\n<p class=\"kepalir-1r\">Bene Tam\u00e1s, M\u00e1t\u00e9 Bal\u00e1zs: <em>\u00c9GET\u00c9S<\/em> no. 57, 2019<\/p>\n[\/vc_column_text][\/vc_column][\/vc_row][vc_row type=&#8221;full_width_background&#8221; full_screen_row_position=&#8221;middle&#8221; column_margin=&#8221;default&#8221; column_direction=&#8221;default&#8221; column_direction_tablet=&#8221;default&#8221; column_direction_phone=&#8221;default&#8221; scene_position=&#8221;center&#8221; text_color=&#8221;dark&#8221; text_align=&#8221;left&#8221; row_border_radius=&#8221;none&#8221; row_border_radius_applies=&#8221;bg&#8221; class=&#8221;p-8-0&#8243; overlay_strength=&#8221;0.3&#8243; gradient_direction=&#8221;left_to_right&#8221; shape_divider_position=&#8221;bottom&#8221; bg_image_animation=&#8221;none&#8221; shape_type=&#8221;&#8221;][vc_column column_padding=&#8221;no-extra-padding&#8221; column_padding_tablet=&#8221;inherit&#8221; column_padding_phone=&#8221;inherit&#8221; column_padding_position=&#8221;right&#8221; background_color_opacity=&#8221;1&#8243; background_hover_color_opacity=&#8221;1&#8243; column_shadow=&#8221;none&#8221; column_border_radius=&#8221;none&#8221; column_link_target=&#8221;_self&#8221; gradient_direction=&#8221;left_to_right&#8221; overlay_strength=&#8221;0.3&#8243; width=&#8221;1\/1&#8243; tablet_width_inherit=&#8221;default&#8221; tablet_text_alignment=&#8221;default&#8221; phone_text_alignment=&#8221;default&#8221; column_border_width=&#8221;none&#8221; column_border_style=&#8221;solid&#8221; bg_image_animation=&#8221;none&#8221;][image_with_animation image_url=&#8221;25061&#8243; animation=&#8221;Fade In&#8221; hover_animation=&#8221;none&#8221; alignment=&#8221;center&#8221; img_link_large=&#8221;yes&#8221; border_radius=&#8221;none&#8221; box_shadow=&#8221;none&#8221; image_loading=&#8221;default&#8221; max_width=&#8221;100%&#8221; max_width_mobile=&#8221;default&#8221; el_class=&#8221;full-img&#8221;][vc_column_text]\n<p class=\"kepalir-1r\">Bene Tam\u00e1s, M\u00e1t\u00e9 Bal\u00e1zs: <em>\u00c9GET\u00c9S<\/em> no. 78, 2019<\/p>\n[\/vc_column_text][\/vc_column][\/vc_row][vc_row type=&#8221;full_width_background&#8221; full_screen_row_position=&#8221;middle&#8221; column_margin=&#8221;default&#8221; column_direction=&#8221;default&#8221; column_direction_tablet=&#8221;default&#8221; column_direction_phone=&#8221;default&#8221; scene_position=&#8221;center&#8221; text_color=&#8221;dark&#8221; text_align=&#8221;left&#8221; row_border_radius=&#8221;none&#8221; row_border_radius_applies=&#8221;bg&#8221; class=&#8221;p-8-0&#8243; overlay_strength=&#8221;0.3&#8243; gradient_direction=&#8221;left_to_right&#8221; shape_divider_position=&#8221;bottom&#8221; bg_image_animation=&#8221;none&#8221; shape_type=&#8221;&#8221;][vc_column column_padding=&#8221;no-extra-padding&#8221; column_padding_tablet=&#8221;inherit&#8221; column_padding_phone=&#8221;inherit&#8221; column_padding_position=&#8221;right&#8221; background_color_opacity=&#8221;1&#8243; background_hover_color_opacity=&#8221;1&#8243; column_shadow=&#8221;none&#8221; column_border_radius=&#8221;none&#8221; column_link_target=&#8221;_self&#8221; gradient_direction=&#8221;left_to_right&#8221; overlay_strength=&#8221;0.3&#8243; width=&#8221;1\/1&#8243; tablet_width_inherit=&#8221;default&#8221; tablet_text_alignment=&#8221;default&#8221; phone_text_alignment=&#8221;default&#8221; column_border_width=&#8221;none&#8221; column_border_style=&#8221;solid&#8221; bg_image_animation=&#8221;none&#8221;][image_with_animation image_url=&#8221;25060&#8243; animation=&#8221;Fade In&#8221; hover_animation=&#8221;none&#8221; alignment=&#8221;center&#8221; img_link_large=&#8221;yes&#8221; border_radius=&#8221;none&#8221; box_shadow=&#8221;none&#8221; image_loading=&#8221;default&#8221; max_width=&#8221;100%&#8221; max_width_mobile=&#8221;default&#8221; el_class=&#8221;full-img&#8221;][vc_column_text]\n<p class=\"kepalir-1r\">Bene Tam\u00e1s, M\u00e1t\u00e9 Bal\u00e1zs: <em>\u00c9GET\u00c9S<\/em> no. 101, 2019<\/p>\n[\/vc_column_text][\/vc_column][\/vc_row][vc_row type=&#8221;full_width_background&#8221; full_screen_row_position=&#8221;middle&#8221; column_margin=&#8221;default&#8221; column_direction=&#8221;default&#8221; column_direction_tablet=&#8221;default&#8221; column_direction_phone=&#8221;default&#8221; scene_position=&#8221;center&#8221; text_color=&#8221;dark&#8221; text_align=&#8221;left&#8221; row_border_radius=&#8221;none&#8221; row_border_radius_applies=&#8221;bg&#8221; class=&#8221;p-8-0&#8243; overlay_strength=&#8221;0.3&#8243; gradient_direction=&#8221;left_to_right&#8221; shape_divider_position=&#8221;bottom&#8221; bg_image_animation=&#8221;none&#8221; shape_type=&#8221;&#8221;][vc_column column_padding=&#8221;no-extra-padding&#8221; column_padding_tablet=&#8221;inherit&#8221; column_padding_phone=&#8221;inherit&#8221; column_padding_position=&#8221;right&#8221; background_color_opacity=&#8221;1&#8243; background_hover_color_opacity=&#8221;1&#8243; column_shadow=&#8221;none&#8221; column_border_radius=&#8221;none&#8221; column_link_target=&#8221;_self&#8221; gradient_direction=&#8221;left_to_right&#8221; overlay_strength=&#8221;0.3&#8243; width=&#8221;1\/1&#8243; tablet_width_inherit=&#8221;default&#8221; tablet_text_alignment=&#8221;default&#8221; phone_text_alignment=&#8221;default&#8221; column_border_width=&#8221;none&#8221; column_border_style=&#8221;solid&#8221; bg_image_animation=&#8221;none&#8221;][vc_column_text]\n<p class=\"leiras-gr\">BENE Tam\u00e1s (1987) \u00e9p\u00edt\u00e9sz, Budapesten \u00e9l \u00e9s dolgozik. A <em>P\u00e1lma<\/em> valamint a <em>V\u00edztorony<\/em> alkot\u00f3i k\u00f6z\u00f6ss\u00e9gek alap\u00edt\u00f3 tagja. 2016-t\u00f3l a Moholy-Nagy M\u0171v\u00e9szeti Egyetem doktorandusza, valamint a Bal\u00f3 D\u00e1niellel k\u00f6z\u00f6sen vitt studioB, a MOME \u00c9p\u00edt\u00e9szeti Int\u00e9zet\u00e9nek szatellit st\u00fadi\u00f3j\u00e1nak alap\u00edt\u00f3 tagja.<\/p>\n[\/vc_column_text][divider line_type=&#8221;Full Width Line&#8221; line_thickness=&#8221;1&#8243; divider_color=&#8221;extra-color-3&#8243; animate=&#8221;yes&#8221; custom_height=&#8221;80&#8243; custom_height_tablet=&#8221;60&#8243; custom_height_phone=&#8221;50&#8243;][vc_column_text]\n<p class=\"leiras-gr\">M\u00c1T\u00c9 Bal\u00e1zs (1988) fotogr\u00e1fus, Budapesten \u00e9l \u00e9s dolgozik. Munk\u00e1j\u00e1nak k\u00f6z\u00e9ppontj\u00e1ban az \u00e9szlel\u00e9s, a vizu\u00e1lis \u00e9rz\u00e9kel\u00e9s \u00e9s a tapasztalatok vizsg\u00e1lata, valamint a k\u00e9p\u00e9rtelmez\u00e9s problematik\u00e1ja \u00e1ll. A fotogr\u00e1fia m\u00e9dium\u00e1ra a kib\u0151v\u00edtett \u00e9rz\u00e9kel\u00e9s lehets\u00e9ges eszk\u00f6zek\u00e9nt tekint.<\/p>\n<p class=\"leiras-gr\">2016-ban, 2017-ben \u00e9s 2019-ben elnyerte a P\u00e9csi J\u00f3zsef Fotogr\u00e1fiai \u00d6szt\u00f6nd\u00edjat. Munk\u00e1it sz\u00e1mos gal\u00e9ri\u00e1ban \u00e9s fesztiv\u00e1lon mutatt\u00e1k be, t\u00f6bbek k\u00f6z\u00f6tt a Saatchi Gal\u00e9ria, a Ludwig M\u00fazeum, a Dubai Design Days, a Vienna Photobook Fair, a Backlight Photo Festival \u00e9s a Budapest Art Market-en. Fot\u00f3sorozatai sz\u00e1mos magazinban jelentek meg, mint p\u00e9ld\u00e1ul a <em>Wallpaper Magazine,<\/em> a <em>The Room Magazine,<\/em> az <em>IGNANT,<\/em> a <em>Self Publish Be Happy,<\/em> a <em>Thisispaper,<\/em> a <em>Waterfall Magazine<\/em> \u00e9s a <em>Der Greif.<\/em><\/p>\n[\/vc_column_text][\/vc_column][\/vc_row][vc_row type=&#8221;full_width_background&#8221; full_screen_row_position=&#8221;middle&#8221; column_margin=&#8221;default&#8221; column_direction=&#8221;default&#8221; column_direction_tablet=&#8221;default&#8221; column_direction_phone=&#8221;default&#8221; scene_position=&#8221;center&#8221; text_color=&#8221;dark&#8221; text_align=&#8221;left&#8221; row_border_radius=&#8221;none&#8221; row_border_radius_applies=&#8221;bg&#8221; class=&#8221;p-8-0&#8243; overlay_strength=&#8221;0.3&#8243; gradient_direction=&#8221;left_to_right&#8221; shape_divider_position=&#8221;bottom&#8221; bg_image_animation=&#8221;none&#8221; shape_type=&#8221;&#8221;][vc_column column_padding=&#8221;no-extra-padding&#8221; column_padding_tablet=&#8221;inherit&#8221; column_padding_phone=&#8221;inherit&#8221; column_padding_position=&#8221;right&#8221; background_color_opacity=&#8221;1&#8243; background_hover_color_opacity=&#8221;1&#8243; column_shadow=&#8221;none&#8221; column_border_radius=&#8221;none&#8221; column_link_target=&#8221;_self&#8221; gradient_direction=&#8221;left_to_right&#8221; overlay_strength=&#8221;0.3&#8243; width=&#8221;1\/1&#8243; tablet_width_inherit=&#8221;default&#8221; tablet_text_alignment=&#8221;default&#8221; phone_text_alignment=&#8221;default&#8221; column_border_width=&#8221;none&#8221; column_border_style=&#8221;solid&#8221; bg_image_animation=&#8221;none&#8221;][vc_column_text]    <video-js id=\"videojs69ff131ab5943\" class=\"vjs-big-play-centered\" controls preload=\"auto\" autoplay loop poster=\"https:\/\/balkon.art\/home\/ba-app\/uploads\/video\/burning.m4v.jpg\" playsinline data-setup='{\"fluid\": true}'>\r\n        <source src=\"https:\/\/balkon.art\/home\/ba-app\/uploads\/video\/burning.m4v\" type=\"video\/mp4\" \/>\r\n    <\/video-js>\r\n           [\/vc_column_text][vc_column_text]\n<p class=\"kepalir-1r\">Bene Tam\u00e1s, M\u00e1t\u00e9 Bal\u00e1zs: <em>\u00c9GET\u00c9S,<\/em> 00:00:11, loop<\/p>\n[\/vc_column_text][\/vc_column][\/vc_row][vc_row type=&#8221;full_width_content&#8221; full_screen_row_position=&#8221;middle&#8221; column_margin=&#8221;default&#8221; column_direction=&#8221;default&#8221; column_direction_tablet=&#8221;default&#8221; column_direction_phone=&#8221;default&#8221; scene_position=&#8221;center&#8221; text_color=&#8221;dark&#8221; text_align=&#8221;center&#8221; row_border_radius=&#8221;none&#8221; row_border_radius_applies=&#8221;bg&#8221; overlay_strength=&#8221;0.3&#8243; gradient_direction=&#8221;left_to_right&#8221; shape_divider_position=&#8221;bottom&#8221; bg_image_animation=&#8221;none&#8221; shape_type=&#8221;&#8221;][vc_column column_padding=&#8221;no-extra-padding&#8221; column_padding_tablet=&#8221;inherit&#8221; column_padding_phone=&#8221;inherit&#8221; column_padding_position=&#8221;all&#8221; centered_text=&#8221;true&#8221; background_color_opacity=&#8221;1&#8243; background_hover_color_opacity=&#8221;1&#8243; column_shadow=&#8221;none&#8221; column_border_radius=&#8221;none&#8221; column_link_target=&#8221;_self&#8221; el_class=&#8221;p-3-4&#8243; gradient_direction=&#8221;left_to_right&#8221; overlay_strength=&#8221;0.3&#8243; width=&#8221;1\/1&#8243; tablet_width_inherit=&#8221;default&#8221; tablet_text_alignment=&#8221;default&#8221; phone_text_alignment=&#8221;default&#8221; column_border_width=&#8221;none&#8221; column_border_style=&#8221;solid&#8221; bg_image_animation=&#8221;none&#8221;]<div class=\"sharing-default-minimal\"><div class=\"nectar-social default\" data-position=\"left\" data-color-override=\"override\"><div class=\"nectar-social-inner\"><a class='facebook-share nectar-sharing' href='#' title='Share this'>  <i class='fa fa-facebook'><\/i> <span class='social-text'>Share<\/span> <\/a><a class='twitter-share nectar-sharing' href='#' title='Share this'> <i class='fa icon-salient-x-twitter'><\/i> <span class='social-text'>Share<\/span> <\/a><a class='pinterest-share nectar-sharing' href='#' title='Pin this'> <i class='fa fa-pinterest'><\/i> <span class='social-text'>Pin<\/span> <\/a><\/div><\/div><\/div>[\/vc_column][\/vc_row]\n","protected":false},"excerpt":{"rendered":"<p>[vc_row type=&#8221;full_width_background&#8221; full_screen_row_position=&#8221;middle&#8221; column_margin=&#8221;default&#8221; column_direction=&#8221;default&#8221; column_direction_tablet=&#8221;default&#8221; column_direction_phone=&#8221;default&#8221; scene_position=&#8221;center&#8221; text_color=&#8221;dark&#8221; text_align=&#8221;left&#8221; row_border_radius=&#8221;none&#8221; row_border_radius_applies=&#8221;bg&#8221; class=&#8221;p-8-0&#8243; overlay_strength=&#8221;0.3&#8243; gradient_direction=&#8221;left_to_right&#8221; shape_divider_position=&#8221;bottom&#8221; bg_image_animation=&#8221;none&#8221; shape_type=&#8221;&#8221;][vc_column column_padding=&#8221;no-extra-padding&#8221; column_padding_tablet=&#8221;inherit&#8221; column_padding_phone=&#8221;inherit&#8221; column_padding_position=&#8221;right&#8221; background_color_opacity=&#8221;1&#8243; background_hover_color_opacity=&#8221;1&#8243; column_shadow=&#8221;none&#8221; column_border_radius=&#8221;none&#8221; column_link_target=&#8221;_self&#8221; gradient_direction=&#8221;left_to_right&#8221; overlay_strength=&#8221;0.3&#8243; width=&#8221;1\/1&#8243;&#8230;<\/p>\n","protected":false},"author":1,"featured_media":25067,"parent":22893,"menu_order":97,"comment_status":"closed","ping_status":"closed","template":"","meta":{"_acf_changed":false,"h5ap_radio_sources":[],"footnotes":""},"page_kiemeles":[],"page_online-evek":[],"class_list":["post-25049","page","type-page","status-publish","has-post-thumbnail"],"acf":[],"_links":{"self":[{"href":"https:\/\/balkon.art\/home\/wp-json\/wp\/v2\/pages\/25049","targetHints":{"allow":["GET"]}}],"collection":[{"href":"https:\/\/balkon.art\/home\/wp-json\/wp\/v2\/pages"}],"about":[{"href":"https:\/\/balkon.art\/home\/wp-json\/wp\/v2\/types\/page"}],"author":[{"embeddable":true,"href":"https:\/\/balkon.art\/home\/wp-json\/wp\/v2\/users\/1"}],"replies":[{"embeddable":true,"href":"https:\/\/balkon.art\/home\/wp-json\/wp\/v2\/comments?post=25049"}],"version-history":[{"count":0,"href":"https:\/\/balkon.art\/home\/wp-json\/wp\/v2\/pages\/25049\/revisions"}],"up":[{"embeddable":true,"href":"https:\/\/balkon.art\/home\/wp-json\/wp\/v2\/pages\/22893"}],"wp:featuredmedia":[{"embeddable":true,"href":"https:\/\/balkon.art\/home\/wp-json\/wp\/v2\/media\/25067"}],"wp:attachment":[{"href":"https:\/\/balkon.art\/home\/wp-json\/wp\/v2\/media?parent=25049"}],"wp:term":[{"taxonomy":"page_kiemeles","embeddable":true,"href":"https:\/\/balkon.art\/home\/wp-json\/wp\/v2\/page_kiemeles?post=25049"},{"taxonomy":"page_online-evek","embeddable":true,"href":"https:\/\/balkon.art\/home\/wp-json\/wp\/v2\/page_online-evek?post=25049"}],"curies":[{"name":"wp","href":"https:\/\/api.w.org\/{rel}","templated":true}]}}