{"id":16300,"date":"2019-04-02T00:00:28","date_gmt":"2019-04-01T22:00:28","guid":{"rendered":"https:\/\/balkon.art\/home\/?page_id=16300"},"modified":"2020-05-10T10:09:04","modified_gmt":"2020-05-10T08:09:04","slug":"1971-parhuzamos-kulonidok-terracs","status":"publish","type":"page","link":"https:\/\/balkon.art\/home\/online-2019\/1971-parhuzamos-kulonidok-terracs\/","title":{"rendered":"1971 P\u00e1rhuzamos k\u00fcl\u00f6nid\u0151k | T\u00e9rr\u00e1cs"},"content":{"rendered":"[vc_row type=&#8221;in_container&#8221; full_screen_row_position=&#8221;middle&#8221; column_margin=&#8221;default&#8221; scene_position=&#8221;center&#8221; text_color=&#8221;dark&#8221; text_align=&#8221;left&#8221; overlay_strength=&#8221;0.3&#8243; shape_divider_position=&#8221;bottom&#8221; bg_image_animation=&#8221;none&#8221;][vc_column column_padding=&#8221;no-extra-padding&#8221; column_padding_position=&#8221;top-bottom&#8221; background_color_opacity=&#8221;1&#8243; background_hover_color_opacity=&#8221;1&#8243; column_link_target=&#8221;_self&#8221; column_shadow=&#8221;none&#8221; column_border_radius=&#8221;none&#8221; el_class=&#8221;p-cont-4-4&#8243; width=&#8221;1\/1&#8243; tablet_width_inherit=&#8221;default&#8221; tablet_text_alignment=&#8221;default&#8221; phone_text_alignment=&#8221;default&#8221; overlay_strength=&#8221;0.3&#8243; column_border_width=&#8221;none&#8221; column_border_style=&#8221;solid&#8221; bg_image_animation=&#8221;none&#8221;][vc_column_text]\n<h2>T\u00c9RR\u00c1CS<\/h2>\n<h3>Korniss Dezs\u0151 \/ Kasz\u00e1s Tam\u00e1s, 1961\u20131962 \u2013 2018, install\u00e1ci\u00f3<\/h3>\n[\/vc_column_text][vc_column_text el_class=&#8221;p-2-0&#8243;]\n<h4>BTM Kiscelli M\u00fazeum \u2013 F\u0151v\u00e1rosi K\u00e9pt\u00e1r | bels\u0151 udvar<br \/>\n2018. okt\u00f3ber 13 \u2013 2019. m\u00e1rcius 24.<\/h4>\n[\/vc_column_text][\/vc_column][\/vc_row][vc_row type=&#8221;full_width_content&#8221; full_screen_row_position=&#8221;middle&#8221; column_margin=&#8221;default&#8221; scene_position=&#8221;center&#8221; text_color=&#8221;dark&#8221; text_align=&#8221;left&#8221; class=&#8221;full-5-40&#8243; overlay_strength=&#8221;0.3&#8243; shape_divider_position=&#8221;bottom&#8221; bg_image_animation=&#8221;none&#8221; shape_type=&#8221;&#8221;][vc_column column_padding=&#8221;no-extra-padding&#8221; column_padding_position=&#8221;left&#8221; background_color_opacity=&#8221;1&#8243; background_hover_color_opacity=&#8221;1&#8243; column_link_target=&#8221;_self&#8221; column_shadow=&#8221;none&#8221; column_border_radius=&#8221;none&#8221; width=&#8221;1\/1&#8243; tablet_width_inherit=&#8221;default&#8221; tablet_text_alignment=&#8221;default&#8221; phone_text_alignment=&#8221;default&#8221; overlay_strength=&#8221;0.3&#8243; column_border_width=&#8221;none&#8221; column_border_style=&#8221;solid&#8221; bg_image_animation=&#8221;none&#8221;][image_with_animation image_url=&#8221;16319&#8243; alignment=&#8221;center&#8221; animation=&#8221;Fade In&#8221; img_link_large=&#8221;yes&#8221; hover_animation=&#8221;none&#8221; border_radius=&#8221;none&#8221; box_shadow=&#8221;none&#8221; image_loading=&#8221;default&#8221; max_width=&#8221;100%&#8221; max_width_mobile=&#8221;default&#8221; el_class=&#8221;full-img&#8221;][vc_column_text]\n<p class=\"kepalir-r-0-15\">Korniss Dezs\u0151: <em>T\u00e9rr\u00e1cs (Elk\u00e9pzel\u00e9s),<\/em> 1971, ceruza, millim\u00e9terpap\u00edr, Beke L\u00e1szl\u00f3 gy\u0171jtem\u00e9nye<\/p>\n[\/vc_column_text][divider line_type=&#8221;No Line&#8221; custom_height=&#8221;80&#8243;][\/vc_column][\/vc_row][vc_row type=&#8221;full_width_content&#8221; full_screen_row_position=&#8221;middle&#8221; column_margin=&#8221;default&#8221; scene_position=&#8221;center&#8221; text_color=&#8221;dark&#8221; text_align=&#8221;left&#8221; overlay_strength=&#8221;0.3&#8243; shape_divider_position=&#8221;bottom&#8221; bg_image_animation=&#8221;none&#8221; shape_type=&#8221;&#8221;][vc_column column_padding=&#8221;no-extra-padding&#8221; column_padding_position=&#8221;left&#8221; background_color_opacity=&#8221;1&#8243; background_hover_color_opacity=&#8221;1&#8243; column_link_target=&#8221;_self&#8221; column_shadow=&#8221;none&#8221; column_border_radius=&#8221;none&#8221; width=&#8221;1\/1&#8243; tablet_width_inherit=&#8221;default&#8221; tablet_text_alignment=&#8221;default&#8221; phone_text_alignment=&#8221;default&#8221; overlay_strength=&#8221;0.3&#8243; column_border_width=&#8221;none&#8221; column_border_style=&#8221;solid&#8221; bg_image_animation=&#8221;none&#8221;][image_with_animation image_url=&#8221;16368&#8243; alignment=&#8221;center&#8221; animation=&#8221;Fade In&#8221; img_link_large=&#8221;yes&#8221; hover_animation=&#8221;none&#8221; border_radius=&#8221;none&#8221; box_shadow=&#8221;none&#8221; image_loading=&#8221;default&#8221; max_width=&#8221;100%&#8221; max_width_mobile=&#8221;default&#8221; el_class=&#8221;full-img&#8221;][\/vc_column][\/vc_row][vc_row type=&#8221;full_width_content&#8221; full_screen_row_position=&#8221;middle&#8221; column_margin=&#8221;default&#8221; scene_position=&#8221;center&#8221; text_color=&#8221;dark&#8221; text_align=&#8221;left&#8221; class=&#8221;full-5-40&#8243; overlay_strength=&#8221;0.3&#8243; shape_divider_position=&#8221;bottom&#8221; bg_image_animation=&#8221;none&#8221; shape_type=&#8221;&#8221;][vc_column column_padding=&#8221;no-extra-padding&#8221; column_padding_position=&#8221;left&#8221; background_color_opacity=&#8221;1&#8243; background_hover_color_opacity=&#8221;1&#8243; column_link_target=&#8221;_self&#8221; column_shadow=&#8221;none&#8221; column_border_radius=&#8221;none&#8221; width=&#8221;1\/1&#8243; tablet_width_inherit=&#8221;default&#8221; tablet_text_alignment=&#8221;default&#8221; phone_text_alignment=&#8221;default&#8221; overlay_strength=&#8221;0.3&#8243; column_border_width=&#8221;none&#8221; column_border_style=&#8221;solid&#8221; bg_image_animation=&#8221;none&#8221;][divider line_type=&#8221;No Line&#8221; custom_height=&#8221;100&#8243;][image_with_animation image_url=&#8221;16317&#8243; alignment=&#8221;center&#8221; animation=&#8221;Fade In&#8221; img_link_large=&#8221;yes&#8221; hover_animation=&#8221;none&#8221; border_radius=&#8221;none&#8221; box_shadow=&#8221;none&#8221; image_loading=&#8221;default&#8221; max_width=&#8221;100%&#8221; max_width_mobile=&#8221;default&#8221; el_class=&#8221;full-img&#8221;][vc_column_text]\n<p class=\"kepalir-r-0-15\">Kasz\u00e1s Tam\u00e1s: <em>T\u00e9rr\u00e1cs,<\/em> 2018, digit\u00e1lis grafika<\/p>\n[\/vc_column_text][\/vc_column][\/vc_row][vc_row type=&#8221;full_width_content&#8221; full_screen_row_position=&#8221;middle&#8221; column_margin=&#8221;default&#8221; scene_position=&#8221;center&#8221; text_color=&#8221;dark&#8221; text_align=&#8221;left&#8221; overlay_strength=&#8221;0.3&#8243; shape_divider_position=&#8221;bottom&#8221; bg_image_animation=&#8221;none&#8221; shape_type=&#8221;&#8221;][vc_column column_padding=&#8221;no-extra-padding&#8221; column_padding_position=&#8221;left&#8221; background_color_opacity=&#8221;1&#8243; background_hover_color_opacity=&#8221;1&#8243; column_link_target=&#8221;_self&#8221; column_shadow=&#8221;none&#8221; column_border_radius=&#8221;none&#8221; width=&#8221;1\/1&#8243; tablet_width_inherit=&#8221;default&#8221; tablet_text_alignment=&#8221;default&#8221; phone_text_alignment=&#8221;default&#8221; overlay_strength=&#8221;0.3&#8243; column_border_width=&#8221;none&#8221; column_border_style=&#8221;solid&#8221; bg_image_animation=&#8221;none&#8221;][divider line_type=&#8221;No Line&#8221; custom_height=&#8221;80&#8243;][image_with_animation image_url=&#8221;16899&#8243; alignment=&#8221;center&#8221; animation=&#8221;Fade In&#8221; img_link_large=&#8221;yes&#8221; hover_animation=&#8221;none&#8221; border_radius=&#8221;none&#8221; box_shadow=&#8221;none&#8221; image_loading=&#8221;default&#8221; max_width=&#8221;100%&#8221; max_width_mobile=&#8221;default&#8221; el_class=&#8221;full-img&#8221;][\/vc_column][\/vc_row][vc_row type=&#8221;in_container&#8221; full_screen_row_position=&#8221;middle&#8221; column_margin=&#8221;default&#8221; scene_position=&#8221;center&#8221; text_color=&#8221;dark&#8221; text_align=&#8221;left&#8221; overlay_strength=&#8221;0.3&#8243; shape_divider_position=&#8221;bottom&#8221; bg_image_animation=&#8221;none&#8221;][vc_column column_padding=&#8221;no-extra-padding&#8221; column_padding_position=&#8221;all&#8221; background_color_opacity=&#8221;1&#8243; background_hover_color_opacity=&#8221;1&#8243; column_link_target=&#8221;_self&#8221; column_shadow=&#8221;none&#8221; column_border_radius=&#8221;none&#8221; width=&#8221;1\/1&#8243; tablet_width_inherit=&#8221;default&#8221; tablet_text_alignment=&#8221;default&#8221; phone_text_alignment=&#8221;default&#8221; overlay_strength=&#8221;0.3&#8243; column_border_width=&#8221;none&#8221; column_border_style=&#8221;solid&#8221; bg_image_animation=&#8221;none&#8221;][divider line_type=&#8221;No Line&#8221; custom_height=&#8221;100&#8243;][vc_column_text]\n<h4 class=\"pdf-w-0\" style=\"text-align: center;\"><a href=\"https:\/\/drive.google.com\/file\/d\/1rSOvSZOGj0WtgnvFDfa7CKSR98RvpzB-\/view?usp=sharing\" target=\"_blank\" rel=\"noopener noreferrer\">T\u00c9RR\u00c1CS<\/a><\/h4>\n[\/vc_column_text][\/vc_column][\/vc_row][vc_row type=&#8221;full_width_content&#8221; full_screen_row_position=&#8221;middle&#8221; column_margin=&#8221;default&#8221; scene_position=&#8221;center&#8221; text_color=&#8221;dark&#8221; text_align=&#8221;left&#8221; overlay_strength=&#8221;0.3&#8243; shape_divider_position=&#8221;bottom&#8221; bg_image_animation=&#8221;none&#8221; shape_type=&#8221;&#8221;][vc_column column_padding=&#8221;no-extra-padding&#8221; column_padding_position=&#8221;left&#8221; background_color_opacity=&#8221;1&#8243; background_hover_color_opacity=&#8221;1&#8243; column_link_target=&#8221;_self&#8221; column_shadow=&#8221;none&#8221; column_border_radius=&#8221;none&#8221; width=&#8221;1\/1&#8243; tablet_width_inherit=&#8221;default&#8221; tablet_text_alignment=&#8221;default&#8221; phone_text_alignment=&#8221;default&#8221; overlay_strength=&#8221;0.3&#8243; column_border_width=&#8221;none&#8221; column_border_style=&#8221;solid&#8221; bg_image_animation=&#8221;none&#8221;][divider line_type=&#8221;No Line&#8221; custom_height=&#8221;80&#8243;][image_with_animation image_url=&#8221;16309&#8243; alignment=&#8221;center&#8221; animation=&#8221;Fade In&#8221; img_link_large=&#8221;yes&#8221; hover_animation=&#8221;none&#8221; border_radius=&#8221;none&#8221; box_shadow=&#8221;none&#8221; image_loading=&#8221;default&#8221; max_width=&#8221;100%&#8221; max_width_mobile=&#8221;default&#8221; el_class=&#8221;full-img&#8221;][\/vc_column][\/vc_row][vc_row type=&#8221;full_width_content&#8221; full_screen_row_position=&#8221;middle&#8221; column_margin=&#8221;default&#8221; scene_position=&#8221;center&#8221; text_color=&#8221;dark&#8221; text_align=&#8221;left&#8221; overlay_strength=&#8221;0.3&#8243; shape_divider_position=&#8221;bottom&#8221; bg_image_animation=&#8221;none&#8221; shape_type=&#8221;&#8221;][vc_column column_padding=&#8221;no-extra-padding&#8221; column_padding_position=&#8221;left&#8221; background_color_opacity=&#8221;1&#8243; background_hover_color_opacity=&#8221;1&#8243; column_link_target=&#8221;_self&#8221; column_shadow=&#8221;none&#8221; column_border_radius=&#8221;none&#8221; width=&#8221;1\/1&#8243; tablet_width_inherit=&#8221;default&#8221; tablet_text_alignment=&#8221;default&#8221; phone_text_alignment=&#8221;default&#8221; overlay_strength=&#8221;0.3&#8243; column_border_width=&#8221;none&#8221; column_border_style=&#8221;solid&#8221; bg_image_animation=&#8221;none&#8221;][divider line_type=&#8221;No Line&#8221; custom_height=&#8221;80&#8243;][image_with_animation image_url=&#8221;16342&#8243; alignment=&#8221;center&#8221; animation=&#8221;Fade In&#8221; img_link_large=&#8221;yes&#8221; hover_animation=&#8221;none&#8221; border_radius=&#8221;none&#8221; box_shadow=&#8221;none&#8221; image_loading=&#8221;default&#8221; max_width=&#8221;100%&#8221; max_width_mobile=&#8221;default&#8221; el_class=&#8221;full-img&#8221;][vc_column_text]\n<p class=\"kepalir-1r-full\">\u00a9 Fot\u00f3k: Eln Ferenc<\/p>\n[\/vc_column_text][divider line_type=&#8221;No Line&#8221; custom_height=&#8221;80&#8243;][\/vc_column][\/vc_row][vc_row type=&#8221;in_container&#8221; full_screen_row_position=&#8221;middle&#8221; column_margin=&#8221;default&#8221; scene_position=&#8221;center&#8221; text_color=&#8221;dark&#8221; text_align=&#8221;center&#8221; class=&#8221;cont-20-0&#8243; overlay_strength=&#8221;0.3&#8243; shape_divider_position=&#8221;bottom&#8221; bg_image_animation=&#8221;none&#8221; shape_type=&#8221;&#8221;][vc_column column_padding=&#8221;no-extra-padding&#8221; column_padding_position=&#8221;left-right&#8221; background_color_opacity=&#8221;1&#8243; background_hover_color_opacity=&#8221;1&#8243; column_link_target=&#8221;_self&#8221; column_shadow=&#8221;none&#8221; column_border_radius=&#8221;none&#8221; width=&#8221;1\/1&#8243; tablet_width_inherit=&#8221;default&#8221; tablet_text_alignment=&#8221;default&#8221; phone_text_alignment=&#8221;default&#8221; overlay_strength=&#8221;0.3&#8243; column_border_width=&#8221;none&#8221; column_border_style=&#8221;solid&#8221; bg_image_animation=&#8221;none&#8221;][divider line_type=&#8221;No Line&#8221; custom_height=&#8221;100&#8243;][vc_column_text]<div class=\"pt-cv-wrapper\"><div class=\"pt-cv-view pt-cv-grid pt-cv-colsys\" id=\"pt-cv-view-427f779u4t\"><div data-id=\"pt-cv-page-1\" class=\"pt-cv-page\" data-cvc=\"4\"><div class=\"col-md-3 col-sm-6 col-xs-6 pt-cv-content-item pt-cv-1-col\"  data-pid=\"16277\"><div class='pt-cv-ifield'><a href=\"https:\/\/balkon.art\/home\/online-2019\/1971-parhuzamos-kulonidok-muzeum\/\" class=\"_self pt-cv-href-thumbnail pt-cv-thumb-default cvplbd\" target=\"_self\" ><img loading=\"lazy\" decoding=\"async\" width=\"600\" height=\"403\" src=\"https:\/\/balkon.art\/home\/ba-app\/uploads\/2019\/04\/balkon-1971-parhuzamos-kulonidok-muzeum-fb-600x403.jpg\" class=\"pt-cv-thumbnail img-none\" alt=\"1971 P\u00e1rhuzamos k\u00fcl\u00f6nid\u0151k | M\u00fazeum\" srcset=\"https:\/\/balkon.art\/home\/ba-app\/uploads\/2019\/04\/balkon-1971-parhuzamos-kulonidok-muzeum-fb-600x403.jpg 600w, https:\/\/balkon.art\/home\/ba-app\/uploads\/2019\/04\/balkon-1971-parhuzamos-kulonidok-muzeum-fb-900x604.jpg 900w, https:\/\/balkon.art\/home\/ba-app\/uploads\/2019\/04\/balkon-1971-parhuzamos-kulonidok-muzeum-fb-400x269.jpg 400w\" sizes=\"auto, (max-width: 600px) 100vw, 600px\" \/><\/a><\/div><\/div>\n<div class=\"col-md-3 col-sm-6 col-xs-6 pt-cv-content-item pt-cv-1-col\"  data-pid=\"16359\"><div class='pt-cv-ifield'><a href=\"https:\/\/balkon.art\/home\/online-2019\/1971-parhuzamos-kulonidok-mufajok-kozott-kontextus-visszatekintes\/\" class=\"_self pt-cv-href-thumbnail pt-cv-thumb-default cvplbd\" target=\"_self\" ><img loading=\"lazy\" decoding=\"async\" width=\"600\" height=\"403\" src=\"https:\/\/balkon.art\/home\/ba-app\/uploads\/2019\/04\/balkon-parhuzamos-kulonidok-kmv-fb-2-600x403.jpg\" class=\"pt-cv-thumbnail img-none\" alt=\"1971 P\u00e1rhuzamos k\u00fcl\u00f6nid\u0151k | M\u0171fajok k\u00f6z\u00f6tt, Kontextus, Visszatekint\u00e9s\" srcset=\"https:\/\/balkon.art\/home\/ba-app\/uploads\/2019\/04\/balkon-parhuzamos-kulonidok-kmv-fb-2-600x403.jpg 600w, https:\/\/balkon.art\/home\/ba-app\/uploads\/2019\/04\/balkon-parhuzamos-kulonidok-kmv-fb-2-900x604.jpg 900w, https:\/\/balkon.art\/home\/ba-app\/uploads\/2019\/04\/balkon-parhuzamos-kulonidok-kmv-fb-2-400x269.jpg 400w\" sizes=\"auto, (max-width: 600px) 100vw, 600px\" \/><\/a><\/div><\/div>\n<div class=\"col-md-3 col-sm-6 col-xs-6 pt-cv-content-item pt-cv-1-col\"  data-pid=\"16983\"><div class='pt-cv-ifield'><a href=\"https:\/\/balkon.art\/home\/online-2019\/1971-parhuzamos-kulonidok-elkepzelesek\/\" class=\"_self pt-cv-href-thumbnail pt-cv-thumb-default cvplbd\" target=\"_self\" ><img loading=\"lazy\" decoding=\"async\" width=\"600\" height=\"403\" src=\"https:\/\/balkon.art\/home\/ba-app\/uploads\/2019\/04\/balkon-1971-parhuzamos-kulonidok-elkepzelesek-fb-600x403.jpg\" class=\"pt-cv-thumbnail img-none\" alt=\"1971 P\u00e1rhuzamos k\u00fcl\u00f6nid\u0151k | Elk\u00e9pzel\u00e9sek\" srcset=\"https:\/\/balkon.art\/home\/ba-app\/uploads\/2019\/04\/balkon-1971-parhuzamos-kulonidok-elkepzelesek-fb-600x403.jpg 600w, https:\/\/balkon.art\/home\/ba-app\/uploads\/2019\/04\/balkon-1971-parhuzamos-kulonidok-elkepzelesek-fb-900x604.jpg 900w, https:\/\/balkon.art\/home\/ba-app\/uploads\/2019\/04\/balkon-1971-parhuzamos-kulonidok-elkepzelesek-fb-400x269.jpg 400w\" sizes=\"auto, (max-width: 600px) 100vw, 600px\" \/><\/a><\/div><\/div>\n<div class=\"col-md-3 col-sm-6 col-xs-6 pt-cv-content-item pt-cv-1-col\"  data-pid=\"16300\"><div class='pt-cv-ifield'><a href=\"https:\/\/balkon.art\/home\/online-2019\/1971-parhuzamos-kulonidok-terracs\/\" class=\"_self pt-cv-href-thumbnail pt-cv-thumb-default cvplbd\" target=\"_self\" ><img loading=\"lazy\" decoding=\"async\" width=\"600\" height=\"403\" src=\"https:\/\/balkon.art\/home\/ba-app\/uploads\/2019\/04\/balkon-kulonidok-terracs-fb-1-600x403.jpg\" class=\"pt-cv-thumbnail img-none\" alt=\"1971 P\u00e1rhuzamos k\u00fcl\u00f6nid\u0151k | T\u00e9rr\u00e1cs\" srcset=\"https:\/\/balkon.art\/home\/ba-app\/uploads\/2019\/04\/balkon-kulonidok-terracs-fb-1-600x403.jpg 600w, https:\/\/balkon.art\/home\/ba-app\/uploads\/2019\/04\/balkon-kulonidok-terracs-fb-1-900x604.jpg 900w, https:\/\/balkon.art\/home\/ba-app\/uploads\/2019\/04\/balkon-kulonidok-terracs-fb-1-400x269.jpg 400w\" sizes=\"auto, (max-width: 600px) 100vw, 600px\" \/><\/a><\/div><\/div><\/div><\/div><\/div>\t\t\t<style type=\"text\/css\" id=\"pt-cv-inline-style-34cf99azxs\">#pt-cv-view-427f779u4t .pt-cv-ifield { padding-bottom: 20px !important; }\n#pt-cv-view-427f779u4t .pt-cv-title a, #pt-cv-view-427f779u4t  .panel-title { font-weight: 600 !important; }\n#pt-cv-view-427f779u4t .pt-cv-readmore  { color: #ffffff !important; background-color: #00aeef !important; }\n#pt-cv-view-427f779u4t .pt-cv-readmore:hover  { color: #ffffff !important; background-color: #00aeef !important; }<\/style>\r\n\t\t\t[\/vc_column_text][divider line_type=&#8221;No Line&#8221; custom_height=&#8221;60&#8243;][nectar_icon icon_family=&#8221;fontawesome&#8221; icon_style=&#8221;border-animation&#8221; icon_border_thickness=&#8221;1px&#8221; icon_color=&#8221;Accent-Color&#8221; icon_padding=&#8221;10px&#8221; icon_fontawesome=&#8221;fa fa-list&#8221; icon_size=&#8221;30&#8243; url=&#8221;https:\/\/balkon.art\/home\/online-2019\/1971-parhuzamos-kulonidok\/&#8221;][\/vc_column][\/vc_row][vc_row type=&#8221;full_width_content&#8221; full_screen_row_position=&#8221;middle&#8221; column_margin=&#8221;default&#8221; scene_position=&#8221;center&#8221; text_color=&#8221;dark&#8221; text_align=&#8221;center&#8221; overlay_strength=&#8221;0.3&#8243; shape_divider_position=&#8221;bottom&#8221; bg_image_animation=&#8221;none&#8221; shape_type=&#8221;&#8221;][vc_column column_padding=&#8221;no-extra-padding&#8221; column_padding_position=&#8221;all&#8221; background_color_opacity=&#8221;1&#8243; background_hover_color_opacity=&#8221;1&#8243; column_link_target=&#8221;_self&#8221; column_shadow=&#8221;none&#8221; column_border_radius=&#8221;none&#8221; el_class=&#8221;p-3-4&#8243; width=&#8221;1\/1&#8243; tablet_width_inherit=&#8221;default&#8221; tablet_text_alignment=&#8221;default&#8221; phone_text_alignment=&#8221;default&#8221; overlay_strength=&#8221;0.3&#8243; column_border_width=&#8221;none&#8221; column_border_style=&#8221;solid&#8221; bg_image_animation=&#8221;none&#8221;]<div class=\"sharing-default-minimal\"><div class=\"nectar-social default\" data-position=\"left\" data-color-override=\"override\"><div class=\"nectar-social-inner\"><a class='facebook-share nectar-sharing' href='#' title='Share this'>  <i class='fa fa-facebook'><\/i> <span class='social-text'>Share<\/span> <\/a><a class='twitter-share nectar-sharing' href='#' title='Share this'> <i class='fa icon-salient-x-twitter'><\/i> <span class='social-text'>Share<\/span> <\/a><a class='pinterest-share nectar-sharing' href='#' title='Pin this'> <i class='fa fa-pinterest'><\/i> <span class='social-text'>Pin<\/span> <\/a><\/div><\/div><\/div>[\/vc_column][\/vc_row]\n","protected":false},"excerpt":{"rendered":"<p>[vc_row type=&#8221;in_container&#8221; full_screen_row_position=&#8221;middle&#8221; column_margin=&#8221;default&#8221; scene_position=&#8221;center&#8221; text_color=&#8221;dark&#8221; text_align=&#8221;left&#8221; overlay_strength=&#8221;0.3&#8243; shape_divider_position=&#8221;bottom&#8221; bg_image_animation=&#8221;none&#8221;][vc_column column_padding=&#8221;no-extra-padding&#8221; column_padding_position=&#8221;top-bottom&#8221; background_color_opacity=&#8221;1&#8243; background_hover_color_opacity=&#8221;1&#8243; column_link_target=&#8221;_self&#8221; column_shadow=&#8221;none&#8221; column_border_radius=&#8221;none&#8221; el_class=&#8221;p-cont-4-4&#8243; width=&#8221;1\/1&#8243; tablet_width_inherit=&#8221;default&#8221; tablet_text_alignment=&#8221;default&#8221; phone_text_alignment=&#8221;default&#8221; overlay_strength=&#8221;0.3&#8243; column_border_width=&#8221;none&#8221; column_border_style=&#8221;solid&#8221; bg_image_animation=&#8221;none&#8221;][vc_column_text] T\u00c9RR\u00c1CS Korniss Dezs\u0151 \/&#8230;<\/p>\n","protected":false},"author":1,"featured_media":17012,"parent":15155,"menu_order":18,"comment_status":"closed","ping_status":"closed","template":"","meta":{"_acf_changed":false,"h5ap_radio_sources":[],"footnotes":""},"page_kiemeles":[],"page_online-evek":[],"class_list":["post-16300","page","type-page","status-publish","has-post-thumbnail"],"acf":[],"_links":{"self":[{"href":"https:\/\/balkon.art\/home\/wp-json\/wp\/v2\/pages\/16300","targetHints":{"allow":["GET"]}}],"collection":[{"href":"https:\/\/balkon.art\/home\/wp-json\/wp\/v2\/pages"}],"about":[{"href":"https:\/\/balkon.art\/home\/wp-json\/wp\/v2\/types\/page"}],"author":[{"embeddable":true,"href":"https:\/\/balkon.art\/home\/wp-json\/wp\/v2\/users\/1"}],"replies":[{"embeddable":true,"href":"https:\/\/balkon.art\/home\/wp-json\/wp\/v2\/comments?post=16300"}],"version-history":[{"count":0,"href":"https:\/\/balkon.art\/home\/wp-json\/wp\/v2\/pages\/16300\/revisions"}],"up":[{"embeddable":true,"href":"https:\/\/balkon.art\/home\/wp-json\/wp\/v2\/pages\/15155"}],"wp:featuredmedia":[{"embeddable":true,"href":"https:\/\/balkon.art\/home\/wp-json\/wp\/v2\/media\/17012"}],"wp:attachment":[{"href":"https:\/\/balkon.art\/home\/wp-json\/wp\/v2\/media?parent=16300"}],"wp:term":[{"taxonomy":"page_kiemeles","embeddable":true,"href":"https:\/\/balkon.art\/home\/wp-json\/wp\/v2\/page_kiemeles?post=16300"},{"taxonomy":"page_online-evek","embeddable":true,"href":"https:\/\/balkon.art\/home\/wp-json\/wp\/v2\/page_online-evek?post=16300"}],"curies":[{"name":"wp","href":"https:\/\/api.w.org\/{rel}","templated":true}]}}